{"id":7637,"date":"2011-05-11T20:14:11","date_gmt":"2011-05-11T18:14:11","guid":{"rendered":"http:\/\/www.denkfried.de\/wp\/?page_id=7637"},"modified":"2014-08-24T23:32:03","modified_gmt":"2014-08-24T21:32:03","slug":"kreisfreie-stadt-dresden","status":"publish","type":"page","link":"http:\/\/www.denkfried.de\/wp\/?page_id=7637","title":{"rendered":"Kreisfreie Stadt: DRESDEN"},"content":{"rendered":"<p>&nbsp;<\/p>\n<p>Verwaltungssitz: 01067 Dresden, Dr.-K\u00fclz-Ring 19<\/p>\n<p>*************************************************************<\/p>\n<p><a title=\"Dresden-Albertstadt (Sowj.FH)\" href=\"http:\/\/www.denkfried.de\/wp\/?page_id=7672\">(10.) Dresden &#8211; Albertstadt \/ Sowjetischer Garnisionsfriedhof<\/a><\/p>\n<p>gegr\u00fcndet 1945<\/p>\n<p>01099 Dresden, Kannenhenkelweg<br \/>\nAnzahl der Kriegstoten: \u00a01341 \u00a0davon 1235 Einzelgr\u00e4ber<\/p>\n<p>&#8212;&#8212;&#8212;&#8212;&#8212;&#8212;&#8212;&#8212;&#8212;&#8212;&#8212;&#8212;&#8212;&#8212;&#8212;&#8212;&#8212;&#8212;&#8212;&#8212;&#8212;&#8212;&#8212;&#8212;<\/p>\n<p><a title=\"Dresden-Albertstadt (Nordfriedhof)\" href=\"http:\/\/www.denkfried.de\/wp\/?page_id=7669\">(6.)Dresden &#8211; Albertstadt \/ Nordfriedhof<\/a><\/p>\n<p>gegr\u00fcndet 1901<\/p>\n<p>01099 Dresden, Kannenhenkelweg 1<br \/>\nAnzahl der Kriegstoten: \u00a01005 \u00a0 davon 572 Einzelgr\u00e4ber<\/p>\n<p>Nordfriedhof, Sowjetische Kriegsgr\u00e4ber (Zivil)<br \/>\nAnzahl der Kriegstoten: 493 \u00a0davon 10 Einzelgr\u00e4ber<\/p>\n<p>&#8212;&#8212;&#8212;&#8212;&#8212;&#8212;&#8212;&#8212;&#8212;&#8212;&#8212;&#8212;&#8212;&#8212;&#8212;&#8212;&#8212;&#8212;&#8212;&#8212;&#8212;&#8212;&#8212;&#8212;-<\/p>\n<p><span style=\"text-decoration: underline;\">Dresden &#8211; Briesnitz<\/span><\/p>\n<p>gegr\u00fcndet um 1273<\/p>\n<p><strong>Innerer Friedhof Briesnitz<\/strong>, Am Kirchberg, 01157 Dresden<br \/>\nAnzahl der Kriegstoten: 66 \u00a0davon in Einzelgr\u00e4ber 59<\/p>\n<p><strong>\u00c4u\u00dferer Friedhof<\/strong> Briesnitz, Merbitzer Str.6<\/p>\n<p>gegr\u00fcndet 1886<\/p>\n<p>&#8212;&#8212;&#8212;&#8212;&#8212;&#8212;&#8212;&#8212;&#8212;&#8212;&#8212;&#8212;&#8212;&#8212;&#8212;&#8212;&#8212;&#8212;&#8212;&#8212;&#8212;&#8212;&#8212;&#8212;-<\/p>\n<p><a title=\"Dresden \u2013 B\u00fchlau\" href=\"http:\/\/www.denkfried.de\/wp\/?page_id=11096\">(3.)Dresden &#8211; B\u00fchlau<\/a>\u00a0\u00a0 Ev.-Luth.Kirchgemeinde St.Michael Dresden-B\u00fchlau<\/p>\n<p>St.-Michaels-Kirche, Quohrener Stra\u00dfe 18. 01324 Dresden<\/p>\n<p>&#8212;&#8212;&#8212;&#8212;&#8212;&#8212;&#8212;&#8212;&#8212;&#8212;&#8212;&#8212;&#8212;&#8212;&#8212;&#8212;&#8212;&#8212;&#8212;&#8212;&#8212;&#8212;&#8212;&#8212;-<\/p>\n<p><a title=\"Dresden \u2013 Cossebaude\" href=\"http:\/\/www.denkfried.de\/wp\/?page_id=18380\">Dresden &#8211; Cossebaude \/ Bergfriedhof Cossebaude<\/a><\/p>\n<p>gegr\u00fcndet 1919<\/p>\n<p>01156 Dresden,Friedhofsweg<br \/>\nAnzahl der Kriegstoten: 29 \u00a0 \u00a0 \u00a0 davon 25 in Einzelgr\u00e4ber<\/p>\n<p>&#8212;&#8212;&#8212;&#8212;&#8212;&#8212;&#8212;&#8212;&#8212;&#8212;&#8212;&#8212;&#8212;&#8212;&#8212;&#8212;&#8212;&#8212;&#8212;&#8212;&#8212;&#8212;&#8212;&#8212;<\/p>\n<p><a title=\"Dresden-Friedrichstadt\" href=\"http:\/\/www.denkfried.de\/wp\/?page_id=7686\">Dresden-Friedrichstadt\u00a0\u00a0 <\/a><\/p>\n<p><strong>(1) \u00c4u\u00dfere Matth\u00e4usfriedhof<\/strong>, der ev.-luth.Matth\u00e4uskirchgemeinde Dresden-Friedrichstadt, Bremer Stra\u00dfe 18, \u00a001067 Dresden<br \/>\nAnzahl der Kriegstoten: \u00a0 644 \u00a0davon 226 sowj.Tote in 3 Sammelgr\u00e4bern<\/p>\n<p>&nbsp;<\/p>\n<p><strong>(2.)Innerer Matth\u00e4usfriedhof, Katholische Kirchhofsstiftung<br \/>\n<\/strong><\/p>\n<p>gegr\u00fcndet 1724<\/p>\n<p>01067 Dresden, Friedrichstra\u00dfe 43<br \/>\nAnzahl der Kriegstoten: 8 in Einzelgr\u00e4ber<\/p>\n<p>&#8212;&#8212;&#8212;&#8212;&#8212;&#8212;&#8212;&#8212;&#8212;&#8212;&#8212;&#8212;&#8212;&#8212;&#8212;&#8212;&#8212;&#8212;&#8212;&#8212;&#8212;&#8212;&#8212;&#8212;-<\/p>\n<p><span style=\"text-decoration: underline;\">Dresden &#8211; Friedrichstadt<\/span><\/p>\n<p><span style=\"text-decoration: underline;\">Neuer Katholischer Friedhof<\/span>, \u00a0 \u00a0\u00a0 auch <strong>\u00c4u\u00dferer Katholischer<\/strong> Friedhof<\/p>\n<p>01067 Dresden-Friedrichstadt, Bremer Stra\u00dfe 20<br \/>\nAnzahl der Kriegstoten: \u00a01.226 \u00a0davon 3 Einzelgr\u00e4ber \u00a0 (105 sowj.Tote)\u00a0 in 2 Sammelgr\u00e4bern<\/p>\n<p>&nbsp;<\/p>\n<p><span style=\"text-decoration: underline;\">Alter Katholischer Friedhof<\/span>,\u00a0 auch <strong>Innerer Katholischer<\/strong> Friedhof<\/p>\n<p>01067 Dresden-Friedrichstadt, Friedrichstra\u00dfe 54<br \/>\nAnzahl der Kriegstoten: \u00a0 36 \u00a0 davon 18 Einzelgr\u00e4ber<\/p>\n<p>&#8212;&#8212;&#8212;&#8212;&#8212;&#8212;&#8212;&#8212;&#8212;&#8212;&#8212;&#8212;&#8212;&#8212;&#8212;&#8212;&#8212;&#8212;&#8212;&#8212;&#8212;&#8212;&#8212;&#8212;-<\/p>\n<p><span style=\"text-decoration: underline;\">Dresden &#8211; Gorbitz<\/span><\/p>\n<p>gegr\u00fcndet 1905<\/p>\n<p><strong>Obergorbitzer Friedhof<\/strong>, R\u00e4destra\u00dfe 31, 01157 Dresden<br \/>\nAnzahl der Kriegstoten: 7<\/p>\n<p>&#8212;&#8212;&#8212;&#8212;&#8212;&#8212;&#8212;&#8212;&#8212;&#8212;&#8212;&#8212;&#8212;&#8212;&#8212;&#8212;&#8212;&#8212;&#8212;&#8212;&#8212;&#8212;&#8212;&#8212;-<\/p>\n<p><span style=\"text-decoration: underline;\">Dresden &#8211; Gorbitz<\/span> \/ Cottaer Friedhof<\/p>\n<p>gegr\u00fcndet 1897<\/p>\n<p>01157 Dresden,Gorbitzer Stra\u00dfe 4<br \/>\nAnzahl der Kriegstoten: 73 davon in Einzelgr\u00e4ber 51<\/p>\n<p>&#8212;&#8212;&#8212;&#8212;&#8212;&#8212;&#8212;&#8212;&#8212;&#8212;&#8212;&#8212;&#8212;&#8212;&#8212;&#8212;&#8212;&#8212;&#8212;&#8212;&#8212;&#8212;&#8212;&#8212;-<\/p>\n<p><a title=\"Dresden \u2013 Hosterwitz\" href=\"http:\/\/www.denkfried.de\/wp\/?page_id=11148\">(4.)01326 Dresden-Hosterwitz<\/a>\u00a0 Schifferkirche &#8222;Maria am Wasser &#8220;<\/p>\n<p>Friedhof Hosterwitz, Dresdner Stra\u00dfe,<br \/>\nAnzahl der Kriegstoten: 25 davon in Einzelgr\u00e4ber 3<\/p>\n<p>&#8212;&#8212;&#8212;&#8212;&#8212;&#8212;&#8212;&#8212;&#8212;&#8212;&#8212;&#8212;&#8212;&#8212;&#8212;&#8212;&#8212;&#8212;&#8212;&#8212;&#8212;&#8212;&#8212;&#8212;-<\/p>\n<p><span style=\"text-decoration: underline;\">Dresden &#8211; Johannstadt<\/span><\/p>\n<p>gegr\u00fcndet 1816<\/p>\n<p><strong>Trinitatisfriedhof<\/strong> Johannstadt, Fiedlerstr.1, 01307 Dresden<br \/>\nAnzahl der Kriegstoten: 48 in Einzelgr\u00e4ber<\/p>\n<p>&#8212;&#8212;&#8212;&#8212;&#8212;&#8212;&#8212;&#8212;&#8212;&#8212;&#8212;&#8212;&#8212;&#8212;&#8212;&#8212;&#8212;&#8212;&#8212;&#8212;&#8212;&#8212;&#8212;&#8212;-<\/p>\n<p>Neuer J\u00fcdischer Friedhof, \u00a001307 Dresden-Johannstadt<br \/>\nAnzahl der Kriegstoten: \u00a0 29 \u00a0davon 6 in Einzelgr\u00e4ber \u00a0 \u00a0(2 sowj.Tote)<\/p>\n<p>&#8212;&#8212;&#8212;&#8212;&#8212;&#8212;&#8212;&#8212;&#8212;&#8212;&#8212;&#8212;&#8212;&#8212;&#8212;&#8212;&#8212;&#8212;&#8212;&#8212;&#8212;&#8212;&#8212;&#8212;-<\/p>\n<p><span style=\"text-decoration: underline;\">Dresden &#8211; Kaditz<\/span><\/p>\n<p><strong>Kaditz- Kirchhof<\/strong>, Altkaditz\u00a0 gegr\u00fcndet um 1500<\/p>\n<p><strong>Kaditz 2. Friedhof<\/strong>, Serkowitzer Stra\u00dfe,\u00a0 gegr\u00fcndet 1862<\/p>\n<p><strong>Kaditz 3. Friedhof<\/strong>, Spitzhausstra\u00dfe 24, \u00a001130 Dresden<\/p>\n<p>gegr\u00fcndet 1878<br \/>\nAnzahl der Kriegstoten: \u00a024 \u00a0davon 11 Einzelgr\u00e4ber<\/p>\n<p>&#8212;&#8212;&#8212;&#8212;&#8212;&#8212;&#8212;&#8212;&#8212;&#8212;&#8212;&#8212;&#8212;&#8212;&#8212;&#8212;&#8212;&#8212;&#8212;&#8212;&#8212;&#8212;&#8212;&#8212;-<\/p>\n<p><a title=\"Dresden-Klotzsche\" href=\"http:\/\/www.denkfried.de\/wp\/?page_id=7702\">(5.)Dresden-Klotzsche \/ Ev.Friedhof<\/a>, Neuer und Alter Friedhof,<\/p>\n<p>01109 Dresden-Klotzsche<\/p>\n<p>&#8212;&#8212;&#8212;&#8212;&#8212;&#8212;&#8212;&#8212;&#8212;&#8212;&#8212;&#8212;&#8212;&#8212;&#8212;&#8212;&#8212;&#8212;&#8212;&#8212;&#8212;&#8212;&#8212;&#8212;-<\/p>\n<p><span style=\"text-decoration: underline;\">Dresden Langebr\u00fcck<\/span><\/p>\n<p>gegr\u00fcndet um 1288<\/p>\n<p>Friedhof Langebr\u00fcck, Kirchstra\u00dfe 44, \u00a001465 Langebr\u00fcck<br \/>\nAnzahl der Kriegstoten: \u00a0 5 \u00a0davon 2 Einzelgr\u00e4ber<\/p>\n<p>&#8212;&#8212;&#8212;&#8212;&#8212;&#8212;&#8212;&#8212;&#8212;&#8212;&#8212;&#8212;&#8212;&#8212;&#8212;&#8212;&#8212;&#8212;&#8212;&#8212;&#8212;&#8212;&#8212;&#8212;-<\/p>\n<p><span style=\"text-decoration: underline;\">Dresden &#8211; Leipziger Vorstadt<\/span><\/p>\n<p>gegr\u00fcndet 1732<\/p>\n<p><strong>Innerer Neust\u00e4dter Friedhof<\/strong>, Friedensstr.2, 01097 Dresden<br \/>\nAnzahl der Kriegstoten: \u00a029<\/p>\n<p>&#8212;&#8212;&#8212;&#8212;&#8212;&#8212;&#8212;&#8212;&#8212;&#8212;&#8212;&#8212;&#8212;&#8212;&#8212;&#8212;&#8212;&#8212;&#8212;&#8212;&#8212;&#8212;&#8212;&#8212;-<\/p>\n<p><span style=\"text-decoration: underline;\">Dresden- Leubnitz<\/span><\/p>\n<p>gegr\u00fcndet um 1288<\/p>\n<p>Friedhof Leubnitz-Neuostra, W.-Funke-Stra\u00dfe, 01219 Dresden<br \/>\nAnzahl der Kriegstoten: 4 \u00a0 davon in Einzelgr\u00e4ber 4<\/p>\n<p>&#8212;&#8212;&#8212;&#8212;&#8212;&#8212;&#8212;&#8212;&#8212;&#8212;&#8212;&#8212;&#8212;&#8212;&#8212;&#8212;&#8212;&#8212;&#8212;&#8212;&#8212;&#8212;&#8212;&#8212;-<\/p>\n<p><span style=\"text-decoration: underline;\">Dresden &#8211; Lockwitz<\/span><\/p>\n<p>gegr\u00fcndet 1757<\/p>\n<p>Friedhof Lockwitz, Maxener Stra\u00dfe, 01257 Dresden<br \/>\nAnzahl der Kriegstoten: 15<\/p>\n<p>&#8212;&#8212;&#8212;&#8212;&#8212;&#8212;&#8212;&#8212;&#8212;&#8212;&#8212;&#8212;&#8212;&#8212;&#8212;&#8212;&#8212;&#8212;&#8212;&#8212;&#8212;&#8212;&#8212;&#8212;<\/p>\n<p><span style=\"text-decoration: underline;\">Dresden &#8211; Loschwitz<\/span><\/p>\n<p>gegr\u00fcndet 1806<\/p>\n<p><strong>Friedhof Loschwitz<\/strong>, Pillnitzer Landstr.80, 01326 Dresden<br \/>\nAnzahl der Kriegstoten: 25 \u00a0davon 4 in Einzelgr\u00e4ber<\/p>\n<p><strong>Loschwitz &#8211; Kirchhof<\/strong>, Pillnitzer Landstra\u00dfe 9<\/p>\n<p>gegr\u00fcndet 1708<\/p>\n<p>&#8212;&#8212;&#8212;&#8212;&#8212;&#8212;&#8212;&#8212;&#8212;&#8212;&#8212;&#8212;&#8212;&#8212;&#8212;&#8212;&#8212;&#8212;&#8212;&#8212;&#8212;&#8212;&#8212;&#8212;&#8211;<\/p>\n<p><span style=\"text-decoration: underline;\">Dresden &#8211; Leuben<\/span><\/p>\n<p>gegr\u00fcndet 1675<\/p>\n<p><strong>Friedhof Leuben<\/strong>, Pirnaer Landstra\u00dfe 113, \u00a001257 Dresden-Leuben<br \/>\nAnzahl der Kriegstoten: \u00a016 \u00a0 davon 7 Einzelgr\u00e4ber<\/p>\n<p><strong>Kirchhof Leuben<\/strong>, Altleuben<\/p>\n<p>gegr\u00fcndet um 1362<\/p>\n<p>&#8212;&#8212;&#8212;&#8212;&#8212;&#8212;&#8212;&#8212;&#8212;&#8212;&#8212;&#8212;&#8212;&#8212;&#8212;&#8212;&#8212;&#8212;&#8212;&#8212;&#8212;&#8212;&#8212;&#8212;-<\/p>\n<p><span style=\"text-decoration: underline;\">Dresden &#8211; L\u00f6btau<\/span> \/ Neuer Annenfriedhof<\/p>\n<p>angelegt 1875,<\/p>\n<p>01159 Dresden-L\u00f6btau, Kesselsdorfer Str.29\/30<br \/>\nAnzahl der Kriegstoten: 689 dav.3 sowj.Toten \u00a0&#8211; Sammelgrab &#8211;<\/p>\n<p>&#8212;&#8212;&#8212;&#8212;&#8212;&#8212;&#8212;&#8212;&#8212;&#8212;&#8212;&#8212;&#8212;&#8212;&#8212;&#8212;&#8212;&#8212;&#8212;&#8212;&#8212;&#8212;&#8212;&#8212;&#8211;<\/p>\n<p><a title=\"Dresden \u2013 Neustadt\" href=\"http:\/\/www.denkfried.de\/wp\/?page_id=11086\">(13.)\u00a0 Dresden-Neustadt<\/a><\/p>\n<p>St.Pauli Friedhof, Leipziger\/Hecht Stra\u00dfe 78, \u00a001127 Dresden<br \/>\nAnzahl der Kriegstoten: 604 davon 39 sowj.Tote<\/p>\n<p>&#8212;&#8212;&#8212;&#8212;&#8212;&#8212;&#8212;&#8212;&#8212;&#8212;&#8212;&#8212;&#8212;&#8212;&#8212;&#8212;&#8212;&#8212;&#8212;&#8212;&#8212;&#8212;&#8212;&#8212;&#8211;<\/p>\n<p><a title=\"Dresden \u2013 Sch\u00f6nfeld (Wei\u00dfig)\" href=\"http:\/\/www.denkfried.de\/wp\/?page_id=11131\">(12.) 01328 Dresden-Sch\u00f6nfeld<\/a> (Wei\u00dfig)<\/p>\n<p>Denkmal<\/p>\n<p>&#8212;&#8212;&#8212;&#8212;&#8212;&#8212;&#8212;&#8212;&#8212;&#8212;&#8212;&#8212;&#8212;&#8212;&#8212;&#8212;&#8212;&#8212;&#8212;&#8212;&#8212;&#8212;&#8212;&#8212;&#8211;<\/p>\n<p><a title=\"Dresden \u2013 Sch\u00f6nfeld-Pappritz\" href=\"http:\/\/www.denkfried.de\/wp\/?page_id=11140\">(7.)01328 Dresden-Sch\u00f6nfeld-Pappritz<\/a><\/p>\n<p>Denkmal<\/p>\n<p>&#8212;&#8212;&#8212;&#8212;&#8212;&#8212;&#8212;&#8212;&#8212;&#8212;&#8212;&#8212;&#8212;&#8212;&#8212;&#8212;&#8212;&#8212;&#8212;&#8212;&#8212;&#8212;&#8212;&#8212;-<\/p>\n<p><span style=\"text-decoration: underline;\">Dresden &#8211; Pieschen<\/span><\/p>\n<p>gegr\u00fcndet 1886<\/p>\n<p>St.Markus Friedhof, Hubertusstra\u00dfe 1, 01129 Dresden-Pischen<br \/>\nAnzahl der Kriegstoten: \u00a012 \u00a0(1 sowj.Toter)<\/p>\n<p>Kriegerdenkmal 1.WK<\/p>\n<p>&#8212;&#8212;&#8212;&#8212;&#8212;&#8212;&#8212;&#8212;&#8212;&#8212;&#8212;&#8212;&#8212;&#8212;&#8212;&#8212;&#8212;&#8212;&#8212;&#8212;&#8212;&#8212;&#8212;&#8212;-<\/p>\n<p><span style=\"text-decoration: underline;\">Dresden &#8211; Plauen<\/span><\/p>\n<p>gegr\u00fcndet 1882<\/p>\n<p><strong>\u00c4u\u00dferer Plauenscher Friedhof<\/strong><\/p>\n<p>Bernhardstra\u00dfe 141, \u00a001187 Dresden<br \/>\nAnzahl der Kriegstoten: \u00a010 \u00a0davon 4 Einzelgr\u00e4ber\u00a0 1 sowj.Toter<\/p>\n<p>&nbsp;<\/p>\n<p><strong>Innerer Plauener Friedhof<\/strong><\/p>\n<p>gegr\u00fcndet um 1296<\/p>\n<p>Reckestra\u00dfe 8, \u00a001187 Dresden<br \/>\nAnzahl der Kriegstoten: \u00a072<\/p>\n<p>&#8212;&#8212;&#8212;&#8212;&#8212;&#8212;&#8212;&#8212;&#8212;&#8212;&#8212;&#8212;&#8212;&#8212;&#8212;&#8212;&#8212;&#8212;&#8212;&#8212;&#8212;&#8212;&#8212;&#8212;&#8211;<\/p>\n<p>Friedhof R\u00e4hnitz, \u00a001109 Dresden<br \/>\nAnzahl der Kriegstoten: \u00a09 in Einzelgr\u00e4ber<\/p>\n<p>&#8212;&#8212;&#8212;&#8212;&#8212;&#8212;&#8212;&#8212;&#8212;&#8212;&#8212;&#8212;&#8212;&#8212;&#8212;&#8212;&#8212;&#8212;&#8212;&#8212;&#8212;&#8212;&#8212;&#8212;&#8211;<\/p>\n<p><span style=\"text-decoration: underline;\">Dresden &#8211; S\u00fcdvorstadt<\/span> \/ Alter Annenfriedhof<\/p>\n<p>01187 Dresden, Chemnitzer Stra\u00dfe 32<\/p>\n<p>angelegt 1848,<br \/>\nAnzahl der Kriegstoten: 834 \u00a0keine Einzelgr\u00e4ber<\/p>\n<p>&#8212;&#8212;&#8212;&#8212;&#8212;&#8212;&#8212;&#8212;&#8212;&#8212;&#8212;&#8212;&#8212;&#8212;&#8212;&#8212;&#8212;&#8212;&#8212;&#8212;&#8212;&#8212;&#8212;&#8212;&#8211;<\/p>\n<p><a title=\"Dresden \u2013 Sch\u00f6nborn\" href=\"http:\/\/www.denkfried.de\/wp\/?page_id=11167\">(11.) 01465 Dresden-Sch\u00f6nborn<\/a><\/p>\n<p>Denkmal<\/p>\n<p>&#8212;&#8212;&#8212;&#8212;&#8212;&#8212;&#8212;&#8212;&#8212;&#8212;&#8212;&#8212;&#8212;&#8212;&#8212;&#8212;&#8212;&#8212;&#8212;&#8212;&#8212;&#8212;&#8212;&#8212;&#8211;<\/p>\n<p><a title=\"Dresden-Tolkewitz\" href=\"http:\/\/www.denkfried.de\/wp\/?page_id=7658\">(14.) Dresden-Tolkewitz \/Friedhof Tolkewitz<\/a>\u00a0 Urnenfriedhof<\/p>\n<p>gegr\u00fcndet 1816<\/p>\n<p>01279 Dresden-Tolkewitz, Wehlener Stra\u00dfe 15<\/p>\n<p>Urnenhain: 592 Tote davon 24 Einzelgr\u00e4ber, 22 sowj.Tote 1 Sammelgrab<\/p>\n<p>(9.) Ev.-luth.Johannisfriedhof<\/p>\n<p>Anzahl der Kriegstoten: 4.174 davon 98 Einzelgr\u00e4ber,68 sowj.Tote\u00a0 1 Sammelgrab<\/p>\n<p>&#8212;&#8212;&#8212;&#8212;&#8212;&#8212;&#8212;&#8212;&#8212;&#8212;&#8212;&#8212;&#8212;&#8212;&#8212;&#8212;&#8212;&#8212;&#8212;&#8212;&#8212;&#8212;&#8212;&#8212;-<\/p>\n<p><a title=\"Dresden-Heidefriedhof\" href=\"http:\/\/www.denkfried.de\/wp\/?page_id=7683\">(8.)Dresden &#8211; Trachau \/ Heidefriedhof<\/a><\/p>\n<p>gegr\u00fcndet 1934, kommunaler Friedhof<\/p>\n<p>01129 Dresden, Moritzburger Landstra\u00dfe 299<br \/>\nAnzahl der Kriegstoten: 16.381 \u00a0 dav.123 sowj.Tote \u00a0 &#8211; Sammelgrab &#8211;<\/p>\n<p>&#8212;&#8212;&#8212;&#8212;&#8212;&#8212;&#8212;&#8212;&#8212;&#8212;&#8212;&#8212;&#8212;&#8212;&#8212;&#8212;&#8212;&#8212;&#8212;&#8212;&#8212;&#8212;&#8212;&#8212;-<\/p>\n<p><a title=\"Dresden-Wei\u00dfer Hirsch\" href=\"http:\/\/www.denkfried.de\/wp\/?page_id=7655\">(15.) Dresden &#8211; Wei\u00dfer Hirsch \/ Ev.-Luth.Waldfriedhof Wei\u00dfer Hirsch<\/a><\/p>\n<p>01324 Dresden, Am Heiderand 8-10<\/p>\n<p>gegr\u00fcndet 1898,<\/p>\n<p>&#8212;&#8212;&#8212;&#8212;&#8212;&#8212;&#8212;&#8212;&#8212;&#8212;&#8212;&#8212;&#8212;&#8212;&#8212;&#8212;&#8212;&#8212;&#8212;&#8212;&#8212;&#8212;&#8212;&#8212;&#8211;<\/p>\n<p><a title=\"Dresden \u2013 Wei\u00dfig\" href=\"http:\/\/www.denkfried.de\/wp\/?page_id=11156\">(16.) 01328 Dresden-Wei\u00dfig<\/a><\/p>\n<p>Friedhof Wei\u00dfig<br \/>\nAnzahl der Kriegstoten: \u00a08 in Einzelgr\u00e4ber<\/p>\n<p>&#8212;&#8212;&#8212;&#8212;&#8212;&#8212;&#8212;&#8212;&#8212;&#8212;&#8212;&#8212;&#8212;&#8212;&#8212;&#8212;&#8212;&#8212;&#8212;&#8212;&#8212;&#8212;&#8212;&#8212;&#8211;<\/p>\n<p><a title=\"Dresden-Weixdorf\" href=\"http:\/\/www.denkfried.de\/wp\/?page_id=7697\">(17.) Dresden-Weixdorf-Lausa\/Friedhof Weixdorf,<\/a><\/p>\n<p>01108 Dresden-Weixdorf-Lausa<br \/>\nAnzahl der Kriegstoten: \u00a013<\/p>\n<p>&#8212;&#8212;&#8212;&#8212;&#8212;&#8212;&#8212;&#8212;&#8212;&#8212;&#8212;&#8212;&#8212;&#8212;&#8212;&#8212;&#8212;&#8212;&#8212;&#8212;&#8212;&#8212;&#8212;&#8212;&#8211;<\/p>\n<p><span style=\"text-decoration: underline;\">Dresden &#8211; Zschachwitz<\/span><\/p>\n<p>gegr\u00fcndet 1897<\/p>\n<p><strong>Stephanusfriedhof<\/strong> Neue Stra\u00dfe, 01259 Dresden<br \/>\nAnzahl der Kriegstoten: 46 davon 1 Einzelgrab 2 sowj.Tote 1 Sammelgrab<\/p>\n<p>Grabanlage f\u00fcr Zwangsarbeiter aus dem KZ Flossenb\u00fcrg<\/p>\n<p>&#8212;&#8212;&#8212;&#8212;&#8212;&#8212;&#8212;&#8212;&#8212;&#8212;&#8212;&#8212;&#8212;&#8212;&#8212;&#8212;&#8212;&#8212;&#8212;&#8212;&#8212;&#8212;&#8212;&#8212;&#8211;<\/p>\n<p>Eines des Wahrzeichen von Dresden ist die Loschwitzer Br\u00fccke (bis 1912 &#8222;K\u00f6nig-Albert-Br\u00fccke) die im Volksmund &#8222;Blaues Wunder&#8220; genannt wird. Der Name ist auf den hellblauen Farbanstrich zur\u00fcckzuf\u00fchren.<br \/>\n1945 wurde die Br\u00fccke durch mehrere B\u00fcrger vor der Sprengung durch die Wehrmacht gerettet.<\/p>\n","protected":false},"excerpt":{"rendered":"<p>&nbsp; Verwaltungssitz: 01067 Dresden, Dr.-K\u00fclz-Ring 19 ************************************************************* (10.) Dresden &#8211; Albertstadt \/ Sowjetischer Garnisionsfriedhof gegr\u00fcndet 1945 01099 Dresden, Kannenhenkelweg Anzahl der Kriegstoten: \u00a01341 \u00a0davon 1235 Einzelgr\u00e4ber &#8212;&#8212;&#8212;&#8212;&#8212;&#8212;&#8212;&#8212;&#8212;&#8212;&#8212;&#8212;&#8212;&#8212;&#8212;&#8212;&#8212;&#8212;&#8212;&#8212;&#8212;&#8212;&#8212;&#8212; (6.)Dresden &#8211; Albertstadt \/ Nordfriedhof gegr\u00fcndet 1901 01099 Dresden, Kannenhenkelweg 1 Anzahl der &hellip; <a href=\"http:\/\/www.denkfried.de\/wp\/?page_id=7637\">Weiterlesen <span class=\"meta-nav\">&rarr;<\/span><\/a><\/p>\n","protected":false},"author":2,"featured_media":0,"parent":399,"menu_order":0,"comment_status":"closed","ping_status":"open","template":"","meta":{"footnotes":""},"class_list":["post-7637","page","type-page","status-publish","hentry"],"_links":{"self":[{"href":"http:\/\/www.denkfried.de\/wp\/index.php?rest_route=\/wp\/v2\/pages\/7637","targetHints":{"allow":["GET"]}}],"collection":[{"href":"http:\/\/www.denkfried.de\/wp\/index.php?rest_route=\/wp\/v2\/pages"}],"about":[{"href":"http:\/\/www.denkfried.de\/wp\/index.php?rest_route=\/wp\/v2\/types\/page"}],"author":[{"embeddable":true,"href":"http:\/\/www.denkfried.de\/wp\/index.php?rest_route=\/wp\/v2\/users\/2"}],"replies":[{"embeddable":true,"href":"http:\/\/www.denkfried.de\/wp\/index.php?rest_route=%2Fwp%2Fv2%2Fcomments&post=7637"}],"version-history":[{"count":19,"href":"http:\/\/www.denkfried.de\/wp\/index.php?rest_route=\/wp\/v2\/pages\/7637\/revisions"}],"predecessor-version":[{"id":36174,"href":"http:\/\/www.denkfried.de\/wp\/index.php?rest_route=\/wp\/v2\/pages\/7637\/revisions\/36174"}],"up":[{"embeddable":true,"href":"http:\/\/www.denkfried.de\/wp\/index.php?rest_route=\/wp\/v2\/pages\/399"}],"wp:attachment":[{"href":"http:\/\/www.denkfried.de\/wp\/index.php?rest_route=%2Fwp%2Fv2%2Fmedia&parent=7637"}],"curies":[{"name":"wp","href":"https:\/\/api.w.org\/{rel}","templated":true}]}}