{"id":7634,"date":"2011-05-11T20:11:35","date_gmt":"2011-05-11T18:11:35","guid":{"rendered":"http:\/\/www.denkfried.de\/wp\/?page_id=7634"},"modified":"2015-10-04T21:54:40","modified_gmt":"2015-10-04T19:54:40","slug":"kreisfreie-stadt-chemnitz","status":"publish","type":"page","link":"http:\/\/www.denkfried.de\/wp\/?page_id=7634","title":{"rendered":"Kreisfreie Stadt: CHEMNITZ"},"content":{"rendered":"<p>&nbsp;<\/p>\n<p>Verwaltungssitz: <strong>09111 Chemnitz, Mark 1<\/strong><\/p>\n<p>**************************************************************<\/p>\n<p>Denkmal f\u00fcr die gefallenen Soldaten des 15.K\u00f6niglich S\u00e4chs.Inf.-Rgt.Nr.181 im Zeisigwald.<\/p>\n<p>&#8212;&#8212;&#8212;&#8212;&#8212;&#8212;&#8212;&#8212;&#8212;&#8212;&#8212;&#8212;&#8212;&#8212;&#8212;&#8212;&#8212;&#8212;&#8212;&#8212;&#8212;&#8212;&#8212;&#8212;&#8212;&#8212;&#8212;&#8212;&#8212;&#8212;<\/p>\n<p>Sowjetischer Ehrenfriedhof am Richterweg im Stadtteil Reichenhain f\u00fcr 1.130 sowj.Soldaten, Frauen, Kinder und M\u00e4nner die infolge der Zwangsarbeit verstorben sind.<\/p>\n<p>&#8212;&#8212;&#8212;&#8212;&#8212;&#8212;&#8212;&#8212;&#8212;&#8212;&#8212;&#8212;&#8212;&#8212;&#8212;&#8212;&#8212;&#8212;&#8212;&#8212;&#8212;&#8212;&#8212;&#8212;&#8212;&#8212;&#8212;&#8212;&#8212;&#8212;<\/p>\n<p>Kriegsgefangenengr\u00e4ber und Denkmal auf dem Friedhof Chemnitz-Ebersdorf. (Gefangenenlager Ebersdorf)<\/p>\n<p>&#8212;&#8212;&#8212;&#8212;&#8212;&#8212;&#8212;&#8212;&#8212;&#8212;&#8212;&#8212;&#8212;&#8212;&#8212;&#8212;&#8212;&#8212;&#8212;&#8212;&#8212;&#8212;&#8212;&#8212;&#8212;&#8212;&#8212;&#8212;&#8212;&#8211;<\/p>\n<p>Gedenkstein am Eingang der Deutschen Bahn AG Emilienstra\u00dfe 45, Zur Erinnerung an die verschleppten sowjetischen Frauen und M\u00e4nner die Opfer von Zwangsarbeit wurden.<\/p>\n<p>&#8212;&#8212;&#8212;&#8212;&#8212;&#8212;&#8212;&#8212;&#8212;&#8212;&#8212;&#8212;&#8212;&#8212;&#8212;&#8212;&#8212;&#8212;&#8212;&#8212;&#8212;&#8212;&#8212;&#8212;&#8212;&#8212;&#8212;&#8212;&#8212;&#8211;<\/p>\n<p>Friedhof am Richterweg &#8211; Anlage f\u00fcr Opfer von Krieg und Gewaltherrschaft.<\/p>\n<p>&#8212;&#8212;&#8212;&#8212;&#8212;&#8212;&#8212;&#8212;&#8212;&#8212;&#8212;&#8212;&#8212;&#8212;&#8212;&#8212;&#8212;&#8212;&#8212;&#8212;&#8212;&#8212;&#8212;&#8212;&#8212;&#8212;&#8212;&#8212;&#8212;&#8211;<\/p>\n<p>&nbsp;<\/p>\n<p><strong>09112 Chemnitz<\/strong><\/p>\n<p>Ev.-Luth.Kirche Sankt Nikolai<br \/>\nNikolai Friedhof, Michaelstra\u00dfe 15<\/p>\n<p>Buchtipp: Chemnitzer Erinnerungen 1945 in mehreren Teilen von Gert Richter<\/p>\n<p>Buch von 1995 enth\u00e4lt eine Namensliste von den Bombenopfern. (Info von Ludwig G\u00f6bel)<\/p>\n<p><span style=\"text-decoration: underline;\"><strong>Stadteile von Chemnitz:<\/strong><\/span><\/p>\n<p style=\"padding-left: 90px;\">&#8211; Adelsberg<\/p>\n<p style=\"padding-left: 90px;\">&#8211; Bernsdorf<\/p>\n<p style=\"padding-left: 90px;\">&#8211; Rabenstein<\/p>\n<p style=\"padding-left: 90px;\">&#8211; <a title=\"Chemnitz-Rottluff\" href=\"http:\/\/www.denkfried.de\/wp\/?page_id=30194\">Rottluff<\/a><\/p>\n<p>&nbsp;<\/p>\n","protected":false},"excerpt":{"rendered":"<p>&nbsp; Verwaltungssitz: 09111 Chemnitz, Mark 1 ************************************************************** Denkmal f\u00fcr die gefallenen Soldaten des 15.K\u00f6niglich S\u00e4chs.Inf.-Rgt.Nr.181 im Zeisigwald. &#8212;&#8212;&#8212;&#8212;&#8212;&#8212;&#8212;&#8212;&#8212;&#8212;&#8212;&#8212;&#8212;&#8212;&#8212;&#8212;&#8212;&#8212;&#8212;&#8212;&#8212;&#8212;&#8212;&#8212;&#8212;&#8212;&#8212;&#8212;&#8212;&#8212; Sowjetischer Ehrenfriedhof am Richterweg im Stadtteil Reichenhain f\u00fcr 1.130 sowj.Soldaten, Frauen, Kinder und M\u00e4nner die infolge der Zwangsarbeit verstorben sind. &#8212;&#8212;&#8212;&#8212;&#8212;&#8212;&#8212;&#8212;&#8212;&#8212;&#8212;&#8212;&#8212;&#8212;&#8212;&#8212;&#8212;&#8212;&#8212;&#8212;&#8212;&#8212;&#8212;&#8212;&#8212;&#8212;&#8212;&#8212;&#8212;&#8212; Kriegsgefangenengr\u00e4ber &hellip; <a href=\"http:\/\/www.denkfried.de\/wp\/?page_id=7634\">Weiterlesen <span class=\"meta-nav\">&rarr;<\/span><\/a><\/p>\n","protected":false},"author":2,"featured_media":0,"parent":399,"menu_order":0,"comment_status":"closed","ping_status":"open","template":"","meta":{"footnotes":""},"class_list":["post-7634","page","type-page","status-publish","hentry"],"_links":{"self":[{"href":"http:\/\/www.denkfried.de\/wp\/index.php?rest_route=\/wp\/v2\/pages\/7634","targetHints":{"allow":["GET"]}}],"collection":[{"href":"http:\/\/www.denkfried.de\/wp\/index.php?rest_route=\/wp\/v2\/pages"}],"about":[{"href":"http:\/\/www.denkfried.de\/wp\/index.php?rest_route=\/wp\/v2\/types\/page"}],"author":[{"embeddable":true,"href":"http:\/\/www.denkfried.de\/wp\/index.php?rest_route=\/wp\/v2\/users\/2"}],"replies":[{"embeddable":true,"href":"http:\/\/www.denkfried.de\/wp\/index.php?rest_route=%2Fwp%2Fv2%2Fcomments&post=7634"}],"version-history":[{"count":12,"href":"http:\/\/www.denkfried.de\/wp\/index.php?rest_route=\/wp\/v2\/pages\/7634\/revisions"}],"predecessor-version":[{"id":39183,"href":"http:\/\/www.denkfried.de\/wp\/index.php?rest_route=\/wp\/v2\/pages\/7634\/revisions\/39183"}],"up":[{"embeddable":true,"href":"http:\/\/www.denkfried.de\/wp\/index.php?rest_route=\/wp\/v2\/pages\/399"}],"wp:attachment":[{"href":"http:\/\/www.denkfried.de\/wp\/index.php?rest_route=%2Fwp%2Fv2%2Fmedia&parent=7634"}],"curies":[{"name":"wp","href":"https:\/\/api.w.org\/{rel}","templated":true}]}}