{"id":7631,"date":"2011-05-11T20:08:40","date_gmt":"2011-05-11T18:08:40","guid":{"rendered":"http:\/\/www.denkfried.de\/wp\/?page_id=7631"},"modified":"2011-05-11T20:08:40","modified_gmt":"2011-05-11T18:08:40","slug":"crinitzberg-barenwalde","status":"publish","type":"page","link":"http:\/\/www.denkfried.de\/wp\/?page_id=7631","title":{"rendered":"Crinitzberg &#8211; B\u00e4renwalde"},"content":{"rendered":"<p>&nbsp;<\/p>\n<p><strong>Crinitzberg &#8211; OT B\u00e4renwalde<\/strong><\/p>\n<p>1 Kriegsgr\u00e4berst\u00e4tte mit 5 Toten<\/p>\n<p>&nbsp;<\/p>\n","protected":false},"excerpt":{"rendered":"<p>&nbsp; Crinitzberg &#8211; OT B\u00e4renwalde 1 Kriegsgr\u00e4berst\u00e4tte mit 5 Toten &nbsp;<\/p>\n","protected":false},"author":2,"featured_media":0,"parent":7605,"menu_order":0,"comment_status":"closed","ping_status":"open","template":"","meta":{"footnotes":""},"class_list":["post-7631","page","type-page","status-publish","hentry"],"_links":{"self":[{"href":"http:\/\/www.denkfried.de\/wp\/index.php?rest_route=\/wp\/v2\/pages\/7631","targetHints":{"allow":["GET"]}}],"collection":[{"href":"http:\/\/www.denkfried.de\/wp\/index.php?rest_route=\/wp\/v2\/pages"}],"about":[{"href":"http:\/\/www.denkfried.de\/wp\/index.php?rest_route=\/wp\/v2\/types\/page"}],"author":[{"embeddable":true,"href":"http:\/\/www.denkfried.de\/wp\/index.php?rest_route=\/wp\/v2\/users\/2"}],"replies":[{"embeddable":true,"href":"http:\/\/www.denkfried.de\/wp\/index.php?rest_route=%2Fwp%2Fv2%2Fcomments&post=7631"}],"version-history":[{"count":2,"href":"http:\/\/www.denkfried.de\/wp\/index.php?rest_route=\/wp\/v2\/pages\/7631\/revisions"}],"predecessor-version":[{"id":7633,"href":"http:\/\/www.denkfried.de\/wp\/index.php?rest_route=\/wp\/v2\/pages\/7631\/revisions\/7633"}],"up":[{"embeddable":true,"href":"http:\/\/www.denkfried.de\/wp\/index.php?rest_route=\/wp\/v2\/pages\/7605"}],"wp:attachment":[{"href":"http:\/\/www.denkfried.de\/wp\/index.php?rest_route=%2Fwp%2Fv2%2Fmedia&parent=7631"}],"curies":[{"name":"wp","href":"https:\/\/api.w.org\/{rel}","templated":true}]}}