{"id":7602,"date":"2011-05-11T19:19:28","date_gmt":"2011-05-11T17:19:28","guid":{"rendered":"http:\/\/www.denkfried.de\/wp\/?page_id=7602"},"modified":"2011-05-11T19:19:28","modified_gmt":"2011-05-11T17:19:28","slug":"doberschutz-battaune","status":"publish","type":"page","link":"http:\/\/www.denkfried.de\/wp\/?page_id=7602","title":{"rendered":"Dobersch\u00fctz-Battaune"},"content":{"rendered":"<p>&nbsp;<\/p>\n<p><strong>04838 Dobersch\u00fctz &#8211; OT Battaune<\/strong><\/p>\n<p>1 Kriegsgr\u00e4berst\u00e4tte mit 3 Toten<\/p>\n<p>&nbsp;<\/p>\n","protected":false},"excerpt":{"rendered":"<p>&nbsp; 04838 Dobersch\u00fctz &#8211; OT Battaune 1 Kriegsgr\u00e4berst\u00e4tte mit 3 Toten &nbsp;<\/p>\n","protected":false},"author":2,"featured_media":0,"parent":7422,"menu_order":0,"comment_status":"closed","ping_status":"open","template":"","meta":{"footnotes":""},"class_list":["post-7602","page","type-page","status-publish","hentry"],"_links":{"self":[{"href":"http:\/\/www.denkfried.de\/wp\/index.php?rest_route=\/wp\/v2\/pages\/7602","targetHints":{"allow":["GET"]}}],"collection":[{"href":"http:\/\/www.denkfried.de\/wp\/index.php?rest_route=\/wp\/v2\/pages"}],"about":[{"href":"http:\/\/www.denkfried.de\/wp\/index.php?rest_route=\/wp\/v2\/types\/page"}],"author":[{"embeddable":true,"href":"http:\/\/www.denkfried.de\/wp\/index.php?rest_route=\/wp\/v2\/users\/2"}],"replies":[{"embeddable":true,"href":"http:\/\/www.denkfried.de\/wp\/index.php?rest_route=%2Fwp%2Fv2%2Fcomments&post=7602"}],"version-history":[{"count":2,"href":"http:\/\/www.denkfried.de\/wp\/index.php?rest_route=\/wp\/v2\/pages\/7602\/revisions"}],"predecessor-version":[{"id":7604,"href":"http:\/\/www.denkfried.de\/wp\/index.php?rest_route=\/wp\/v2\/pages\/7602\/revisions\/7604"}],"up":[{"embeddable":true,"href":"http:\/\/www.denkfried.de\/wp\/index.php?rest_route=\/wp\/v2\/pages\/7422"}],"wp:attachment":[{"href":"http:\/\/www.denkfried.de\/wp\/index.php?rest_route=%2Fwp%2Fv2%2Fmedia&parent=7602"}],"curies":[{"name":"wp","href":"https:\/\/api.w.org\/{rel}","templated":true}]}}