{"id":7568,"date":"2011-05-11T19:06:11","date_gmt":"2011-05-11T17:06:11","guid":{"rendered":"http:\/\/www.denkfried.de\/wp\/?page_id=7568"},"modified":"2011-05-11T19:06:11","modified_gmt":"2011-05-11T17:06:11","slug":"konigswalde","status":"publish","type":"page","link":"http:\/\/www.denkfried.de\/wp\/?page_id=7568","title":{"rendered":"K\u00f6nigswalde"},"content":{"rendered":"<p>&nbsp;<\/p>\n<p><strong>09471 K\u00f6nigswalde<\/strong><\/p>\n<p>Kriegsgr\u00e4berst\u00e4tte<br \/>\nDeutschland\/K\u00f6nigswalde-Erzgebirge<\/p>\n<p>Namentlich erfasst:\u00a0 \u00a02.WK\u00a0 \u00a05 Kriegstote<\/p>\n<p>&nbsp;<\/p>\n","protected":false},"excerpt":{"rendered":"<p>&nbsp; 09471 K\u00f6nigswalde Kriegsgr\u00e4berst\u00e4tte Deutschland\/K\u00f6nigswalde-Erzgebirge Namentlich erfasst:\u00a0 \u00a02.WK\u00a0 \u00a05 Kriegstote &nbsp;<\/p>\n","protected":false},"author":2,"featured_media":0,"parent":7406,"menu_order":0,"comment_status":"closed","ping_status":"open","template":"","meta":{"footnotes":""},"class_list":["post-7568","page","type-page","status-publish","hentry"],"_links":{"self":[{"href":"http:\/\/www.denkfried.de\/wp\/index.php?rest_route=\/wp\/v2\/pages\/7568","targetHints":{"allow":["GET"]}}],"collection":[{"href":"http:\/\/www.denkfried.de\/wp\/index.php?rest_route=\/wp\/v2\/pages"}],"about":[{"href":"http:\/\/www.denkfried.de\/wp\/index.php?rest_route=\/wp\/v2\/types\/page"}],"author":[{"embeddable":true,"href":"http:\/\/www.denkfried.de\/wp\/index.php?rest_route=\/wp\/v2\/users\/2"}],"replies":[{"embeddable":true,"href":"http:\/\/www.denkfried.de\/wp\/index.php?rest_route=%2Fwp%2Fv2%2Fcomments&post=7568"}],"version-history":[{"count":2,"href":"http:\/\/www.denkfried.de\/wp\/index.php?rest_route=\/wp\/v2\/pages\/7568\/revisions"}],"predecessor-version":[{"id":7570,"href":"http:\/\/www.denkfried.de\/wp\/index.php?rest_route=\/wp\/v2\/pages\/7568\/revisions\/7570"}],"up":[{"embeddable":true,"href":"http:\/\/www.denkfried.de\/wp\/index.php?rest_route=\/wp\/v2\/pages\/7406"}],"wp:attachment":[{"href":"http:\/\/www.denkfried.de\/wp\/index.php?rest_route=%2Fwp%2Fv2%2Fmedia&parent=7568"}],"curies":[{"name":"wp","href":"https:\/\/api.w.org\/{rel}","templated":true}]}}