{"id":7531,"date":"2011-05-11T18:54:36","date_gmt":"2011-05-11T16:54:36","guid":{"rendered":"http:\/\/www.denkfried.de\/wp\/?page_id=7531"},"modified":"2011-05-11T18:54:36","modified_gmt":"2011-05-11T16:54:36","slug":"thum","status":"publish","type":"page","link":"http:\/\/www.denkfried.de\/wp\/?page_id=7531","title":{"rendered":"Thum"},"content":{"rendered":"<p>&nbsp;<\/p>\n<p><strong>09419 Thum<\/strong><\/p>\n<p><strong>Ortsteile:<\/strong><br \/>\nHerold<br \/>\nJahnsbach<\/p>\n<p>+++++++++++++++++++++++++++++++++++++++++++++++++<\/p>\n<p><strong>09419 Thum &#8211; Herold<\/strong><\/p>\n<p>Kriegsgr\u00e4berst\u00e4tte<br \/>\nFriedhof II &#8211; zust\u00e4ndig f\u00fcr den Friedhof\/Gr\u00e4ber ist die Ev.-Luth.Kirchgemeinde Herold, Zschopauer Stra\u00dfe 33, 09419 Herold<br \/>\nDeutschland\/Thum-Herold<br \/>\nAuf  dem Friedhof sind der beim Bombenangriff auf Dresden ums Leben  gekommene Kruzianer C.A. Peterh\u00e4nsel und eine J\u00fcdin, ohne Namen, aus  Ungarn bestattet.<\/p>\n<p>Namentlich erfasst:\u00a0 \u00a02.WK\u00a0 \u00a01 Kriegstoter\u00a0 + 1 Unbekannte<\/p>\n<p>&nbsp;<\/p>\n","protected":false},"excerpt":{"rendered":"<p>&nbsp; 09419 Thum Ortsteile: Herold Jahnsbach +++++++++++++++++++++++++++++++++++++++++++++++++ 09419 Thum &#8211; Herold Kriegsgr\u00e4berst\u00e4tte Friedhof II &#8211; zust\u00e4ndig f\u00fcr den Friedhof\/Gr\u00e4ber ist die Ev.-Luth.Kirchgemeinde Herold, Zschopauer Stra\u00dfe 33, 09419 Herold Deutschland\/Thum-Herold Auf dem Friedhof sind der beim Bombenangriff auf Dresden ums Leben &hellip; <a href=\"http:\/\/www.denkfried.de\/wp\/?page_id=7531\">Weiterlesen <span class=\"meta-nav\">&rarr;<\/span><\/a><\/p>\n","protected":false},"author":2,"featured_media":0,"parent":7406,"menu_order":0,"comment_status":"closed","ping_status":"open","template":"","meta":{"footnotes":""},"class_list":["post-7531","page","type-page","status-publish","hentry"],"_links":{"self":[{"href":"http:\/\/www.denkfried.de\/wp\/index.php?rest_route=\/wp\/v2\/pages\/7531","targetHints":{"allow":["GET"]}}],"collection":[{"href":"http:\/\/www.denkfried.de\/wp\/index.php?rest_route=\/wp\/v2\/pages"}],"about":[{"href":"http:\/\/www.denkfried.de\/wp\/index.php?rest_route=\/wp\/v2\/types\/page"}],"author":[{"embeddable":true,"href":"http:\/\/www.denkfried.de\/wp\/index.php?rest_route=\/wp\/v2\/users\/2"}],"replies":[{"embeddable":true,"href":"http:\/\/www.denkfried.de\/wp\/index.php?rest_route=%2Fwp%2Fv2%2Fcomments&post=7531"}],"version-history":[{"count":2,"href":"http:\/\/www.denkfried.de\/wp\/index.php?rest_route=\/wp\/v2\/pages\/7531\/revisions"}],"predecessor-version":[{"id":7533,"href":"http:\/\/www.denkfried.de\/wp\/index.php?rest_route=\/wp\/v2\/pages\/7531\/revisions\/7533"}],"up":[{"embeddable":true,"href":"http:\/\/www.denkfried.de\/wp\/index.php?rest_route=\/wp\/v2\/pages\/7406"}],"wp:attachment":[{"href":"http:\/\/www.denkfried.de\/wp\/index.php?rest_route=%2Fwp%2Fv2%2Fmedia&parent=7531"}],"curies":[{"name":"wp","href":"https:\/\/api.w.org\/{rel}","templated":true}]}}