{"id":7515,"date":"2011-05-11T18:27:33","date_gmt":"2011-05-11T16:27:33","guid":{"rendered":"http:\/\/www.denkfried.de\/wp\/?page_id=7515"},"modified":"2011-05-11T18:27:33","modified_gmt":"2011-05-11T16:27:33","slug":"grunhain-beierfeld","status":"publish","type":"page","link":"http:\/\/www.denkfried.de\/wp\/?page_id=7515","title":{"rendered":"Gr\u00fcnhain-Beierfeld"},"content":{"rendered":"<p>&nbsp;<\/p>\n<p><strong>08340 Stadt Gr\u00fcnhain-Beierfeld<\/strong><\/p>\n<p>Kriegsgr\u00e4berst\u00e4tte auf dem Friedhof Beierfeld<br \/>\nDeutschland\/Stadt Gr\u00fcnhain-Beierfeld<\/p>\n<p>Namentlich erfasst:\u00a0 2.WK\u00a0 \u00a0 12 Kriegstote<\/p>\n<p>&nbsp;<\/p>\n","protected":false},"excerpt":{"rendered":"<p>&nbsp; 08340 Stadt Gr\u00fcnhain-Beierfeld Kriegsgr\u00e4berst\u00e4tte auf dem Friedhof Beierfeld Deutschland\/Stadt Gr\u00fcnhain-Beierfeld Namentlich erfasst:\u00a0 2.WK\u00a0 \u00a0 12 Kriegstote &nbsp;<\/p>\n","protected":false},"author":2,"featured_media":0,"parent":7406,"menu_order":0,"comment_status":"closed","ping_status":"open","template":"","meta":{"footnotes":""},"class_list":["post-7515","page","type-page","status-publish","hentry"],"_links":{"self":[{"href":"http:\/\/www.denkfried.de\/wp\/index.php?rest_route=\/wp\/v2\/pages\/7515","targetHints":{"allow":["GET"]}}],"collection":[{"href":"http:\/\/www.denkfried.de\/wp\/index.php?rest_route=\/wp\/v2\/pages"}],"about":[{"href":"http:\/\/www.denkfried.de\/wp\/index.php?rest_route=\/wp\/v2\/types\/page"}],"author":[{"embeddable":true,"href":"http:\/\/www.denkfried.de\/wp\/index.php?rest_route=\/wp\/v2\/users\/2"}],"replies":[{"embeddable":true,"href":"http:\/\/www.denkfried.de\/wp\/index.php?rest_route=%2Fwp%2Fv2%2Fcomments&post=7515"}],"version-history":[{"count":3,"href":"http:\/\/www.denkfried.de\/wp\/index.php?rest_route=\/wp\/v2\/pages\/7515\/revisions"}],"predecessor-version":[{"id":7518,"href":"http:\/\/www.denkfried.de\/wp\/index.php?rest_route=\/wp\/v2\/pages\/7515\/revisions\/7518"}],"up":[{"embeddable":true,"href":"http:\/\/www.denkfried.de\/wp\/index.php?rest_route=\/wp\/v2\/pages\/7406"}],"wp:attachment":[{"href":"http:\/\/www.denkfried.de\/wp\/index.php?rest_route=%2Fwp%2Fv2%2Fmedia&parent=7515"}],"curies":[{"name":"wp","href":"https:\/\/api.w.org\/{rel}","templated":true}]}}