{"id":7506,"date":"2011-05-11T18:24:52","date_gmt":"2011-05-11T16:24:52","guid":{"rendered":"http:\/\/www.denkfried.de\/wp\/?page_id=7506"},"modified":"2011-05-11T18:24:52","modified_gmt":"2011-05-11T16:24:52","slug":"schonheide","status":"publish","type":"page","link":"http:\/\/www.denkfried.de\/wp\/?page_id=7506","title":{"rendered":"Sch\u00f6nheide"},"content":{"rendered":"<p>&nbsp;<\/p>\n<p><strong>08304 Sch\u00f6nheide<\/strong><\/p>\n<p>Kriegsgr\u00e4berst\u00e4tte<br \/>\nDeutschland\/Sch\u00f6nheide<\/p>\n<p>Namentlich erfasst:\u00a0 \u00a02.WK\u00a0 \u00a0 \u00a024 Kriegstote<\/p>\n<p>&nbsp;<\/p>\n","protected":false},"excerpt":{"rendered":"<p>&nbsp; 08304 Sch\u00f6nheide Kriegsgr\u00e4berst\u00e4tte Deutschland\/Sch\u00f6nheide Namentlich erfasst:\u00a0 \u00a02.WK\u00a0 \u00a0 \u00a024 Kriegstote &nbsp;<\/p>\n","protected":false},"author":2,"featured_media":0,"parent":7406,"menu_order":0,"comment_status":"closed","ping_status":"open","template":"","meta":{"footnotes":""},"class_list":["post-7506","page","type-page","status-publish","hentry"],"_links":{"self":[{"href":"http:\/\/www.denkfried.de\/wp\/index.php?rest_route=\/wp\/v2\/pages\/7506","targetHints":{"allow":["GET"]}}],"collection":[{"href":"http:\/\/www.denkfried.de\/wp\/index.php?rest_route=\/wp\/v2\/pages"}],"about":[{"href":"http:\/\/www.denkfried.de\/wp\/index.php?rest_route=\/wp\/v2\/types\/page"}],"author":[{"embeddable":true,"href":"http:\/\/www.denkfried.de\/wp\/index.php?rest_route=\/wp\/v2\/users\/2"}],"replies":[{"embeddable":true,"href":"http:\/\/www.denkfried.de\/wp\/index.php?rest_route=%2Fwp%2Fv2%2Fcomments&post=7506"}],"version-history":[{"count":2,"href":"http:\/\/www.denkfried.de\/wp\/index.php?rest_route=\/wp\/v2\/pages\/7506\/revisions"}],"predecessor-version":[{"id":7508,"href":"http:\/\/www.denkfried.de\/wp\/index.php?rest_route=\/wp\/v2\/pages\/7506\/revisions\/7508"}],"up":[{"embeddable":true,"href":"http:\/\/www.denkfried.de\/wp\/index.php?rest_route=\/wp\/v2\/pages\/7406"}],"wp:attachment":[{"href":"http:\/\/www.denkfried.de\/wp\/index.php?rest_route=%2Fwp%2Fv2%2Fmedia&parent=7506"}],"curies":[{"name":"wp","href":"https:\/\/api.w.org\/{rel}","templated":true}]}}