{"id":7497,"date":"2011-05-11T18:21:48","date_gmt":"2011-05-11T16:21:48","guid":{"rendered":"http:\/\/www.denkfried.de\/wp\/?page_id=7497"},"modified":"2011-05-11T18:21:48","modified_gmt":"2011-05-11T16:21:48","slug":"schwarzenberg-grunstadtel","status":"publish","type":"page","link":"http:\/\/www.denkfried.de\/wp\/?page_id=7497","title":{"rendered":"Schwarzenberg-Gr\u00fcnst\u00e4dtel"},"content":{"rendered":"<p>&nbsp;<\/p>\n<p><strong>08340 Schwarzenberg &#8211; Gr\u00fcnst\u00e4dtel<\/strong><\/p>\n<p>Kriegsgr\u00e4berst\u00e4tte auf dem Kirchl.Friedhof<br \/>\nDeutschland\/Schwarzenberg-Gr\u00fcnst\u00e4dtel<br \/>\nZust\u00e4ndig f\u00fcr diesen Friedhof ist die Ev.-Luth.Kirchgemeinde Gr\u00fcnst\u00e4dtel<br \/>\nNamentlich erfasst:\u00a0 4 Kriegstote<\/p>\n<p>&nbsp;<\/p>\n","protected":false},"excerpt":{"rendered":"<p>&nbsp; 08340 Schwarzenberg &#8211; Gr\u00fcnst\u00e4dtel Kriegsgr\u00e4berst\u00e4tte auf dem Kirchl.Friedhof Deutschland\/Schwarzenberg-Gr\u00fcnst\u00e4dtel Zust\u00e4ndig f\u00fcr diesen Friedhof ist die Ev.-Luth.Kirchgemeinde Gr\u00fcnst\u00e4dtel Namentlich erfasst:\u00a0 4 Kriegstote &nbsp;<\/p>\n","protected":false},"author":2,"featured_media":0,"parent":7491,"menu_order":0,"comment_status":"closed","ping_status":"open","template":"","meta":{"footnotes":""},"class_list":["post-7497","page","type-page","status-publish","hentry"],"_links":{"self":[{"href":"http:\/\/www.denkfried.de\/wp\/index.php?rest_route=\/wp\/v2\/pages\/7497","targetHints":{"allow":["GET"]}}],"collection":[{"href":"http:\/\/www.denkfried.de\/wp\/index.php?rest_route=\/wp\/v2\/pages"}],"about":[{"href":"http:\/\/www.denkfried.de\/wp\/index.php?rest_route=\/wp\/v2\/types\/page"}],"author":[{"embeddable":true,"href":"http:\/\/www.denkfried.de\/wp\/index.php?rest_route=\/wp\/v2\/users\/2"}],"replies":[{"embeddable":true,"href":"http:\/\/www.denkfried.de\/wp\/index.php?rest_route=%2Fwp%2Fv2%2Fcomments&post=7497"}],"version-history":[{"count":2,"href":"http:\/\/www.denkfried.de\/wp\/index.php?rest_route=\/wp\/v2\/pages\/7497\/revisions"}],"predecessor-version":[{"id":7499,"href":"http:\/\/www.denkfried.de\/wp\/index.php?rest_route=\/wp\/v2\/pages\/7497\/revisions\/7499"}],"up":[{"embeddable":true,"href":"http:\/\/www.denkfried.de\/wp\/index.php?rest_route=\/wp\/v2\/pages\/7491"}],"wp:attachment":[{"href":"http:\/\/www.denkfried.de\/wp\/index.php?rest_route=%2Fwp%2Fv2%2Fmedia&parent=7497"}],"curies":[{"name":"wp","href":"https:\/\/api.w.org\/{rel}","templated":true}]}}