{"id":7494,"date":"2011-05-11T18:20:48","date_gmt":"2011-05-11T16:20:48","guid":{"rendered":"http:\/\/www.denkfried.de\/wp\/?page_id=7494"},"modified":"2011-05-11T18:20:48","modified_gmt":"2011-05-11T16:20:48","slug":"schwarzenberg-bermsgrun","status":"publish","type":"page","link":"http:\/\/www.denkfried.de\/wp\/?page_id=7494","title":{"rendered":"Schwarzenberg-Bermsgr\u00fcn"},"content":{"rendered":"<p>&nbsp;<\/p>\n<p><strong>08340 Schwarzenberg-Bermsgr\u00fcn<\/strong><\/p>\n<p>Kriegsgr\u00e4berst\u00e4tte<br \/>\nDeutschland\/Schwarzenberg-Bermsgr\u00fcn<\/p>\n<p>Namentlich erfasst:\u00a0 2.WK\u00a0 \u00a0 \u00a01 Kriegstoter<\/p>\n<p>&nbsp;<\/p>\n","protected":false},"excerpt":{"rendered":"<p>&nbsp; 08340 Schwarzenberg-Bermsgr\u00fcn Kriegsgr\u00e4berst\u00e4tte Deutschland\/Schwarzenberg-Bermsgr\u00fcn Namentlich erfasst:\u00a0 2.WK\u00a0 \u00a0 \u00a01 Kriegstoter &nbsp;<\/p>\n","protected":false},"author":2,"featured_media":0,"parent":7491,"menu_order":0,"comment_status":"closed","ping_status":"open","template":"","meta":{"footnotes":""},"class_list":["post-7494","page","type-page","status-publish","hentry"],"_links":{"self":[{"href":"http:\/\/www.denkfried.de\/wp\/index.php?rest_route=\/wp\/v2\/pages\/7494","targetHints":{"allow":["GET"]}}],"collection":[{"href":"http:\/\/www.denkfried.de\/wp\/index.php?rest_route=\/wp\/v2\/pages"}],"about":[{"href":"http:\/\/www.denkfried.de\/wp\/index.php?rest_route=\/wp\/v2\/types\/page"}],"author":[{"embeddable":true,"href":"http:\/\/www.denkfried.de\/wp\/index.php?rest_route=\/wp\/v2\/users\/2"}],"replies":[{"embeddable":true,"href":"http:\/\/www.denkfried.de\/wp\/index.php?rest_route=%2Fwp%2Fv2%2Fcomments&post=7494"}],"version-history":[{"count":2,"href":"http:\/\/www.denkfried.de\/wp\/index.php?rest_route=\/wp\/v2\/pages\/7494\/revisions"}],"predecessor-version":[{"id":7496,"href":"http:\/\/www.denkfried.de\/wp\/index.php?rest_route=\/wp\/v2\/pages\/7494\/revisions\/7496"}],"up":[{"embeddable":true,"href":"http:\/\/www.denkfried.de\/wp\/index.php?rest_route=\/wp\/v2\/pages\/7491"}],"wp:attachment":[{"href":"http:\/\/www.denkfried.de\/wp\/index.php?rest_route=%2Fwp%2Fv2%2Fmedia&parent=7494"}],"curies":[{"name":"wp","href":"https:\/\/api.w.org\/{rel}","templated":true}]}}