{"id":7488,"date":"2011-05-11T18:18:53","date_gmt":"2011-05-11T16:18:53","guid":{"rendered":"http:\/\/www.denkfried.de\/wp\/?page_id=7488"},"modified":"2011-05-11T18:18:53","modified_gmt":"2011-05-11T16:18:53","slug":"stutzengrun","status":"publish","type":"page","link":"http:\/\/www.denkfried.de\/wp\/?page_id=7488","title":{"rendered":"St\u00fctzengr\u00fcn"},"content":{"rendered":"<p>&nbsp;<\/p>\n<p><strong>08328 St\u00fctzengr\u00fcn<\/strong><\/p>\n<p><strong>+++++++++++++++++++++++++++++++++++++++++++++<\/strong><\/p>\n<p><strong>08318 St\u00fctzengr\u00fcn &#8211; Hundsh\u00fcbel<\/strong><\/p>\n<p>Kriegsgr\u00e4berst\u00e4tte auf dem Kirchl.Friedhof<br \/>\nDeutschland\/St\u00fctzengr\u00fcn-Hundsh\u00fcbel<br \/>\nZust\u00e4ndig f\u00fcr diesen Friedhof ist das Ev.-Luth.Pfarramt Hundsh\u00fcbel<br \/>\nZu beachten: Timmerfeld Aloysius (was alles m\u00f6glich ist) ein Vergleich mit dem VDK lohnt sich !<\/p>\n<p>Namentlich erfasst:\u00a0 3 Kriegstote<\/p>\n<p>&nbsp;<\/p>\n","protected":false},"excerpt":{"rendered":"<p>&nbsp; 08328 St\u00fctzengr\u00fcn +++++++++++++++++++++++++++++++++++++++++++++ 08318 St\u00fctzengr\u00fcn &#8211; Hundsh\u00fcbel Kriegsgr\u00e4berst\u00e4tte auf dem Kirchl.Friedhof Deutschland\/St\u00fctzengr\u00fcn-Hundsh\u00fcbel Zust\u00e4ndig f\u00fcr diesen Friedhof ist das Ev.-Luth.Pfarramt Hundsh\u00fcbel Zu beachten: Timmerfeld Aloysius (was alles m\u00f6glich ist) ein Vergleich mit dem VDK lohnt sich ! Namentlich erfasst:\u00a0 3 &hellip; <a href=\"http:\/\/www.denkfried.de\/wp\/?page_id=7488\">Weiterlesen <span class=\"meta-nav\">&rarr;<\/span><\/a><\/p>\n","protected":false},"author":2,"featured_media":0,"parent":7406,"menu_order":0,"comment_status":"closed","ping_status":"open","template":"","meta":{"footnotes":""},"class_list":["post-7488","page","type-page","status-publish","hentry"],"_links":{"self":[{"href":"http:\/\/www.denkfried.de\/wp\/index.php?rest_route=\/wp\/v2\/pages\/7488","targetHints":{"allow":["GET"]}}],"collection":[{"href":"http:\/\/www.denkfried.de\/wp\/index.php?rest_route=\/wp\/v2\/pages"}],"about":[{"href":"http:\/\/www.denkfried.de\/wp\/index.php?rest_route=\/wp\/v2\/types\/page"}],"author":[{"embeddable":true,"href":"http:\/\/www.denkfried.de\/wp\/index.php?rest_route=\/wp\/v2\/users\/2"}],"replies":[{"embeddable":true,"href":"http:\/\/www.denkfried.de\/wp\/index.php?rest_route=%2Fwp%2Fv2%2Fcomments&post=7488"}],"version-history":[{"count":2,"href":"http:\/\/www.denkfried.de\/wp\/index.php?rest_route=\/wp\/v2\/pages\/7488\/revisions"}],"predecessor-version":[{"id":7490,"href":"http:\/\/www.denkfried.de\/wp\/index.php?rest_route=\/wp\/v2\/pages\/7488\/revisions\/7490"}],"up":[{"embeddable":true,"href":"http:\/\/www.denkfried.de\/wp\/index.php?rest_route=\/wp\/v2\/pages\/7406"}],"wp:attachment":[{"href":"http:\/\/www.denkfried.de\/wp\/index.php?rest_route=%2Fwp%2Fv2%2Fmedia&parent=7488"}],"curies":[{"name":"wp","href":"https:\/\/api.w.org\/{rel}","templated":true}]}}