{"id":7482,"date":"2011-05-11T18:16:02","date_gmt":"2011-05-11T16:16:02","guid":{"rendered":"http:\/\/www.denkfried.de\/wp\/?page_id=7482"},"modified":"2011-05-11T18:16:02","modified_gmt":"2011-05-11T16:16:02","slug":"olbernhau","status":"publish","type":"page","link":"http:\/\/www.denkfried.de\/wp\/?page_id=7482","title":{"rendered":"Olbernhau"},"content":{"rendered":"<p>&nbsp;<\/p>\n<p>09526 Olbernhau<\/p>\n<p><a href=\"http:\/\/www.olbernhau.de\/\" target=\"_blank\">http:\/\/www.olbernhau.de\/<\/a><\/p>\n<p>Kriegsgr\u00e4berst\u00e4tte: Kommunaler Friedhof, Z\u00f6blitzer Stra\u00dfe<br \/>\nDeutschland\/Olbernhau-KGST<br \/>\nNamentlich erfasst sind 55 Kriegstote<br \/>\n5 Kriegstote blieben ohne Namen<\/p>\n<p>Inschrift:\u00a0 \u00a0 \u00a0 \u00a0 \u00a0 \u00a0 \u00a0 \u00a0 \u00a0 \u00a0 \u00a0 \u00a0 \u00a0 \u00a0 \u00a0 \u00a0 \u00a0 \u00a0 \u00a0 \u00a0 \u00a0 \u00a0 \u00a0 \u00a0 Hier ruhen<br \/>\nVerstorbene u. Gefallene<br \/>\ndes 2. Weltkrieges<\/p>\n<p>Dieser Ehrenhain befindet sich auf dem Friedhof &#8211; Z\u00f6blitzer Strasse &#8211; in 09526 Olbernhau\/Sachsen.<br \/>\nWenn man den Friedhof durch das Hauptor betritt, in Richtung Aussegnungshalle gehen,dann links in Richtung Leichenhalle.<br \/>\nDer Gedenkstein steht mitten in einer riesigen Lebensbaumhecke. (Man kann leicht daran vorbei laufen)<\/p>\n<p>Habe  vom Friedhofchef erfahren, dass der Ehrenhain n\u00e4chstes Jahr mit Hilfe  des VDK umgestaltet werden soll, auch sollen alle Toten dort eine eigene  eigens daf\u00fcr angefertigte Namensplatte bekommen.<br \/>\n(Information von _PsYcO_)<\/p>\n<p>Deutschland\/Oberneusch\u00f6nberg<br \/>\nNamentlich erfasst:\u00a0 5 Kriegstote<\/p>\n<p>DENKMAL<br \/>\nKriegerdenkmal<\/p>\n<p>++++++++++++++++++++++++++++++++++++++++++++++++<\/p>\n<p><strong>09526 Olbernhau &#8211; OT Rothentahl<\/strong><\/p>\n<p>Kriegsgr\u00e4berst\u00e4tte: 1 Toter\u00a0 2.Weltkrieg\u00a0 \u00a0 \u00a0 \u00a0 \u00a0 \u00a0 \u00a0 \u00a0 \u00a0 \u00a0Deutschland\/Olbernhau\/Rothenthal<\/p>\n<p>&nbsp;<\/p>\n","protected":false},"excerpt":{"rendered":"<p>&nbsp; 09526 Olbernhau http:\/\/www.olbernhau.de\/ Kriegsgr\u00e4berst\u00e4tte: Kommunaler Friedhof, Z\u00f6blitzer Stra\u00dfe Deutschland\/Olbernhau-KGST Namentlich erfasst sind 55 Kriegstote 5 Kriegstote blieben ohne Namen Inschrift:\u00a0 \u00a0 \u00a0 \u00a0 \u00a0 \u00a0 \u00a0 \u00a0 \u00a0 \u00a0 \u00a0 \u00a0 \u00a0 \u00a0 \u00a0 \u00a0 \u00a0 \u00a0 \u00a0 \u00a0 &hellip; <a href=\"http:\/\/www.denkfried.de\/wp\/?page_id=7482\">Weiterlesen <span class=\"meta-nav\">&rarr;<\/span><\/a><\/p>\n","protected":false},"author":2,"featured_media":0,"parent":7406,"menu_order":0,"comment_status":"closed","ping_status":"open","template":"","meta":{"footnotes":""},"class_list":["post-7482","page","type-page","status-publish","hentry"],"_links":{"self":[{"href":"http:\/\/www.denkfried.de\/wp\/index.php?rest_route=\/wp\/v2\/pages\/7482","targetHints":{"allow":["GET"]}}],"collection":[{"href":"http:\/\/www.denkfried.de\/wp\/index.php?rest_route=\/wp\/v2\/pages"}],"about":[{"href":"http:\/\/www.denkfried.de\/wp\/index.php?rest_route=\/wp\/v2\/types\/page"}],"author":[{"embeddable":true,"href":"http:\/\/www.denkfried.de\/wp\/index.php?rest_route=\/wp\/v2\/users\/2"}],"replies":[{"embeddable":true,"href":"http:\/\/www.denkfried.de\/wp\/index.php?rest_route=%2Fwp%2Fv2%2Fcomments&post=7482"}],"version-history":[{"count":2,"href":"http:\/\/www.denkfried.de\/wp\/index.php?rest_route=\/wp\/v2\/pages\/7482\/revisions"}],"predecessor-version":[{"id":7484,"href":"http:\/\/www.denkfried.de\/wp\/index.php?rest_route=\/wp\/v2\/pages\/7482\/revisions\/7484"}],"up":[{"embeddable":true,"href":"http:\/\/www.denkfried.de\/wp\/index.php?rest_route=\/wp\/v2\/pages\/7406"}],"wp:attachment":[{"href":"http:\/\/www.denkfried.de\/wp\/index.php?rest_route=%2Fwp%2Fv2%2Fmedia&parent=7482"}],"curies":[{"name":"wp","href":"https:\/\/api.w.org\/{rel}","templated":true}]}}