{"id":7468,"date":"2011-05-11T18:06:16","date_gmt":"2011-05-11T16:06:16","guid":{"rendered":"http:\/\/www.denkfried.de\/wp\/?page_id=7468"},"modified":"2011-05-11T18:07:58","modified_gmt":"2011-05-11T16:07:58","slug":"neukirchenerzg","status":"publish","type":"page","link":"http:\/\/www.denkfried.de\/wp\/?page_id=7468","title":{"rendered":"Neukirchen\/Erzg."},"content":{"rendered":"<p>&nbsp;<\/p>\n<p><strong>09221 Neukirchen\/Erzgeb.<\/strong><\/p>\n<p>Ortsteile:<br \/>\nAdorf<\/p>\n<hr \/>\n<p>1 Kriegsgr\u00e4berst\u00e4tte\u00a0 11 Tote<br \/>\nFriedhof , Hauptstra\u00dfe 98<\/p>\n<p>Auf  dem Friedhof westlich der Kirche befindet sich eine Grabst\u00e4tte von 9  KZ-H\u00e4ftlingen, die im April 1945 Opfer des Todesmarsches wurden.<br \/>\nAm  14.Juni 1945 wurden 2 sowjetische Kriegsgefangene oder zivile  Zwangsarbeiter, die man im Meinersdorfer Wald gefunden hatte, ebenfalls  hier beigesetzt. Es handelt sich um 2 M\u00e4nner die von zwei Adorfern mit  Genickschu\u00df get\u00f6tet wurden.<br \/>\nAlle blieben ohne Namen.\u00a0 \u00a0 (Signatur A.1)<\/p>\n<p>DENKMAL<\/p>\n<p>Aufdem Friedhof steht eine Gedenks\u00e4ule f\u00fcr die gefallenen und vermissten Adorfer aus dem Ersten Weltkrieg.<\/p>\n<p>++++++++++++++++++++++++++++++++++++++++++++++<\/p>\n<p><strong>09221 Neukirchen<\/strong><\/p>\n<p><a href=\"http:\/\/www.neukirchen-erzgebirge.de\/\" target=\"_blank\">www.neukirchen-erzgebirge.de<\/a><\/p>\n<p>DENKMAL\u00a0 Gedenkstein am Friedhof Neukirchen f\u00fcr die Opfer des 1.WK<\/p>\n<p>2 Kriegsgr\u00e4berst\u00e4tten mit 22 Toten<\/p>\n<p>&nbsp;<\/p>\n","protected":false},"excerpt":{"rendered":"<p>&nbsp; 09221 Neukirchen\/Erzgeb. Ortsteile: Adorf 1 Kriegsgr\u00e4berst\u00e4tte\u00a0 11 Tote Friedhof , Hauptstra\u00dfe 98 Auf dem Friedhof westlich der Kirche befindet sich eine Grabst\u00e4tte von 9 KZ-H\u00e4ftlingen, die im April 1945 Opfer des Todesmarsches wurden. Am 14.Juni 1945 wurden 2 sowjetische &hellip; <a href=\"http:\/\/www.denkfried.de\/wp\/?page_id=7468\">Weiterlesen <span class=\"meta-nav\">&rarr;<\/span><\/a><\/p>\n","protected":false},"author":2,"featured_media":0,"parent":7406,"menu_order":0,"comment_status":"closed","ping_status":"open","template":"","meta":{"footnotes":""},"class_list":["post-7468","page","type-page","status-publish","hentry"],"_links":{"self":[{"href":"http:\/\/www.denkfried.de\/wp\/index.php?rest_route=\/wp\/v2\/pages\/7468","targetHints":{"allow":["GET"]}}],"collection":[{"href":"http:\/\/www.denkfried.de\/wp\/index.php?rest_route=\/wp\/v2\/pages"}],"about":[{"href":"http:\/\/www.denkfried.de\/wp\/index.php?rest_route=\/wp\/v2\/types\/page"}],"author":[{"embeddable":true,"href":"http:\/\/www.denkfried.de\/wp\/index.php?rest_route=\/wp\/v2\/users\/2"}],"replies":[{"embeddable":true,"href":"http:\/\/www.denkfried.de\/wp\/index.php?rest_route=%2Fwp%2Fv2%2Fcomments&post=7468"}],"version-history":[{"count":3,"href":"http:\/\/www.denkfried.de\/wp\/index.php?rest_route=\/wp\/v2\/pages\/7468\/revisions"}],"predecessor-version":[{"id":7472,"href":"http:\/\/www.denkfried.de\/wp\/index.php?rest_route=\/wp\/v2\/pages\/7468\/revisions\/7472"}],"up":[{"embeddable":true,"href":"http:\/\/www.denkfried.de\/wp\/index.php?rest_route=\/wp\/v2\/pages\/7406"}],"wp:attachment":[{"href":"http:\/\/www.denkfried.de\/wp\/index.php?rest_route=%2Fwp%2Fv2%2Fmedia&parent=7468"}],"curies":[{"name":"wp","href":"https:\/\/api.w.org\/{rel}","templated":true}]}}