{"id":7462,"date":"2011-05-11T18:04:21","date_gmt":"2011-05-11T16:04:21","guid":{"rendered":"http:\/\/www.denkfried.de\/wp\/?page_id=7462"},"modified":"2014-06-09T21:11:06","modified_gmt":"2014-06-09T19:11:06","slug":"annaberg-buchholz","status":"publish","type":"page","link":"http:\/\/www.denkfried.de\/wp\/?page_id=7462","title":{"rendered":"Annaberg-Buchholz"},"content":{"rendered":"<p>&nbsp;<\/p>\n<h3><span style=\"text-decoration: underline;\"><strong>09456 Annaberg-Buchholz<\/strong><\/span><\/h3>\n<p>1 Kriegsgr\u00e4berst\u00e4tte mit 146 Toten<\/p>\n<p>Ist eine Stadt im Erzgebirge.<br \/>\nDas Stadtgebiet von Annaberg-Buchholz ist in 6 Stadtteile eingeteilt:<\/p>\n<ul>\n<li>\u00a0Annaberg<\/li>\n<\/ul>\n<ul style=\"padding-left: 30px;\">\n<li>Buchholz<\/li>\n<\/ul>\n<ul style=\"padding-left: 30px;\">\n<li>Cunersdorf &#8211; vermutlich sind auch hier Kriegsgr\u00e4ber gewesen, sind aber nicht mehr auffindbar.<\/li>\n<\/ul>\n<ul style=\"padding-left: 30px;\">\n<li>Frohnau\u00a0 \u00a0&#8211; vermutlich sind auch hier Kriegsgr\u00e4ber gewesen, sind aber nicht mehr auffindbar.<\/li>\n<\/ul>\n<ul style=\"padding-left: 30px;\">\n<li>Geyersdorf<\/li>\n<\/ul>\n<ul style=\"padding-left: 30px;\">\n<li>Kleinr\u00fcckerswalde<\/li>\n<\/ul>\n<p>W\u00e4hrend der Zeit des Nationalsozialismus wurden nach der Pogromnacht die verbliebenen 16 Juden vertrieben bzw. in Vernichtungslager deportiert. Der j\u00fcdische Friedhof wurde zerst\u00f6rt und 1940 eingeebnet. Annaberg-Buchholz blieb in der Zeit des Zweiten Weltkrieges weitesgehend von Zerst\u00f6rung verschont.<\/p>\n<hr \/>\n<p><strong>Kriegsgr\u00e4berst\u00e4tte<\/strong><br \/>\nEhrenfriedhof f\u00fcr 159 sowjetische Kriegstote auf dem Alten Friedhof, Geyersdorfer Stra\u00dfe. Davon sind 149 Tote in Einzelgr\u00e4ber beerdigt. Hier sind Rotarmisten, Kriegsgefangene und Zwangsverschleppte bestattet.<br \/>\nZust\u00e4ndig f\u00fcr den Friedhof ist die Stadtverwaltung, Am Markt 1, 09456 Annaberg-Buchholz.<\/p>\n<p>&nbsp;<\/p>\n","protected":false},"excerpt":{"rendered":"<p>&nbsp; 09456 Annaberg-Buchholz 1 Kriegsgr\u00e4berst\u00e4tte mit 146 Toten Ist eine Stadt im Erzgebirge. Das Stadtgebiet von Annaberg-Buchholz ist in 6 Stadtteile eingeteilt: \u00a0Annaberg Buchholz Cunersdorf &#8211; vermutlich sind auch hier Kriegsgr\u00e4ber gewesen, sind aber nicht mehr auffindbar. Frohnau\u00a0 \u00a0&#8211; vermutlich &hellip; <a href=\"http:\/\/www.denkfried.de\/wp\/?page_id=7462\">Weiterlesen <span class=\"meta-nav\">&rarr;<\/span><\/a><\/p>\n","protected":false},"author":2,"featured_media":0,"parent":7406,"menu_order":0,"comment_status":"closed","ping_status":"open","template":"","meta":{"footnotes":""},"class_list":["post-7462","page","type-page","status-publish","hentry"],"_links":{"self":[{"href":"http:\/\/www.denkfried.de\/wp\/index.php?rest_route=\/wp\/v2\/pages\/7462","targetHints":{"allow":["GET"]}}],"collection":[{"href":"http:\/\/www.denkfried.de\/wp\/index.php?rest_route=\/wp\/v2\/pages"}],"about":[{"href":"http:\/\/www.denkfried.de\/wp\/index.php?rest_route=\/wp\/v2\/types\/page"}],"author":[{"embeddable":true,"href":"http:\/\/www.denkfried.de\/wp\/index.php?rest_route=\/wp\/v2\/users\/2"}],"replies":[{"embeddable":true,"href":"http:\/\/www.denkfried.de\/wp\/index.php?rest_route=%2Fwp%2Fv2%2Fcomments&post=7462"}],"version-history":[{"count":6,"href":"http:\/\/www.denkfried.de\/wp\/index.php?rest_route=\/wp\/v2\/pages\/7462\/revisions"}],"predecessor-version":[{"id":35412,"href":"http:\/\/www.denkfried.de\/wp\/index.php?rest_route=\/wp\/v2\/pages\/7462\/revisions\/35412"}],"up":[{"embeddable":true,"href":"http:\/\/www.denkfried.de\/wp\/index.php?rest_route=\/wp\/v2\/pages\/7406"}],"wp:attachment":[{"href":"http:\/\/www.denkfried.de\/wp\/index.php?rest_route=%2Fwp%2Fv2%2Fmedia&parent=7462"}],"curies":[{"name":"wp","href":"https:\/\/api.w.org\/{rel}","templated":true}]}}