{"id":7448,"date":"2011-05-10T23:53:36","date_gmt":"2011-05-10T21:53:36","guid":{"rendered":"http:\/\/www.denkfried.de\/wp\/?page_id=7448"},"modified":"2011-05-10T23:53:36","modified_gmt":"2011-05-10T21:53:36","slug":"schoneck-arnoldsgrun","status":"publish","type":"page","link":"http:\/\/www.denkfried.de\/wp\/?page_id=7448","title":{"rendered":"Sch\u00f6neck-Arnoldsgr\u00fcn"},"content":{"rendered":"<p>&nbsp;<\/p>\n<p><strong>08261 Sch\u00f6neck &#8211; OT Arnoldsgr\u00fcn<\/strong><\/p>\n<p>1 Kriegsgr\u00e4berst\u00e4tte mit 4 Toten<\/p>\n<p>&nbsp;<\/p>\n","protected":false},"excerpt":{"rendered":"<p>&nbsp; 08261 Sch\u00f6neck &#8211; OT Arnoldsgr\u00fcn 1 Kriegsgr\u00e4berst\u00e4tte mit 4 Toten &nbsp;<\/p>\n","protected":false},"author":2,"featured_media":0,"parent":7429,"menu_order":0,"comment_status":"closed","ping_status":"open","template":"","meta":{"footnotes":""},"class_list":["post-7448","page","type-page","status-publish","hentry"],"_links":{"self":[{"href":"http:\/\/www.denkfried.de\/wp\/index.php?rest_route=\/wp\/v2\/pages\/7448","targetHints":{"allow":["GET"]}}],"collection":[{"href":"http:\/\/www.denkfried.de\/wp\/index.php?rest_route=\/wp\/v2\/pages"}],"about":[{"href":"http:\/\/www.denkfried.de\/wp\/index.php?rest_route=\/wp\/v2\/types\/page"}],"author":[{"embeddable":true,"href":"http:\/\/www.denkfried.de\/wp\/index.php?rest_route=\/wp\/v2\/users\/2"}],"replies":[{"embeddable":true,"href":"http:\/\/www.denkfried.de\/wp\/index.php?rest_route=%2Fwp%2Fv2%2Fcomments&post=7448"}],"version-history":[{"count":3,"href":"http:\/\/www.denkfried.de\/wp\/index.php?rest_route=\/wp\/v2\/pages\/7448\/revisions"}],"predecessor-version":[{"id":7451,"href":"http:\/\/www.denkfried.de\/wp\/index.php?rest_route=\/wp\/v2\/pages\/7448\/revisions\/7451"}],"up":[{"embeddable":true,"href":"http:\/\/www.denkfried.de\/wp\/index.php?rest_route=\/wp\/v2\/pages\/7429"}],"wp:attachment":[{"href":"http:\/\/www.denkfried.de\/wp\/index.php?rest_route=%2Fwp%2Fv2%2Fmedia&parent=7448"}],"curies":[{"name":"wp","href":"https:\/\/api.w.org\/{rel}","templated":true}]}}