{"id":7416,"date":"2011-05-10T23:01:49","date_gmt":"2011-05-10T21:01:49","guid":{"rendered":"http:\/\/www.denkfried.de\/wp\/?page_id=7416"},"modified":"2011-10-28T21:40:28","modified_gmt":"2011-10-28T19:40:28","slug":"lk-meisen","status":"publish","type":"page","link":"http:\/\/www.denkfried.de\/wp\/?page_id=7416","title":{"rendered":"LK MEI\u00dfEN"},"content":{"rendered":"<p>&nbsp;<\/p>\n<p>Verwaltungssitz:\u00a0 <span style=\"text-decoration: underline;\"><strong>01662 Mei\u00dfen<\/strong><\/span>, Brauhausstra\u00dfe 21<\/p>\n<p>*************************************************************<\/p>\n<p>Zum bisherigen Landkreis Mei\u00dfen kam mit der Kreisreform am 1.August 2008 noch der Landkreis Riesa-Gro\u00dfenhain.<br \/>\nDer neue Landkreis hat jetzt eine Gr\u00f6\u00dfe von 1.453 km\u00b2 und der Sitz der Kreisverwaltung ist Mei\u00dfen.<\/p>\n<p>&nbsp;<\/p>\n<blockquote>\n<ul>\n<li>Coswig\/Sa.<\/li>\n<li><a title=\"Diera-Zehren\" href=\"http:\/\/www.denkfried.de\/wp\/?page_id=7831\">Diera-Zehren<\/a><\/li>\n<li><a title=\"Zadel\" href=\"http:\/\/www.denkfried.de\/wp\/?page_id=13511\">Diera-Zehren-Zadel<\/a><\/li>\n<li><a title=\"Zehren\" href=\"http:\/\/www.denkfried.de\/wp\/?page_id=13508\">Diera-Zehren-Zehren<\/a><\/li>\n<\/ul>\n<ul>\n<li><a title=\"Ebersbach b.Gro\u00dfenhain\" href=\"http:\/\/www.denkfried.de\/wp\/?page_id=11624\">Ebersbach b.Gro\u00dfenhain<\/a><\/li>\n<li><a title=\"Niederebersbach\" href=\"http:\/\/www.denkfried.de\/wp\/?page_id=11635\">&#8211;\u00a0\u00a0 Niederebersbach<\/a><\/li>\n<li><a title=\"Oberebersbach\" href=\"http:\/\/www.denkfried.de\/wp\/?page_id=11647\">&#8211;\u00a0\u00a0 Oberebersbach<\/a><\/li>\n<\/ul>\n<ul>\n<li><a title=\"Hirschstein\" href=\"http:\/\/www.denkfried.de\/wp\/?page_id=11317\">Hirschstein<\/a><\/li>\n<li><a title=\"Hirschstein \u2013 Mehltheuer\" href=\"http:\/\/www.denkfried.de\/wp\/?page_id=11447\">Hirschstein-Mehltheuer<\/a><\/li>\n<li><a title=\"Hirschstein \u2013 Prausitz\" href=\"http:\/\/www.denkfried.de\/wp\/?page_id=11324\">Hirschstein-Prausitz<\/a><\/li>\n<\/ul>\n<ul>\n<li><a title=\"K\u00e4bsch\u00fctztal \u2013 Kr\u00f6gis\" href=\"http:\/\/www.denkfried.de\/wp\/?page_id=11274\">K\u00e4bsch\u00fctztal-Kr\u00f6gis<\/a><\/li>\n<\/ul>\n<ul>\n<li>Klipphausen<\/li>\n<li><a title=\"Klipphausen \u2013 Constappel\" href=\"http:\/\/www.denkfried.de\/wp\/?page_id=13609\">Klipphausen-Constappel<\/a><\/li>\n<li><a title=\"Klipphausen \u2013 Naustadt\" href=\"http:\/\/www.denkfried.de\/wp\/?page_id=11335\">Klipphausen-Naustadt<\/a><\/li>\n<li><a title=\"Klipphausen \u2013 R\u00f6hrsdorf\" href=\"http:\/\/www.denkfried.de\/wp\/?page_id=11348\">Klipphausen-R\u00f6hrsdorf<\/a><\/li>\n<\/ul>\n<ul>\n<li><a title=\"Lampertswalde\" href=\"http:\/\/www.denkfried.de\/wp\/?page_id=7835\">Lampertswalde<\/a><\/li>\n<li><a title=\"Lampertswalde \u2013 Adelsdorf\" href=\"http:\/\/www.denkfried.de\/wp\/?page_id=7841\">Lampertswalde &#8211; Adelsdorf<\/a><\/li>\n<li><a title=\"Lampertswalde \u2013 Brockwitz\" href=\"http:\/\/www.denkfried.de\/wp\/?page_id=11232\">Lampertswalde-Brockwitz<\/a><\/li>\n<li><a title=\"Lampertswalde \u2013 Quersa\" href=\"http:\/\/www.denkfried.de\/wp\/?page_id=7838\">Lampertswalde &#8211; Quersa<\/a><\/li>\n<li><a title=\"Lampertswalde \u2013 Sch\u00f6nborn\" href=\"http:\/\/www.denkfried.de\/wp\/?page_id=11686\">Lampertswalde-Sch\u00f6nborn<\/a><\/li>\n<\/ul>\n<ul>\n<li><a title=\"Lommatzsch\" href=\"http:\/\/www.denkfried.de\/wp\/?page_id=7844\">Lommatzsch<\/a><\/li>\n<li><a title=\"Lommatzsch-Striegnitz\" href=\"http:\/\/www.denkfried.de\/wp\/?page_id=7871\">Lommatzsch-Striegnitz<\/a><\/li>\n<\/ul>\n<ul>\n<li><a title=\"Mei\u00dfen\" href=\"http:\/\/www.denkfried.de\/wp\/?page_id=11457\">Mei\u00dfen<\/a><\/li>\n<li><a title=\"Mei\u00dfen \u2013 Zschaila\" href=\"http:\/\/www.denkfried.de\/wp\/?page_id=11461\">Mei\u00dfen-Zschaila<\/a><\/li>\n<\/ul>\n<p><a title=\"Mei\u00dfen-Zscheila (Sowj.FH)\" href=\"http:\/\/www.denkfried.de\/wp\/?page_id=11472\">&#8211;\u00a0\u00a0 Sowj.FH<\/a><\/p><\/blockquote>\n<blockquote>\n<ul>\n<li><a title=\"Nauwalde\" href=\"http:\/\/www.denkfried.de\/wp\/?page_id=7847\">Nauwalde<\/a><\/li>\n<\/ul>\n<ul>\n<li><a title=\"Niederau\" href=\"http:\/\/www.denkfried.de\/wp\/?page_id=11304\">Niederau<\/a><\/li>\n<li><a title=\"Niederau \u2013 Gr\u00f6bern\" href=\"http:\/\/www.denkfried.de\/wp\/?page_id=11504\">Niederau-Gr\u00f6bern<\/a><\/li>\n<li><a title=\"Oberau\" href=\"http:\/\/www.denkfried.de\/wp\/?page_id=11494\">Niederau-Oberau<\/a><\/li>\n<\/ul>\n<ul>\n<li><a title=\"N\u00fcnchritz\" href=\"http:\/\/www.denkfried.de\/wp\/?page_id=7850\">N\u00fcnchritz<\/a><\/li>\n<\/ul>\n<ul>\n<li>Priestewitz<\/li>\n<li>Priestewitz-Kmehlen<\/li>\n<li>Priestewitz-Lenz<\/li>\n<\/ul>\n<ul>\n<li>Radebeul<\/li>\n<li>Radebeul-K\u00f6tzschenbroda (DM)<\/li>\n<\/ul>\n<ul>\n<li><a title=\"Radeburg\" href=\"http:\/\/www.denkfried.de\/wp\/?page_id=7859\">Radeburg<\/a><\/li>\n<li><a title=\"Radeburg \u2013 B\u00e4rwalde\" href=\"http:\/\/www.denkfried.de\/wp\/?page_id=7862\">Radeburg-B\u00e4rwalde<\/a><\/li>\n<li>Radeburg-Gro\u00dfdittmannsdorf<\/li>\n<\/ul>\n<ul>\n<li>Riesa<\/li>\n<li>Riesa-Leutewitz<\/li>\n<\/ul>\n<ul>\n<li><a title=\"R\u00f6deraue\" href=\"http:\/\/www.denkfried.de\/wp\/?page_id=11242\">R\u00f6deraue<\/a><\/li>\n<li><a title=\"R\u00f6deraue \u2013 Frauenhain\" href=\"http:\/\/www.denkfried.de\/wp\/?page_id=11254\">R\u00f6deraue-Frauenhain<\/a><\/li>\n<li><a title=\"R\u00f6deraue \u2013 Koselitz\" href=\"http:\/\/www.denkfried.de\/wp\/?page_id=11245\">R\u00f6deraue-Koselitz<\/a><\/li>\n<\/ul>\n<ul>\n<li>Sch\u00f6nfeld\/Sa.<\/li>\n<li>Stauchitz<\/li>\n<li>Weinb\u00f6hla<\/li>\n<\/ul>\n<ul>\n<li>Wei\u00dfig a.Rasch\u00fctz<\/li>\n<li>Wei\u00dfig a.Rasch\u00fctz &#8211; Blochwitz<\/li>\n<\/ul>\n<ul>\n<li>Zabeltitz-G\u00f6rzig<\/li>\n<\/ul>\n<ul>\n<li>Zeithain<\/li>\n<li>Zeithain (Sowj.Gr\u00e4berst\u00e4tte)<\/li>\n<li>Zeithain-Kreinitz<\/li>\n<\/ul>\n<\/blockquote>\n<p>&nbsp;<\/p>\n<p>&nbsp;<\/p>\n","protected":false},"excerpt":{"rendered":"<p>&nbsp; Verwaltungssitz:\u00a0 01662 Mei\u00dfen, Brauhausstra\u00dfe 21 ************************************************************* Zum bisherigen Landkreis Mei\u00dfen kam mit der Kreisreform am 1.August 2008 noch der Landkreis Riesa-Gro\u00dfenhain. Der neue Landkreis hat jetzt eine Gr\u00f6\u00dfe von 1.453 km\u00b2 und der Sitz der Kreisverwaltung ist Mei\u00dfen. &nbsp; &hellip; <a href=\"http:\/\/www.denkfried.de\/wp\/?page_id=7416\">Weiterlesen <span class=\"meta-nav\">&rarr;<\/span><\/a><\/p>\n","protected":false},"author":2,"featured_media":0,"parent":399,"menu_order":0,"comment_status":"closed","ping_status":"open","template":"","meta":{"footnotes":""},"class_list":["post-7416","page","type-page","status-publish","hentry"],"_links":{"self":[{"href":"http:\/\/www.denkfried.de\/wp\/index.php?rest_route=\/wp\/v2\/pages\/7416","targetHints":{"allow":["GET"]}}],"collection":[{"href":"http:\/\/www.denkfried.de\/wp\/index.php?rest_route=\/wp\/v2\/pages"}],"about":[{"href":"http:\/\/www.denkfried.de\/wp\/index.php?rest_route=\/wp\/v2\/types\/page"}],"author":[{"embeddable":true,"href":"http:\/\/www.denkfried.de\/wp\/index.php?rest_route=\/wp\/v2\/users\/2"}],"replies":[{"embeddable":true,"href":"http:\/\/www.denkfried.de\/wp\/index.php?rest_route=%2Fwp%2Fv2%2Fcomments&post=7416"}],"version-history":[{"count":10,"href":"http:\/\/www.denkfried.de\/wp\/index.php?rest_route=\/wp\/v2\/pages\/7416\/revisions"}],"predecessor-version":[{"id":11217,"href":"http:\/\/www.denkfried.de\/wp\/index.php?rest_route=\/wp\/v2\/pages\/7416\/revisions\/11217"}],"up":[{"embeddable":true,"href":"http:\/\/www.denkfried.de\/wp\/index.php?rest_route=\/wp\/v2\/pages\/399"}],"wp:attachment":[{"href":"http:\/\/www.denkfried.de\/wp\/index.php?rest_route=%2Fwp%2Fv2%2Fmedia&parent=7416"}],"curies":[{"name":"wp","href":"https:\/\/api.w.org\/{rel}","templated":true}]}}