{"id":7413,"date":"2011-05-10T23:00:02","date_gmt":"2011-05-10T21:00:02","guid":{"rendered":"http:\/\/www.denkfried.de\/wp\/?page_id=7413"},"modified":"2014-05-05T06:58:53","modified_gmt":"2014-05-05T04:58:53","slug":"lk-leipzig","status":"publish","type":"page","link":"http:\/\/www.denkfried.de\/wp\/?page_id=7413","title":{"rendered":"LK LEIPZIG"},"content":{"rendered":"<p>&nbsp;<\/p>\n<p>Verwaltungssitz:\u00a0 <span style=\"text-decoration: underline;\"><strong>04552 Borna<\/strong><\/span>, Stauffenbergstra\u00dfe 4<\/p>\n<p>************************************************************<\/p>\n<p>Der Landkreis Leipziger Land umfasst nach der Kreisreform vom 1.August 2008 die ehemaligen Kreise Leipziger Land und Muldentalkreis.<br \/>\nDer neue Landkreis hat nun eine Fl\u00e4che von 1.646 km\u00b2 und der Sitz der Kreisverwaltung ist Borna.<\/p>\n<p>Gro\u00dfe Kreisst\u00e4dte:<\/p>\n<ul>\n<li style=\"text-align: left;\"><a title=\"Borna\" href=\"http:\/\/www.denkfried.de\/wp\/?page_id=7898\">Borna<\/a><\/li>\n<li style=\"text-align: left;\"><a title=\"Borna (ehem.Blumroda)\" href=\"http:\/\/www.denkfried.de\/wp\/?page_id=7933\">Borna (ehem.Blumroda)<\/a><\/li>\n<li style=\"text-align: left;\"><a title=\"Borna-Gnandorf\" href=\"http:\/\/www.denkfried.de\/wp\/?page_id=7915\">Borna-Gnandorf<\/a><\/li>\n<li style=\"text-align: left;\"><a title=\"Borna-Neukirchen\" href=\"http:\/\/www.denkfried.de\/wp\/?page_id=7921\">Borna-Neukirchen<\/a><\/li>\n<li style=\"text-align: left;\"><a href=\"http:\/\/www.denkfried.de\/wp\/?page_id=27098\">Borna-Tr\u00e4hna<\/a><\/li>\n<li style=\"text-align: left;\"><a title=\"Borna-Wyhra\" href=\"http:\/\/www.denkfried.de\/wp\/?page_id=7927\">Borna-Wyhra<\/a><\/li>\n<li style=\"text-align: left;\"><a title=\"Borna-Zedtlitz\" href=\"http:\/\/www.denkfried.de\/wp\/?page_id=7908\">Borna-Zedlitz<\/a><\/li>\n<li style=\"text-align: left;\"><a title=\"Grimma\" href=\"http:\/\/www.denkfried.de\/wp\/?page_id=7941\">Grimma<\/a><\/li>\n<li style=\"text-align: left;\"><a href=\"http:\/\/www.denkfried.de\/wp\/?page_id=33486\">Markkleeberg<\/a><\/li>\n<li style=\"text-align: left;\">Wurzen<\/li>\n<\/ul>\n<p><strong>St\u00e4dte:<\/strong><\/p>\n<blockquote>\n<ul>\n<li style=\"text-align: left;\"><a title=\"Bad Lausick\" href=\"http:\/\/www.denkfried.de\/wp\/?page_id=7892\">Bad Lausick<\/a><\/li>\n<li style=\"text-align: left;\"><a title=\"Belgershain\" href=\"http:\/\/www.denkfried.de\/wp\/?page_id=7895\">Belgershain<\/a><\/li>\n<li style=\"text-align: left;\" title=\"Borna\">B\u00f6hlen<\/li>\n<li style=\"text-align: left;\"><a title=\"Brandis\" href=\"http:\/\/www.denkfried.de\/wp\/?page_id=18533\">Brandis<\/a><\/li>\n<li style=\"text-align: left;\">Colditz<\/li>\n<li style=\"text-align: left;\">Colditz-Lastau<\/li>\n<li style=\"text-align: left;\">Deutzen<\/li>\n<li style=\"text-align: left;\">Espenhain-Oelzschau<\/li>\n<li style=\"text-align: left;\">Eulatal-Fl\u00f6\u00dfberg<\/li>\n<li style=\"text-align: left;\"><a title=\"Frohburg\" href=\"http:\/\/www.denkfried.de\/wp\/?page_id=25294\">Frohburg<\/a><\/li>\n<li style=\"text-align: left;\">Frohburg-Eschefeld<\/li>\n<li style=\"text-align: left;\"><a title=\"OT Greifenhain\" href=\"http:\/\/www.denkfried.de\/wp\/?page_id=25277\">Frohburg-Greifenhain<\/a><\/li>\n<li style=\"text-align: left;\"><a title=\"OT Prie\u00dfnitz\" href=\"http:\/\/www.denkfried.de\/wp\/?page_id=25302\">Frohburg-Prie\u00dfnitz<\/a><\/li>\n<li style=\"text-align: left;\">Geithain<\/li>\n<li style=\"text-align: left;\"><a title=\"Groitzsch-Audigast\" href=\"http:\/\/www.denkfried.de\/wp\/?page_id=7947\">Groitzsch-Audigast<\/a><\/li>\n<li style=\"text-align: left;\">Lippendorf-Kieritzsch<\/li>\n<li style=\"text-align: left;\">Lobst\u00e4dt-Kahnsdorf<\/li>\n<li style=\"text-align: left;\"><a title=\"Kitzscher\" href=\"http:\/\/www.denkfried.de\/wp\/?page_id=25282\">Kitzscher<\/a><\/li>\n<li style=\"text-align: left;\">Kitzscher-Dittmannsdorf<\/li>\n<li style=\"text-align: left;\"><a title=\"Kitzscher-Hainichen\" href=\"http:\/\/www.denkfried.de\/wp\/?page_id=7944\">Kitzscher-Hainichen<\/a><\/li>\n<li style=\"text-align: left;\">Markranst\u00e4dt<\/li>\n<li style=\"text-align: left;\">Markranst\u00e4dt-Kulkwitz<\/li>\n<li style=\"text-align: left;\"><a href=\"http:\/\/www.denkfried.de\/wp\/?page_id=27115\">Regis-Breitingen<\/a><\/li>\n<li style=\"text-align: left;\">R\u00e4pitz-Schkeitbar<\/li>\n<li style=\"text-align: left;\">R\u00f6tha<\/li>\n<li style=\"text-align: left;\">Zwenkau<\/li>\n<li style=\"text-align: left;\">Wiederitsch<\/li>\n<\/ul>\n<p><strong>Gemeinden:<\/strong><\/p>\n<ul>\n<li>Belgershain<\/li>\n<li>Bennewitz<\/li>\n<li>Borsdorf<\/li>\n<li>Deutzen<\/li>\n<li>Elstertrebnitz<\/li>\n<li>Espenhain<\/li>\n<li>Gro\u00dfp\u00f6sna\n<ul>\n<li><a title=\"Gro\u00dfp\u00f6sna-ST\u00d6RMTHAL\" href=\"http:\/\/www.denkfried.de\/wp\/?page_id=35359\">St\u00f6rmthal<\/a><\/li>\n<\/ul>\n<\/li>\n<li>Lossatal<\/li>\n<li>Machern<\/li>\n<li>Narsdorf<\/li>\n<li>Neukieritzsch<\/li>\n<li>Otterwisch<\/li>\n<li>Parthenstein<\/li>\n<li>Thallwitz<\/li>\n<\/ul>\n<p>&nbsp;<\/p><\/blockquote>\n","protected":false},"excerpt":{"rendered":"<p>&nbsp; Verwaltungssitz:\u00a0 04552 Borna, Stauffenbergstra\u00dfe 4 ************************************************************ Der Landkreis Leipziger Land umfasst nach der Kreisreform vom 1.August 2008 die ehemaligen Kreise Leipziger Land und Muldentalkreis. Der neue Landkreis hat nun eine Fl\u00e4che von 1.646 km\u00b2 und der Sitz der Kreisverwaltung &hellip; <a href=\"http:\/\/www.denkfried.de\/wp\/?page_id=7413\">Weiterlesen <span class=\"meta-nav\">&rarr;<\/span><\/a><\/p>\n","protected":false},"author":2,"featured_media":0,"parent":399,"menu_order":0,"comment_status":"closed","ping_status":"open","template":"","meta":{"footnotes":""},"class_list":["post-7413","page","type-page","status-publish","hentry"],"_links":{"self":[{"href":"http:\/\/www.denkfried.de\/wp\/index.php?rest_route=\/wp\/v2\/pages\/7413","targetHints":{"allow":["GET"]}}],"collection":[{"href":"http:\/\/www.denkfried.de\/wp\/index.php?rest_route=\/wp\/v2\/pages"}],"about":[{"href":"http:\/\/www.denkfried.de\/wp\/index.php?rest_route=\/wp\/v2\/types\/page"}],"author":[{"embeddable":true,"href":"http:\/\/www.denkfried.de\/wp\/index.php?rest_route=\/wp\/v2\/users\/2"}],"replies":[{"embeddable":true,"href":"http:\/\/www.denkfried.de\/wp\/index.php?rest_route=%2Fwp%2Fv2%2Fcomments&post=7413"}],"version-history":[{"count":18,"href":"http:\/\/www.denkfried.de\/wp\/index.php?rest_route=\/wp\/v2\/pages\/7413\/revisions"}],"predecessor-version":[{"id":35363,"href":"http:\/\/www.denkfried.de\/wp\/index.php?rest_route=\/wp\/v2\/pages\/7413\/revisions\/35363"}],"up":[{"embeddable":true,"href":"http:\/\/www.denkfried.de\/wp\/index.php?rest_route=\/wp\/v2\/pages\/399"}],"wp:attachment":[{"href":"http:\/\/www.denkfried.de\/wp\/index.php?rest_route=%2Fwp%2Fv2%2Fmedia&parent=7413"}],"curies":[{"name":"wp","href":"https:\/\/api.w.org\/{rel}","templated":true}]}}