{"id":7320,"date":"2011-05-09T14:23:08","date_gmt":"2011-05-09T12:23:08","guid":{"rendered":"http:\/\/www.denkfried.de\/wp\/?page_id=7320"},"modified":"2011-11-10T22:53:46","modified_gmt":"2011-11-10T21:53:46","slug":"elsterheide-elsterhorst","status":"publish","type":"page","link":"http:\/\/www.denkfried.de\/wp\/?page_id=7320","title":{"rendered":"Elsterheide"},"content":{"rendered":"<p>&nbsp;<\/p>\n<p><strong><span style=\"text-decoration: underline;\">02979 Elsterheide<\/span><\/strong><\/p>\n<p><a href=\"http:\/\/www.elsterheide.de\/\" target=\"_blank\">www.elsterheide.de<\/a><\/p>\n<p>&nbsp;<\/p>\n<p>In der Elsterheide liegen die Ortsteile Neuwiese (Nowa \u0141uka), Bergen (Hory), Geierswalde (Lejno), Sabrodt (Zabrod), Klein Partwitz (Bjezdowy), T\u00e4tzschwitz (Pta\u010decy), Nardt (Nar\u0107), Bluno (Blu\u0144) und Seidewinkel (\u017did\u017eino).<br \/>\nDer Ortsteil Nardt wurde im Jahr 1936 \u201eeingedeutscht\u201c und hie\u00df so bis 1945 \u201eElsterhorst\u201c. Die Gemeinde Elsterheide entstand zum 1. Juli 1995 aus den einst eigenst\u00e4ndigen Gemeinden:<\/p>\n<blockquote>\n<blockquote>\n<ul>\n<li><a title=\"Elsterheide \u2013 Bluno\" href=\"http:\/\/www.denkfried.de\/wp\/?page_id=7332\">Bluno<\/a><\/li>\n<li>Geierswalde<\/li>\n<li>Klein Partwitz<\/li>\n<li><a title=\"Elsterheide \u2013 Nardt\" href=\"http:\/\/www.denkfried.de\/wp\/?page_id=14987\">Nardt<\/a><\/li>\n<li><a title=\"Elsterheide \u2013 Neuwiese\" href=\"http:\/\/www.denkfried.de\/wp\/?page_id=15044\">Neuwiese<\/a> &#8211; Bergen<\/li>\n<li>Seidewinkel<\/li>\n<li>Sabrodt<\/li>\n<li>T\u00e4tzschwitz<\/li>\n<\/ul>\n<\/blockquote>\n<\/blockquote>\n<p>&nbsp;<\/p>\n<p>&nbsp;<\/p>\n<p>&nbsp;<\/p>\n<p>&nbsp;<\/p>\n","protected":false},"excerpt":{"rendered":"<p>&nbsp; 02979 Elsterheide www.elsterheide.de &nbsp; In der Elsterheide liegen die Ortsteile Neuwiese (Nowa \u0141uka), Bergen (Hory), Geierswalde (Lejno), Sabrodt (Zabrod), Klein Partwitz (Bjezdowy), T\u00e4tzschwitz (Pta\u010decy), Nardt (Nar\u0107), Bluno (Blu\u0144) und Seidewinkel (\u017did\u017eino). Der Ortsteil Nardt wurde im Jahr 1936 \u201eeingedeutscht\u201c &hellip; <a href=\"http:\/\/www.denkfried.de\/wp\/?page_id=7320\">Weiterlesen <span class=\"meta-nav\">&rarr;<\/span><\/a><\/p>\n","protected":false},"author":2,"featured_media":0,"parent":6233,"menu_order":0,"comment_status":"closed","ping_status":"open","template":"","meta":{"footnotes":""},"class_list":["post-7320","page","type-page","status-publish","hentry"],"_links":{"self":[{"href":"http:\/\/www.denkfried.de\/wp\/index.php?rest_route=\/wp\/v2\/pages\/7320","targetHints":{"allow":["GET"]}}],"collection":[{"href":"http:\/\/www.denkfried.de\/wp\/index.php?rest_route=\/wp\/v2\/pages"}],"about":[{"href":"http:\/\/www.denkfried.de\/wp\/index.php?rest_route=\/wp\/v2\/types\/page"}],"author":[{"embeddable":true,"href":"http:\/\/www.denkfried.de\/wp\/index.php?rest_route=\/wp\/v2\/users\/2"}],"replies":[{"embeddable":true,"href":"http:\/\/www.denkfried.de\/wp\/index.php?rest_route=%2Fwp%2Fv2%2Fcomments&post=7320"}],"version-history":[{"count":8,"href":"http:\/\/www.denkfried.de\/wp\/index.php?rest_route=\/wp\/v2\/pages\/7320\/revisions"}],"predecessor-version":[{"id":15001,"href":"http:\/\/www.denkfried.de\/wp\/index.php?rest_route=\/wp\/v2\/pages\/7320\/revisions\/15001"}],"up":[{"embeddable":true,"href":"http:\/\/www.denkfried.de\/wp\/index.php?rest_route=\/wp\/v2\/pages\/6233"}],"wp:attachment":[{"href":"http:\/\/www.denkfried.de\/wp\/index.php?rest_route=%2Fwp%2Fv2%2Fmedia&parent=7320"}],"curies":[{"name":"wp","href":"https:\/\/api.w.org\/{rel}","templated":true}]}}