{"id":7193,"date":"2011-05-08T20:52:47","date_gmt":"2011-05-08T18:52:47","guid":{"rendered":"http:\/\/www.denkfried.de\/wp\/?page_id=7193"},"modified":"2017-07-19T22:56:16","modified_gmt":"2017-07-19T20:56:16","slug":"schmolln-putzkau-trobigau","status":"publish","type":"page","link":"http:\/\/www.denkfried.de\/wp\/?page_id=7193","title":{"rendered":"&#8211; Tr\u00f6bigau"},"content":{"rendered":"<p>&nbsp;<\/p>\n<p><span style=\"text-decoration: underline;\">01877Sch\u00f6lln-Putzkau<strong> OT Tr\u00f6bigau<\/strong><\/span><\/p>\n<p>Tr\u00f6bigau geh\u00f6rt zur Gemeinde Schm\u00f6lln-Putzkau.<br \/>\nIm Jahre 1840 begann rings um den Ort der Granitabbau. Die Restl\u00f6cher der Steinbr\u00fcche sind gr\u00f6\u00dftenteils mit Wasser gef\u00fcllt und werden heute als Badegelegenheiten genutzt, das jedoch nicht ganz ungef\u00e4hrlich ist.<\/p>\n<p><strong>DENKMAL<\/strong><br \/>\nKriegerdenkmal Neuschm\u00f6llner Stra\u00dfe &#8211; vor der alten Schule<\/p>\n<div id='gallery-1' class='gallery galleryid-7193 gallery-columns-4 gallery-size-thumbnail'><dl class='gallery-item'>\n\t\t\t<dt class='gallery-icon portrait'>\n\t\t\t\t<a href='http:\/\/www.denkfried.de\/wp\/?attachment_id=7195'><img loading=\"lazy\" decoding=\"async\" width=\"150\" height=\"150\" src=\"http:\/\/www.denkfried.de\/wp\/wp-content\/uploads\/2011\/05\/P10100162-150x150.jpg\" class=\"attachment-thumbnail size-thumbnail\" alt=\"\" \/><\/a>\n\t\t\t<\/dt><\/dl><dl class='gallery-item'>\n\t\t\t<dt class='gallery-icon portrait'>\n\t\t\t\t<a href='http:\/\/www.denkfried.de\/wp\/?attachment_id=7196'><img loading=\"lazy\" decoding=\"async\" width=\"150\" height=\"150\" src=\"http:\/\/www.denkfried.de\/wp\/wp-content\/uploads\/2011\/05\/P10100173-150x150.jpg\" class=\"attachment-thumbnail size-thumbnail\" alt=\"\" \/><\/a>\n\t\t\t<\/dt><\/dl><dl class='gallery-item'>\n\t\t\t<dt class='gallery-icon portrait'>\n\t\t\t\t<a href='http:\/\/www.denkfried.de\/wp\/?attachment_id=7197'><img loading=\"lazy\" decoding=\"async\" width=\"150\" height=\"150\" src=\"http:\/\/www.denkfried.de\/wp\/wp-content\/uploads\/2011\/05\/P10100181-150x150.jpg\" class=\"attachment-thumbnail size-thumbnail\" alt=\"\" \/><\/a>\n\t\t\t<\/dt><\/dl><dl class='gallery-item'>\n\t\t\t<dt class='gallery-icon portrait'>\n\t\t\t\t<a href='http:\/\/www.denkfried.de\/wp\/?attachment_id=7194'><img loading=\"lazy\" decoding=\"async\" width=\"150\" height=\"150\" src=\"http:\/\/www.denkfried.de\/wp\/wp-content\/uploads\/2011\/05\/P1010019-150x150.jpg\" class=\"attachment-thumbnail size-thumbnail\" alt=\"\" \/><\/a>\n\t\t\t<\/dt><\/dl><br style=\"clear: both\" \/>\n\t\t<\/div>\n\n","protected":false},"excerpt":{"rendered":"<p>&nbsp; 01877Sch\u00f6lln-Putzkau OT Tr\u00f6bigau Tr\u00f6bigau geh\u00f6rt zur Gemeinde Schm\u00f6lln-Putzkau. Im Jahre 1840 begann rings um den Ort der Granitabbau. Die Restl\u00f6cher der Steinbr\u00fcche sind gr\u00f6\u00dftenteils mit Wasser gef\u00fcllt und werden heute als Badegelegenheiten genutzt, das jedoch nicht ganz ungef\u00e4hrlich ist. &hellip; <a href=\"http:\/\/www.denkfried.de\/wp\/?page_id=7193\">Weiterlesen <span class=\"meta-nav\">&rarr;<\/span><\/a><\/p>\n","protected":false},"author":2,"featured_media":0,"parent":7159,"menu_order":0,"comment_status":"closed","ping_status":"open","template":"","meta":{"footnotes":""},"class_list":["post-7193","page","type-page","status-publish","hentry"],"_links":{"self":[{"href":"http:\/\/www.denkfried.de\/wp\/index.php?rest_route=\/wp\/v2\/pages\/7193","targetHints":{"allow":["GET"]}}],"collection":[{"href":"http:\/\/www.denkfried.de\/wp\/index.php?rest_route=\/wp\/v2\/pages"}],"about":[{"href":"http:\/\/www.denkfried.de\/wp\/index.php?rest_route=\/wp\/v2\/types\/page"}],"author":[{"embeddable":true,"href":"http:\/\/www.denkfried.de\/wp\/index.php?rest_route=\/wp\/v2\/users\/2"}],"replies":[{"embeddable":true,"href":"http:\/\/www.denkfried.de\/wp\/index.php?rest_route=%2Fwp%2Fv2%2Fcomments&post=7193"}],"version-history":[{"count":4,"href":"http:\/\/www.denkfried.de\/wp\/index.php?rest_route=\/wp\/v2\/pages\/7193\/revisions"}],"predecessor-version":[{"id":41342,"href":"http:\/\/www.denkfried.de\/wp\/index.php?rest_route=\/wp\/v2\/pages\/7193\/revisions\/41342"}],"up":[{"embeddable":true,"href":"http:\/\/www.denkfried.de\/wp\/index.php?rest_route=\/wp\/v2\/pages\/7159"}],"wp:attachment":[{"href":"http:\/\/www.denkfried.de\/wp\/index.php?rest_route=%2Fwp%2Fv2%2Fmedia&parent=7193"}],"curies":[{"name":"wp","href":"https:\/\/api.w.org\/{rel}","templated":true}]}}