{"id":7152,"date":"2011-05-08T20:32:11","date_gmt":"2011-05-08T18:32:11","guid":{"rendered":"http:\/\/www.denkfried.de\/wp\/?page_id=7152"},"modified":"2018-08-26T21:25:29","modified_gmt":"2018-08-26T19:25:29","slug":"konigsbruck-neukirch","status":"publish","type":"page","link":"http:\/\/www.denkfried.de\/wp\/?page_id=7152","title":{"rendered":"Neukirch (b.K\u00f6nigsbr\u00fcck)"},"content":{"rendered":"<p>&nbsp;<\/p>\n<p><span style=\"text-decoration: underline;\"><strong>01936 Neukirch b. K\u00f6nigsbr\u00fcck<\/strong><\/span><\/p>\n<p>Die kleine Gemeinde liegt im \u00fcberwiegend bewaldeten Heideland der K\u00f6nigsbr\u00fccker Heide, das teilweise zum Landschaftsschutzgebiet Westlausitz geh\u00f6rt. Die Nachbargemeinden sind K\u00f6nigsbr\u00fcck, Sch\u00f6nteichen und Schwepnitz. Neukirch liegt \u00f6stlich des Truppen\u00fcbungsplatzes K\u00f6nigsbr\u00fcck. Durch die Gemeinde flie\u00dft der Otterbach.<\/p>\n<p>Ortsteile von Neukirch:<\/p>\n<ul>\n<li>Gottschdorf<\/li>\n<li>Koitzsch<\/li>\n<li>Neukirch<\/li>\n<li><a href=\"http:\/\/www.denkfried.de\/wp\/?page_id=10989\">Schmorkau<\/a><\/li>\n<li>Wei\u00dfbach<\/li>\n<\/ul>\n<p>&nbsp;<\/p>\n<p>1 <strong>Kriegsgr\u00e4berst\u00e4tte<\/strong> mit 15 Toten<br \/>\nDer Friedhof liegt am Ortsrand.<\/p>\n<p><strong>DENKMAL<\/strong> vor der Kirche<br \/>\nDer ehemalige Friedhof hier ist nicht mehr belegt.<\/p>\n<div id='gallery-1' class='gallery galleryid-7152 gallery-columns-4 gallery-size-thumbnail'><dl class='gallery-item'>\n\t\t\t<dt class='gallery-icon landscape'>\n\t\t\t\t<a href='http:\/\/www.denkfried.de\/wp\/?attachment_id=7154'><img loading=\"lazy\" decoding=\"async\" width=\"150\" height=\"150\" src=\"http:\/\/www.denkfried.de\/wp\/wp-content\/uploads\/2011\/05\/Kriegsgr\u00e4berst\u00e4tte-150x150.jpg\" class=\"attachment-thumbnail size-thumbnail\" alt=\"\" \/><\/a>\n\t\t\t<\/dt><\/dl><dl class='gallery-item'>\n\t\t\t<dt class='gallery-icon portrait'>\n\t\t\t\t<a href='http:\/\/www.denkfried.de\/wp\/?attachment_id=7155'><img loading=\"lazy\" decoding=\"async\" width=\"150\" height=\"150\" src=\"http:\/\/www.denkfried.de\/wp\/wp-content\/uploads\/2011\/05\/Kriegsgr\u00e4berst\u00e4tte-21-150x150.jpg\" class=\"attachment-thumbnail size-thumbnail\" alt=\"\" \/><\/a>\n\t\t\t<\/dt><\/dl><dl class='gallery-item'>\n\t\t\t<dt class='gallery-icon landscape'>\n\t\t\t\t<a href='http:\/\/www.denkfried.de\/wp\/?attachment_id=7156'><img loading=\"lazy\" decoding=\"async\" width=\"150\" height=\"150\" src=\"http:\/\/www.denkfried.de\/wp\/wp-content\/uploads\/2011\/05\/Neukirch-K\u00f6n.-150x150.jpg\" class=\"attachment-thumbnail size-thumbnail\" alt=\"\" \/><\/a>\n\t\t\t<\/dt><\/dl><dl class='gallery-item'>\n\t\t\t<dt class='gallery-icon landscape'>\n\t\t\t\t<a href='http:\/\/www.denkfried.de\/wp\/?attachment_id=7153'><img loading=\"lazy\" decoding=\"async\" width=\"150\" height=\"150\" src=\"http:\/\/www.denkfried.de\/wp\/wp-content\/uploads\/2011\/05\/Denkmal-Neukirch-K\u00f6nigsbr\u00fcck-150x150.jpg\" class=\"attachment-thumbnail size-thumbnail\" alt=\"\" \/><\/a>\n\t\t\t<\/dt><\/dl><br style=\"clear: both\" \/>\n\t\t<\/div>\n\n","protected":false},"excerpt":{"rendered":"<p>&nbsp; 01936 Neukirch b. K\u00f6nigsbr\u00fcck Die kleine Gemeinde liegt im \u00fcberwiegend bewaldeten Heideland der K\u00f6nigsbr\u00fccker Heide, das teilweise zum Landschaftsschutzgebiet Westlausitz geh\u00f6rt. Die Nachbargemeinden sind K\u00f6nigsbr\u00fcck, Sch\u00f6nteichen und Schwepnitz. Neukirch liegt \u00f6stlich des Truppen\u00fcbungsplatzes K\u00f6nigsbr\u00fcck. Durch die Gemeinde flie\u00dft der &hellip; <a href=\"http:\/\/www.denkfried.de\/wp\/?page_id=7152\">Weiterlesen <span class=\"meta-nav\">&rarr;<\/span><\/a><\/p>\n","protected":false},"author":2,"featured_media":0,"parent":6233,"menu_order":0,"comment_status":"closed","ping_status":"open","template":"","meta":{"footnotes":""},"class_list":["post-7152","page","type-page","status-publish","hentry"],"_links":{"self":[{"href":"http:\/\/www.denkfried.de\/wp\/index.php?rest_route=\/wp\/v2\/pages\/7152","targetHints":{"allow":["GET"]}}],"collection":[{"href":"http:\/\/www.denkfried.de\/wp\/index.php?rest_route=\/wp\/v2\/pages"}],"about":[{"href":"http:\/\/www.denkfried.de\/wp\/index.php?rest_route=\/wp\/v2\/types\/page"}],"author":[{"embeddable":true,"href":"http:\/\/www.denkfried.de\/wp\/index.php?rest_route=\/wp\/v2\/users\/2"}],"replies":[{"embeddable":true,"href":"http:\/\/www.denkfried.de\/wp\/index.php?rest_route=%2Fwp%2Fv2%2Fcomments&post=7152"}],"version-history":[{"count":8,"href":"http:\/\/www.denkfried.de\/wp\/index.php?rest_route=\/wp\/v2\/pages\/7152\/revisions"}],"predecessor-version":[{"id":41621,"href":"http:\/\/www.denkfried.de\/wp\/index.php?rest_route=\/wp\/v2\/pages\/7152\/revisions\/41621"}],"up":[{"embeddable":true,"href":"http:\/\/www.denkfried.de\/wp\/index.php?rest_route=\/wp\/v2\/pages\/6233"}],"wp:attachment":[{"href":"http:\/\/www.denkfried.de\/wp\/index.php?rest_route=%2Fwp%2Fv2%2Fmedia&parent=7152"}],"curies":[{"name":"wp","href":"https:\/\/api.w.org\/{rel}","templated":true}]}}