{"id":7143,"date":"2011-05-08T20:14:09","date_gmt":"2011-05-08T18:14:09","guid":{"rendered":"http:\/\/www.denkfried.de\/wp\/?page_id=7143"},"modified":"2011-05-08T20:14:09","modified_gmt":"2011-05-08T18:14:09","slug":"ottendorf-okrilla","status":"publish","type":"page","link":"http:\/\/www.denkfried.de\/wp\/?page_id=7143","title":{"rendered":"Ottendorf-Okrilla"},"content":{"rendered":"<p>&nbsp;<\/p>\n<p><strong>01458 Ottendorf-Okrilla<\/strong><\/p>\n<p><strong>Ortsteile<\/strong>:<br \/>\nGr\u00fcnberg<br \/>\nMedingen<br \/>\nHermsdorf<\/p>\n<hr \/>\n<p><a href=\"http:\/\/www.ottendorf-okrilla.de\/\" target=\"_blank\">www.ottendorf-okrilla.de<\/a><br \/>\nOttendorf-Okrilla  liegt im Freistaat Sachsen und ist ungef\u00e4hr 20 Kilometer nord\u00f6stlich  von Dresden entfernt. Im Norden grenzt die Gemeinde an die Lau\u00dfnitzer  Heide, im S\u00fcden an die Gro\u00dfe R\u00f6der.<\/p>\n<p>Besonderheit<br \/>\nAm 4. M\u00e4rz  1959, 13:51 Uhr st\u00fcrzte 5,70 km vor der Landebahn des Flughafens Dresden  nahe Ottendorf-Okrilla bei seinem zweiten Erprobungsflug das erste und  einzige von der DDR eigenentwickelte Flugzeug vom Typ 152\/V1,  Kennzeichen DM-ZYA ab. Alle 4 Besatzungsmitglieder starben.<br \/>\nDie Piloten wurden auf dem Friedhof in Dresden Klotzsche beigesetzt.<\/p>\n<hr \/>\n<p><strong>Kriegsgr\u00e4berst\u00e4tte<\/strong><br \/>\nmit 61 Toten auf dem Friedhof an der Kirche<br \/>\nBei den Toten handelt es sich \u00fcberwiegend um Opfer des Bombenangriffs auf Dresden im Februar 1945.<\/p>\n<p><strong>Denkmal<\/strong><br \/>\n1.Weltkrieg<\/p>\n<div id='gallery-1' class='gallery galleryid-7143 gallery-columns-3 gallery-size-thumbnail'><dl class='gallery-item'>\n\t\t\t<dt class='gallery-icon portrait'>\n\t\t\t\t<a href='http:\/\/www.denkfried.de\/wp\/?attachment_id=7146'><img loading=\"lazy\" decoding=\"async\" width=\"150\" height=\"150\" src=\"http:\/\/www.denkfried.de\/wp\/wp-content\/uploads\/2011\/05\/P6010020-150x150.jpg\" class=\"attachment-thumbnail size-thumbnail\" alt=\"\" \/><\/a>\n\t\t\t<\/dt><\/dl><dl class='gallery-item'>\n\t\t\t<dt class='gallery-icon landscape'>\n\t\t\t\t<a href='http:\/\/www.denkfried.de\/wp\/?attachment_id=7145'><img loading=\"lazy\" decoding=\"async\" width=\"150\" height=\"150\" src=\"http:\/\/www.denkfried.de\/wp\/wp-content\/uploads\/2011\/05\/P6010019-150x150.jpg\" class=\"attachment-thumbnail size-thumbnail\" alt=\"\" \/><\/a>\n\t\t\t<\/dt><\/dl><dl class='gallery-item'>\n\t\t\t<dt class='gallery-icon landscape'>\n\t\t\t\t<a href='http:\/\/www.denkfried.de\/wp\/?attachment_id=7147'><img loading=\"lazy\" decoding=\"async\" width=\"150\" height=\"150\" src=\"http:\/\/www.denkfried.de\/wp\/wp-content\/uploads\/2011\/05\/P6010021-150x150.jpg\" class=\"attachment-thumbnail size-thumbnail\" alt=\"\" \/><\/a>\n\t\t\t<\/dt><\/dl><br style=\"clear: both\" \/><dl class='gallery-item'>\n\t\t\t<dt class='gallery-icon portrait'>\n\t\t\t\t<a href='http:\/\/www.denkfried.de\/wp\/?attachment_id=7148'><img loading=\"lazy\" decoding=\"async\" width=\"150\" height=\"150\" src=\"http:\/\/www.denkfried.de\/wp\/wp-content\/uploads\/2011\/05\/P6010013-150x150.jpg\" class=\"attachment-thumbnail size-thumbnail\" alt=\"\" \/><\/a>\n\t\t\t<\/dt><\/dl><dl class='gallery-item'>\n\t\t\t<dt class='gallery-icon portrait'>\n\t\t\t\t<a href='http:\/\/www.denkfried.de\/wp\/?attachment_id=7149'><img loading=\"lazy\" decoding=\"async\" width=\"150\" height=\"150\" src=\"http:\/\/www.denkfried.de\/wp\/wp-content\/uploads\/2011\/05\/P6010014-150x150.jpg\" class=\"attachment-thumbnail size-thumbnail\" alt=\"\" \/><\/a>\n\t\t\t<\/dt><\/dl><dl class='gallery-item'>\n\t\t\t<dt class='gallery-icon landscape'>\n\t\t\t\t<a href='http:\/\/www.denkfried.de\/wp\/?attachment_id=7144'><img loading=\"lazy\" decoding=\"async\" width=\"150\" height=\"150\" src=\"http:\/\/www.denkfried.de\/wp\/wp-content\/uploads\/2011\/05\/P6010015-150x150.jpg\" class=\"attachment-thumbnail size-thumbnail\" alt=\"\" \/><\/a>\n\t\t\t<\/dt><\/dl><br style=\"clear: both\" \/>\n\t\t<\/div>\n\n","protected":false},"excerpt":{"rendered":"<p>&nbsp; 01458 Ottendorf-Okrilla Ortsteile: Gr\u00fcnberg Medingen Hermsdorf www.ottendorf-okrilla.de Ottendorf-Okrilla liegt im Freistaat Sachsen und ist ungef\u00e4hr 20 Kilometer nord\u00f6stlich von Dresden entfernt. Im Norden grenzt die Gemeinde an die Lau\u00dfnitzer Heide, im S\u00fcden an die Gro\u00dfe R\u00f6der. Besonderheit Am 4. &hellip; <a href=\"http:\/\/www.denkfried.de\/wp\/?page_id=7143\">Weiterlesen <span class=\"meta-nav\">&rarr;<\/span><\/a><\/p>\n","protected":false},"author":2,"featured_media":0,"parent":6233,"menu_order":0,"comment_status":"closed","ping_status":"open","template":"","meta":{"footnotes":""},"class_list":["post-7143","page","type-page","status-publish","hentry"],"_links":{"self":[{"href":"http:\/\/www.denkfried.de\/wp\/index.php?rest_route=\/wp\/v2\/pages\/7143","targetHints":{"allow":["GET"]}}],"collection":[{"href":"http:\/\/www.denkfried.de\/wp\/index.php?rest_route=\/wp\/v2\/pages"}],"about":[{"href":"http:\/\/www.denkfried.de\/wp\/index.php?rest_route=\/wp\/v2\/types\/page"}],"author":[{"embeddable":true,"href":"http:\/\/www.denkfried.de\/wp\/index.php?rest_route=\/wp\/v2\/users\/2"}],"replies":[{"embeddable":true,"href":"http:\/\/www.denkfried.de\/wp\/index.php?rest_route=%2Fwp%2Fv2%2Fcomments&post=7143"}],"version-history":[{"count":2,"href":"http:\/\/www.denkfried.de\/wp\/index.php?rest_route=\/wp\/v2\/pages\/7143\/revisions"}],"predecessor-version":[{"id":7151,"href":"http:\/\/www.denkfried.de\/wp\/index.php?rest_route=\/wp\/v2\/pages\/7143\/revisions\/7151"}],"up":[{"embeddable":true,"href":"http:\/\/www.denkfried.de\/wp\/index.php?rest_route=\/wp\/v2\/pages\/6233"}],"wp:attachment":[{"href":"http:\/\/www.denkfried.de\/wp\/index.php?rest_route=%2Fwp%2Fv2%2Fmedia&parent=7143"}],"curies":[{"name":"wp","href":"https:\/\/api.w.org\/{rel}","templated":true}]}}