{"id":6905,"date":"2011-05-06T22:50:25","date_gmt":"2011-05-06T20:50:25","guid":{"rendered":"http:\/\/www.denkfried.de\/wp\/?page_id=6905"},"modified":"2011-05-06T22:50:25","modified_gmt":"2011-05-06T20:50:25","slug":"obergurig","status":"publish","type":"page","link":"http:\/\/www.denkfried.de\/wp\/?page_id=6905","title":{"rendered":"Obergurig"},"content":{"rendered":"<p>&nbsp;<\/p>\n<div id=\"msg_1244\"><strong>02692 Obergurig<\/strong>&nbsp;<\/p>\n<p><a href=\"http:\/\/www.obergurig.de\/\" target=\"_blank\">www.obergurig.de<\/a><\/p>\n<p><strong>Ortsteile:<\/strong><br \/>\nGro\u00dfd\u00f6bsch\u00fctz<br \/>\nKleind\u00f6bsch\u00fctz<br \/>\nSchwarznau\u00dflitz<br \/>\nSingwitz<\/p>\n<hr \/>\n<\/div>\n<div id=\"msg_1244\">Obergurig  liegt etwa 4 km s\u00fcdlich der Gro\u00dfen Kreisstadt Bautzen am n\u00f6rdlichen  Abhang des Lausitzer Berglandes. Die Gemeinde wird begrenzt von Bautzen  und Gro\u00dfpostwitz im Osten, Wilthen im S\u00fcden und Doberschau-Gau\u00dfig im  Westen.&nbsp;<\/p>\n<p>Friedhof\u00a0 \u00a0 \u00a0 \u00a0 \u00a0 \u00a0 \u00a0 \u00a0 \u00a0 \u00a0 \u00a0 \u00a0 \u00a0 \u00a0 \u00a0 \u00a0 \u00a0 \u00a0 \u00a0 \u00a0 \u00a0 \u00a0 \u00a0 \u00a0 \u00a0 \u00a0 \u00a0 \u00a0 \u00a0 \u00a0 \u00a0 Deutschland\/Obergurig-KGST<\/p>\n<\/div>\n","protected":false},"excerpt":{"rendered":"<p>&nbsp; 02692 Obergurig&nbsp; www.obergurig.de Ortsteile: Gro\u00dfd\u00f6bsch\u00fctz Kleind\u00f6bsch\u00fctz Schwarznau\u00dflitz Singwitz Obergurig liegt etwa 4 km s\u00fcdlich der Gro\u00dfen Kreisstadt Bautzen am n\u00f6rdlichen Abhang des Lausitzer Berglandes. Die Gemeinde wird begrenzt von Bautzen und Gro\u00dfpostwitz im Osten, Wilthen im S\u00fcden und Doberschau-Gau\u00dfig &hellip; <a href=\"http:\/\/www.denkfried.de\/wp\/?page_id=6905\">Weiterlesen <span class=\"meta-nav\">&rarr;<\/span><\/a><\/p>\n","protected":false},"author":2,"featured_media":0,"parent":6233,"menu_order":0,"comment_status":"closed","ping_status":"open","template":"","meta":{"footnotes":""},"class_list":["post-6905","page","type-page","status-publish","hentry"],"_links":{"self":[{"href":"http:\/\/www.denkfried.de\/wp\/index.php?rest_route=\/wp\/v2\/pages\/6905","targetHints":{"allow":["GET"]}}],"collection":[{"href":"http:\/\/www.denkfried.de\/wp\/index.php?rest_route=\/wp\/v2\/pages"}],"about":[{"href":"http:\/\/www.denkfried.de\/wp\/index.php?rest_route=\/wp\/v2\/types\/page"}],"author":[{"embeddable":true,"href":"http:\/\/www.denkfried.de\/wp\/index.php?rest_route=\/wp\/v2\/users\/2"}],"replies":[{"embeddable":true,"href":"http:\/\/www.denkfried.de\/wp\/index.php?rest_route=%2Fwp%2Fv2%2Fcomments&post=6905"}],"version-history":[{"count":2,"href":"http:\/\/www.denkfried.de\/wp\/index.php?rest_route=\/wp\/v2\/pages\/6905\/revisions"}],"predecessor-version":[{"id":6907,"href":"http:\/\/www.denkfried.de\/wp\/index.php?rest_route=\/wp\/v2\/pages\/6905\/revisions\/6907"}],"up":[{"embeddable":true,"href":"http:\/\/www.denkfried.de\/wp\/index.php?rest_route=\/wp\/v2\/pages\/6233"}],"wp:attachment":[{"href":"http:\/\/www.denkfried.de\/wp\/index.php?rest_route=%2Fwp%2Fv2%2Fmedia&parent=6905"}],"curies":[{"name":"wp","href":"https:\/\/api.w.org\/{rel}","templated":true}]}}