{"id":689,"date":"2011-04-04T15:33:01","date_gmt":"2011-04-04T13:33:01","guid":{"rendered":"http:\/\/www.denkfried.de\/wp\/?page_id=689"},"modified":"2011-04-04T15:33:01","modified_gmt":"2011-04-04T13:33:01","slug":"nazareth","status":"publish","type":"page","link":"http:\/\/www.denkfried.de\/wp\/?page_id=689","title":{"rendered":"NAZARETH"},"content":{"rendered":"<p><span style=\"text-decoration: underline;\"><span style=\"color: #ff0000;\"><strong>Nazareth<\/strong><\/span><\/span> ist eine Stadt im Nordbezirk Israels.<\/p>\n<p>Auf der Kriegsgr\u00e4berst\u00e4tte, die am 30.Juni 1935 eingeweiht wurde, liegen 416 Deutsche des 1.Weltkrieges.<br \/>\nDer  Friedhof geh\u00f6rte \u00f6sterreichischen M\u00f6nche des Klosters der Barmherzigen  Br\u00fcder. Den M\u00f6nchen ist es zu verdanken das die Gr\u00e4ber immer gepflegt  wurden. 1932 baute der Volksbund die Terasse mit Ehrenhof, Ehrenhalle  und Turm.<br \/>\nIn den 80er jahren wurden der Hof, die Gedenkhalle und der Turm renoviert. Das Erzbistum K\u00f6ln spendete ein neues Gl\u00f6ckengel\u00e4ut.<br \/>\nDie Namen der soldaten stehn auf 86 Schrifttafeln.<br \/>\nDer  Friedhof befindet sich heute in der Obhut des italienischen M\u00f6nchsorden  &#8222;Ordine Ospedaliero di Giovanni di Dio&#8220; und wird vom Volksbund  erhalten.<\/p>\n","protected":false},"excerpt":{"rendered":"<p>Nazareth ist eine Stadt im Nordbezirk Israels. Auf der Kriegsgr\u00e4berst\u00e4tte, die am 30.Juni 1935 eingeweiht wurde, liegen 416 Deutsche des 1.Weltkrieges. Der Friedhof geh\u00f6rte \u00f6sterreichischen M\u00f6nche des Klosters der Barmherzigen Br\u00fcder. Den M\u00f6nchen ist es zu verdanken das die Gr\u00e4ber &hellip; <a href=\"http:\/\/www.denkfried.de\/wp\/?page_id=689\">Weiterlesen <span class=\"meta-nav\">&rarr;<\/span><\/a><\/p>\n","protected":false},"author":2,"featured_media":0,"parent":245,"menu_order":0,"comment_status":"closed","ping_status":"open","template":"","meta":{"footnotes":""},"class_list":["post-689","page","type-page","status-publish","hentry"],"_links":{"self":[{"href":"http:\/\/www.denkfried.de\/wp\/index.php?rest_route=\/wp\/v2\/pages\/689","targetHints":{"allow":["GET"]}}],"collection":[{"href":"http:\/\/www.denkfried.de\/wp\/index.php?rest_route=\/wp\/v2\/pages"}],"about":[{"href":"http:\/\/www.denkfried.de\/wp\/index.php?rest_route=\/wp\/v2\/types\/page"}],"author":[{"embeddable":true,"href":"http:\/\/www.denkfried.de\/wp\/index.php?rest_route=\/wp\/v2\/users\/2"}],"replies":[{"embeddable":true,"href":"http:\/\/www.denkfried.de\/wp\/index.php?rest_route=%2Fwp%2Fv2%2Fcomments&post=689"}],"version-history":[{"count":2,"href":"http:\/\/www.denkfried.de\/wp\/index.php?rest_route=\/wp\/v2\/pages\/689\/revisions"}],"predecessor-version":[{"id":691,"href":"http:\/\/www.denkfried.de\/wp\/index.php?rest_route=\/wp\/v2\/pages\/689\/revisions\/691"}],"up":[{"embeddable":true,"href":"http:\/\/www.denkfried.de\/wp\/index.php?rest_route=\/wp\/v2\/pages\/245"}],"wp:attachment":[{"href":"http:\/\/www.denkfried.de\/wp\/index.php?rest_route=%2Fwp%2Fv2%2Fmedia&parent=689"}],"curies":[{"name":"wp","href":"https:\/\/api.w.org\/{rel}","templated":true}]}}