{"id":681,"date":"2011-04-04T14:36:01","date_gmt":"2011-04-04T12:36:01","guid":{"rendered":"http:\/\/www.denkfried.de\/wp\/?page_id=681"},"modified":"2011-04-04T14:36:01","modified_gmt":"2011-04-04T12:36:01","slug":"mingetschaur","status":"publish","type":"page","link":"http:\/\/www.denkfried.de\/wp\/?page_id=681","title":{"rendered":"MINGETSCHAUR"},"content":{"rendered":"<p><span style=\"text-decoration: underline;\"><strong>Mingetschaur<\/strong><\/span> oder auch Ming\u00e4chevir<\/p>\n<p>Die  Stadt ist die viertgr\u00f6\u00dfte Stadt Aserbaidschans. Sie wurde 1948  gegr\u00fcndet und durch deutsche Kriegsgefangene erbaut. Hier befand sich  das Kriegsgefangenenlager 7444.<\/p>\n<p>Der deutsche  Kriegsgefangenenfriedhof, hier ruhen 828 Deutsche, war erhalten  geblieben und wurde 1999 wiederhergestellt. Die Anlage befindet sich am  Stausee der Kura.<\/p>\n<p>Unter\u00a0 <a href=\"http:\/\/www.infobitte.de\/\" target=\"_blank\">www.infobitte.de<\/a> hab ich folgende Notiz gefunden:<br \/>\nMingetschaur,  sowjet.Ortschaft in Transkaukasien mit der Uprawleije* 7-144, 1945 mit  Kapitulationsgefangenen errichtet. Infolge katastrophaler  Lebensverh\u00e4ltnisse starben viel Insassen von M. Auf einem Friedhof beim  Kraftwerk liegen etwa 2.000 Mann. Auf weiteren Friedh\u00f6fen bei den Lagern  7-144\/2 und 7-144\/3 befinden sich Massengr\u00e4ber mit insges. ca.6.000  deutschen Soldaten.<br \/>\n*Uprawlenije=russ.Bezeichnung f\u00fcr mehrere zu  einer Lagerverwaltung zusammengefasste Kriegsgefangenenlager unter  gemeinsamer Lagernummer.<\/p>\n","protected":false},"excerpt":{"rendered":"<p>Mingetschaur oder auch Ming\u00e4chevir Die Stadt ist die viertgr\u00f6\u00dfte Stadt Aserbaidschans. Sie wurde 1948 gegr\u00fcndet und durch deutsche Kriegsgefangene erbaut. Hier befand sich das Kriegsgefangenenlager 7444. Der deutsche Kriegsgefangenenfriedhof, hier ruhen 828 Deutsche, war erhalten geblieben und wurde 1999 wiederhergestellt. &hellip; <a href=\"http:\/\/www.denkfried.de\/wp\/?page_id=681\">Weiterlesen <span class=\"meta-nav\">&rarr;<\/span><\/a><\/p>\n","protected":false},"author":2,"featured_media":0,"parent":239,"menu_order":0,"comment_status":"closed","ping_status":"open","template":"","meta":{"footnotes":""},"class_list":["post-681","page","type-page","status-publish","hentry"],"_links":{"self":[{"href":"http:\/\/www.denkfried.de\/wp\/index.php?rest_route=\/wp\/v2\/pages\/681","targetHints":{"allow":["GET"]}}],"collection":[{"href":"http:\/\/www.denkfried.de\/wp\/index.php?rest_route=\/wp\/v2\/pages"}],"about":[{"href":"http:\/\/www.denkfried.de\/wp\/index.php?rest_route=\/wp\/v2\/types\/page"}],"author":[{"embeddable":true,"href":"http:\/\/www.denkfried.de\/wp\/index.php?rest_route=\/wp\/v2\/users\/2"}],"replies":[{"embeddable":true,"href":"http:\/\/www.denkfried.de\/wp\/index.php?rest_route=%2Fwp%2Fv2%2Fcomments&post=681"}],"version-history":[{"count":2,"href":"http:\/\/www.denkfried.de\/wp\/index.php?rest_route=\/wp\/v2\/pages\/681\/revisions"}],"predecessor-version":[{"id":683,"href":"http:\/\/www.denkfried.de\/wp\/index.php?rest_route=\/wp\/v2\/pages\/681\/revisions\/683"}],"up":[{"embeddable":true,"href":"http:\/\/www.denkfried.de\/wp\/index.php?rest_route=\/wp\/v2\/pages\/239"}],"wp:attachment":[{"href":"http:\/\/www.denkfried.de\/wp\/index.php?rest_route=%2Fwp%2Fv2%2Fmedia&parent=681"}],"curies":[{"name":"wp","href":"https:\/\/api.w.org\/{rel}","templated":true}]}}