{"id":6733,"date":"2011-05-04T23:47:48","date_gmt":"2011-05-04T21:47:48","guid":{"rendered":"http:\/\/www.denkfried.de\/wp\/?page_id=6733"},"modified":"2013-10-08T00:34:29","modified_gmt":"2013-10-07T22:34:29","slug":"radibor","status":"publish","type":"page","link":"http:\/\/www.denkfried.de\/wp\/?page_id=6733","title":{"rendered":"Radibor"},"content":{"rendered":"<p>&nbsp;<\/p>\n<p><strong>02627 Radibor<\/strong><br \/>\n<a href=\"http:\/\/www.radibor.de\/\" target=\"_blank\">www.radibor.de<\/a><\/p>\n<p><strong>Ortsteile:<\/strong><\/p>\n<blockquote>\n<blockquote>\n<ul>\n<li><a title=\"C\u00f6lln\" href=\"http:\/\/www.denkfried.de\/wp\/?page_id=33200\">C\u00f6lln<\/a><\/li>\n<li>Lippitsch<\/li>\n<li>Lomske<\/li>\n<li><a title=\"Radibor-Luppa\" href=\"http:\/\/www.denkfried.de\/wp\/?page_id=7384\">Luppa<\/a><\/li>\n<li>Luppedubrau<\/li>\n<li><a title=\"Radibor-Milkel\" href=\"http:\/\/www.denkfried.de\/wp\/?page_id=7375\">Milkel<\/a><\/li>\n<li>Milkwitz<\/li>\n<li>Schwarzadler<\/li>\n<\/ul>\n<\/blockquote>\n<\/blockquote>\n<hr \/>\n<p>Wolf Heinrich von Baudissin (* 1579 in Luppa; \u2020 1646 in Luppa), s\u00e4chsischer Feldmarschall in der schwedischen Armee im Drei\u00dfigj\u00e4hrigen Krieg.<br \/>\nMaria Grollmu\u00df (* 1896 in Leipzig; \u2020 1944 im KZ Ravensbr\u00fcck), katholische und sozialistische Widerstandsk\u00e4mpferin<\/p>\n<p>Alois Andritzki (Alojs Andricki) (* 2. Juli 1914 in Radibor; \u2020 3. Februar 1943 im KZ Dachau), sorbischer katholischer Priester und christlicher M\u00e4rtyrer<\/p>\n<p>&nbsp;<\/p>\n","protected":false},"excerpt":{"rendered":"<p>&nbsp; 02627 Radibor www.radibor.de Ortsteile: C\u00f6lln Lippitsch Lomske Luppa Luppedubrau Milkel Milkwitz Schwarzadler Wolf Heinrich von Baudissin (* 1579 in Luppa; \u2020 1646 in Luppa), s\u00e4chsischer Feldmarschall in der schwedischen Armee im Drei\u00dfigj\u00e4hrigen Krieg. Maria Grollmu\u00df (* 1896 in Leipzig; &hellip; <a href=\"http:\/\/www.denkfried.de\/wp\/?page_id=6733\">Weiterlesen <span class=\"meta-nav\">&rarr;<\/span><\/a><\/p>\n","protected":false},"author":2,"featured_media":0,"parent":6233,"menu_order":0,"comment_status":"closed","ping_status":"open","template":"","meta":{"footnotes":""},"class_list":["post-6733","page","type-page","status-publish","hentry"],"_links":{"self":[{"href":"http:\/\/www.denkfried.de\/wp\/index.php?rest_route=\/wp\/v2\/pages\/6733","targetHints":{"allow":["GET"]}}],"collection":[{"href":"http:\/\/www.denkfried.de\/wp\/index.php?rest_route=\/wp\/v2\/pages"}],"about":[{"href":"http:\/\/www.denkfried.de\/wp\/index.php?rest_route=\/wp\/v2\/types\/page"}],"author":[{"embeddable":true,"href":"http:\/\/www.denkfried.de\/wp\/index.php?rest_route=\/wp\/v2\/users\/2"}],"replies":[{"embeddable":true,"href":"http:\/\/www.denkfried.de\/wp\/index.php?rest_route=%2Fwp%2Fv2%2Fcomments&post=6733"}],"version-history":[{"count":6,"href":"http:\/\/www.denkfried.de\/wp\/index.php?rest_route=\/wp\/v2\/pages\/6733\/revisions"}],"predecessor-version":[{"id":33206,"href":"http:\/\/www.denkfried.de\/wp\/index.php?rest_route=\/wp\/v2\/pages\/6733\/revisions\/33206"}],"up":[{"embeddable":true,"href":"http:\/\/www.denkfried.de\/wp\/index.php?rest_route=\/wp\/v2\/pages\/6233"}],"wp:attachment":[{"href":"http:\/\/www.denkfried.de\/wp\/index.php?rest_route=%2Fwp%2Fv2%2Fmedia&parent=6733"}],"curies":[{"name":"wp","href":"https:\/\/api.w.org\/{rel}","templated":true}]}}