{"id":6714,"date":"2011-05-04T23:35:40","date_gmt":"2011-05-04T21:35:40","guid":{"rendered":"http:\/\/www.denkfried.de\/wp\/?page_id=6714"},"modified":"2020-11-13T00:14:17","modified_gmt":"2020-11-12T23:14:17","slug":"sohland-taubenheim","status":"publish","type":"page","link":"http:\/\/www.denkfried.de\/wp\/?page_id=6714","title":{"rendered":"&#8211; Taubenheim"},"content":{"rendered":"<p>&nbsp;<\/p>\n<p><strong>02689 Sohland &#8211; OT Taubenheim<\/strong><\/p>\n<p>Taubenheim\/Spree befindet sich im S\u00fcdosten von Sachsen, an der Grenze zu Nordb\u00f6hmen (Tschechien).<br \/>\nDer Ort Taubenheim ist bekannt f\u00fcr seine Umgebindeh\u00e4user und vor allem seine Sonnenuhren, im Ort existieren rund 400, \u00fcberwiegend funktionst\u00fcchtige, Sonnenuhren. Die lutherische Kirche des Ortes ist recht schlicht gehalten.<\/p>\n<p>Denkmal<\/p>\n<p>Vor der Taubenheimer Kirche steht ein Denkmal f\u00fcr die 5 Teilnehmer des Feldzuge von 1870\/71 in Frankreich die ihre Heimat nicht wiedersahen.<\/p>\n<p>An der Spreebr\u00fccke steht ein Denkmal f\u00fcr die Gefallenen des 1.Weltkrieges.<\/p>\n<p>Ein weiteres Denkmal steht im Park des oberen Schlosses. Es wird gedacht an Major Bleyl, Bataillonskommandeur des 14.Inf.Reg. No. 179, der am 31.8.1914 bei Day schwer verwundet wurde und im Feldlazarett Schlo\u00df Lametz am 1.9.1914 verstorben ist.<\/p>\n<p>Friedhof<\/p>\n<p>Auf diesem Friedhof gibt es ein Grab, vermutlich ein sowjetischer Soldat, dessen Name und die pers\u00f6nlichen Daten sind nicht bekannt.<\/p>\n<p>&nbsp;<\/p>\n","protected":false},"excerpt":{"rendered":"<p>&nbsp; 02689 Sohland &#8211; OT Taubenheim Taubenheim\/Spree befindet sich im S\u00fcdosten von Sachsen, an der Grenze zu Nordb\u00f6hmen (Tschechien). Der Ort Taubenheim ist bekannt f\u00fcr seine Umgebindeh\u00e4user und vor allem seine Sonnenuhren, im Ort existieren rund 400, \u00fcberwiegend funktionst\u00fcchtige, Sonnenuhren. &hellip; <a href=\"http:\/\/www.denkfried.de\/wp\/?page_id=6714\">Weiterlesen <span class=\"meta-nav\">&rarr;<\/span><\/a><\/p>\n","protected":false},"author":2,"featured_media":0,"parent":6707,"menu_order":0,"comment_status":"closed","ping_status":"open","template":"","meta":{"footnotes":""},"class_list":["post-6714","page","type-page","status-publish","hentry"],"_links":{"self":[{"href":"http:\/\/www.denkfried.de\/wp\/index.php?rest_route=\/wp\/v2\/pages\/6714","targetHints":{"allow":["GET"]}}],"collection":[{"href":"http:\/\/www.denkfried.de\/wp\/index.php?rest_route=\/wp\/v2\/pages"}],"about":[{"href":"http:\/\/www.denkfried.de\/wp\/index.php?rest_route=\/wp\/v2\/types\/page"}],"author":[{"embeddable":true,"href":"http:\/\/www.denkfried.de\/wp\/index.php?rest_route=\/wp\/v2\/users\/2"}],"replies":[{"embeddable":true,"href":"http:\/\/www.denkfried.de\/wp\/index.php?rest_route=%2Fwp%2Fv2%2Fcomments&post=6714"}],"version-history":[{"count":5,"href":"http:\/\/www.denkfried.de\/wp\/index.php?rest_route=\/wp\/v2\/pages\/6714\/revisions"}],"predecessor-version":[{"id":41860,"href":"http:\/\/www.denkfried.de\/wp\/index.php?rest_route=\/wp\/v2\/pages\/6714\/revisions\/41860"}],"up":[{"embeddable":true,"href":"http:\/\/www.denkfried.de\/wp\/index.php?rest_route=\/wp\/v2\/pages\/6707"}],"wp:attachment":[{"href":"http:\/\/www.denkfried.de\/wp\/index.php?rest_route=%2Fwp%2Fv2%2Fmedia&parent=6714"}],"curies":[{"name":"wp","href":"https:\/\/api.w.org\/{rel}","templated":true}]}}