{"id":6683,"date":"2011-05-04T23:14:23","date_gmt":"2011-05-04T21:14:23","guid":{"rendered":"http:\/\/www.denkfried.de\/wp\/?page_id=6683"},"modified":"2013-10-15T22:31:59","modified_gmt":"2013-10-15T20:31:59","slug":"bautzen-kleinwelka","status":"publish","type":"page","link":"http:\/\/www.denkfried.de\/wp\/?page_id=6683","title":{"rendered":"&#8211; Kleinwelka"},"content":{"rendered":"<p>&nbsp;<\/p>\n<p><span style=\"text-decoration: underline;\">02625 Bautzen &#8211; <strong>OT Kleinwelka<\/strong><\/span><\/p>\n<p>Kriegsgr\u00e4berst\u00e4tte auf dem Friedhof<\/p>\n<p>Dieser Friedhof ist in St\u00e4dt.Verwaltung<\/p>\n<p>Anschrift: Sch\u00e4fferstr. 44 \u00a002625 Bautzen<\/p>\n<p>Hier sind 26 Kriegstote bestattet, davon blieben 16 ohne Namen.<\/p>\n<p>Eine Namenstafel gibt es nicht.<\/p>\n<p><span style=\"color: #0000ff;\">Die Namen aus der Gr\u00e4berliste sind in unsere DB eingepflegt.<\/span><\/p>\n<p>********************************************************************<\/p>\n<p>Weiterhin befinden sich noch 2 Kriegerdenkmale, die an die Gefallenen aus den zwei Weltkriegen erinnert.<\/p>\n<p><span style=\"color: #0000ff;\">Die 13 Namen vom Kriegerdenkmal 1.WK sind in die DB eingepflegt.<\/span><\/p>\n<p><span style=\"color: #0000ff;\">101 Namen vom Denkmal des 2.WK sind in die DB eingepflegt.<\/span><\/p>\n<p>Auf der Tafel sind die Namen aus den Orten Kleinwelka, Gro\u00dfwelka, Kleinseidau und Lubachau verzeichnet.<\/p>\n<p>&nbsp;<\/p>\n<div id='gallery-1' class='gallery galleryid-6683 gallery-columns-3 gallery-size-thumbnail'><dl class='gallery-item'>\n\t\t\t<dt class='gallery-icon landscape'>\n\t\t\t\t<a href='http:\/\/www.denkfried.de\/wp\/?attachment_id=32119'><img loading=\"lazy\" decoding=\"async\" width=\"150\" height=\"150\" src=\"http:\/\/www.denkfried.de\/wp\/wp-content\/uploads\/2011\/05\/IMG_00071-150x150.jpg\" class=\"attachment-thumbnail size-thumbnail\" alt=\"\" \/><\/a>\n\t\t\t<\/dt><\/dl><dl class='gallery-item'>\n\t\t\t<dt class='gallery-icon landscape'>\n\t\t\t\t<a href='http:\/\/www.denkfried.de\/wp\/?attachment_id=32120'><img loading=\"lazy\" decoding=\"async\" width=\"150\" height=\"150\" src=\"http:\/\/www.denkfried.de\/wp\/wp-content\/uploads\/2011\/05\/IMG_00082-150x150.jpg\" class=\"attachment-thumbnail size-thumbnail\" alt=\"\" \/><\/a>\n\t\t\t<\/dt><\/dl><dl class='gallery-item'>\n\t\t\t<dt class='gallery-icon portrait'>\n\t\t\t\t<a href='http:\/\/www.denkfried.de\/wp\/?attachment_id=32124'><img loading=\"lazy\" decoding=\"async\" width=\"150\" height=\"150\" src=\"http:\/\/www.denkfried.de\/wp\/wp-content\/uploads\/2011\/05\/IMG_00131-150x150.jpg\" class=\"attachment-thumbnail size-thumbnail\" alt=\"\" \/><\/a>\n\t\t\t<\/dt><\/dl><br style=\"clear: both\" \/><dl class='gallery-item'>\n\t\t\t<dt class='gallery-icon portrait'>\n\t\t\t\t<a href='http:\/\/www.denkfried.de\/wp\/?attachment_id=32121'><img loading=\"lazy\" decoding=\"async\" width=\"150\" height=\"150\" src=\"http:\/\/www.denkfried.de\/wp\/wp-content\/uploads\/2011\/05\/IMG_00101-150x150.jpg\" class=\"attachment-thumbnail size-thumbnail\" alt=\"\" \/><\/a>\n\t\t\t<\/dt><\/dl><dl class='gallery-item'>\n\t\t\t<dt class='gallery-icon portrait'>\n\t\t\t\t<a href='http:\/\/www.denkfried.de\/wp\/?attachment_id=32122'><img loading=\"lazy\" decoding=\"async\" width=\"150\" height=\"150\" src=\"http:\/\/www.denkfried.de\/wp\/wp-content\/uploads\/2011\/05\/IMG_00113-150x150.jpg\" class=\"attachment-thumbnail size-thumbnail\" alt=\"\" \/><\/a>\n\t\t\t<\/dt><\/dl><dl class='gallery-item'>\n\t\t\t<dt class='gallery-icon landscape'>\n\t\t\t\t<a href='http:\/\/www.denkfried.de\/wp\/?attachment_id=32117'><img loading=\"lazy\" decoding=\"async\" width=\"150\" height=\"150\" src=\"http:\/\/www.denkfried.de\/wp\/wp-content\/uploads\/2011\/05\/IMG_00152-150x150.jpg\" class=\"attachment-thumbnail size-thumbnail\" alt=\"\" \/><\/a>\n\t\t\t<\/dt><\/dl><br style=\"clear: both\" \/>\n\t\t<\/div>\n\n<p>&nbsp;<\/p>\n","protected":false},"excerpt":{"rendered":"<p>&nbsp; 02625 Bautzen &#8211; OT Kleinwelka Kriegsgr\u00e4berst\u00e4tte auf dem Friedhof Dieser Friedhof ist in St\u00e4dt.Verwaltung Anschrift: Sch\u00e4fferstr. 44 \u00a002625 Bautzen Hier sind 26 Kriegstote bestattet, davon blieben 16 ohne Namen. Eine Namenstafel gibt es nicht. Die Namen aus der Gr\u00e4berliste &hellip; <a href=\"http:\/\/www.denkfried.de\/wp\/?page_id=6683\">Weiterlesen <span class=\"meta-nav\">&rarr;<\/span><\/a><\/p>\n","protected":false},"author":2,"featured_media":0,"parent":6654,"menu_order":0,"comment_status":"closed","ping_status":"open","template":"","meta":{"footnotes":""},"class_list":["post-6683","page","type-page","status-publish","hentry"],"_links":{"self":[{"href":"http:\/\/www.denkfried.de\/wp\/index.php?rest_route=\/wp\/v2\/pages\/6683","targetHints":{"allow":["GET"]}}],"collection":[{"href":"http:\/\/www.denkfried.de\/wp\/index.php?rest_route=\/wp\/v2\/pages"}],"about":[{"href":"http:\/\/www.denkfried.de\/wp\/index.php?rest_route=\/wp\/v2\/types\/page"}],"author":[{"embeddable":true,"href":"http:\/\/www.denkfried.de\/wp\/index.php?rest_route=\/wp\/v2\/users\/2"}],"replies":[{"embeddable":true,"href":"http:\/\/www.denkfried.de\/wp\/index.php?rest_route=%2Fwp%2Fv2%2Fcomments&post=6683"}],"version-history":[{"count":10,"href":"http:\/\/www.denkfried.de\/wp\/index.php?rest_route=\/wp\/v2\/pages\/6683\/revisions"}],"predecessor-version":[{"id":33419,"href":"http:\/\/www.denkfried.de\/wp\/index.php?rest_route=\/wp\/v2\/pages\/6683\/revisions\/33419"}],"up":[{"embeddable":true,"href":"http:\/\/www.denkfried.de\/wp\/index.php?rest_route=\/wp\/v2\/pages\/6654"}],"wp:attachment":[{"href":"http:\/\/www.denkfried.de\/wp\/index.php?rest_route=%2Fwp%2Fv2%2Fmedia&parent=6683"}],"curies":[{"name":"wp","href":"https:\/\/api.w.org\/{rel}","templated":true}]}}