{"id":6630,"date":"2011-05-04T21:50:31","date_gmt":"2011-05-04T19:50:31","guid":{"rendered":"http:\/\/www.denkfried.de\/wp\/?page_id=6630"},"modified":"2011-09-01T17:53:32","modified_gmt":"2011-09-01T15:53:32","slug":"neschwitz","status":"publish","type":"page","link":"http:\/\/www.denkfried.de\/wp\/?page_id=6630","title":{"rendered":"Neschwitz"},"content":{"rendered":"<p>&nbsp;<\/p>\n<p><span style=\"text-decoration: underline;\"><strong>02699 Neschwitz<\/strong><\/span><\/p>\n<p><strong>Ortsteile:<\/strong><br \/>\nDobersch\u00fctz<br \/>\nLuga<br \/>\nKrinitz<\/p>\n<p>++++++++++++++++++++++++++++++++++++++++++++++<\/p>\n<div id=\"msg_1325\"><strong>02699 Neschwitz &#8211; OT Luga<\/strong>Deutschland\/Neschwitz-Luga++++++++++++++++++++++++++++++++++++++++++++++<span style=\"text-decoration: underline;\"><strong>Neschwitz<\/strong><\/span><\/p>\n<p>Ev.-Friedhof<\/p>\n<p>Kriegsgr\u00e4berst\u00e4tte und private Gr\u00e4ber mit Gedenken<\/p>\n<div id='gallery-1' class='gallery galleryid-6630 gallery-columns-3 gallery-size-thumbnail'><dl class='gallery-item'>\n\t\t\t<dt class='gallery-icon landscape'>\n\t\t\t\t<a href='http:\/\/www.denkfried.de\/wp\/?attachment_id=11014'><img loading=\"lazy\" decoding=\"async\" width=\"150\" height=\"150\" src=\"http:\/\/www.denkfried.de\/wp\/wp-content\/uploads\/2011\/05\/IMG_2801-150x150.jpg\" class=\"attachment-thumbnail size-thumbnail\" alt=\"\" \/><\/a>\n\t\t\t<\/dt><\/dl><dl class='gallery-item'>\n\t\t\t<dt class='gallery-icon landscape'>\n\t\t\t\t<a href='http:\/\/www.denkfried.de\/wp\/?attachment_id=11017'><img loading=\"lazy\" decoding=\"async\" width=\"150\" height=\"150\" src=\"http:\/\/www.denkfried.de\/wp\/wp-content\/uploads\/2011\/05\/IMG_2797-150x150.jpg\" class=\"attachment-thumbnail size-thumbnail\" alt=\"\" \/><\/a>\n\t\t\t<\/dt><\/dl><dl class='gallery-item'>\n\t\t\t<dt class='gallery-icon landscape'>\n\t\t\t\t<a href='http:\/\/www.denkfried.de\/wp\/?attachment_id=11015'><img loading=\"lazy\" decoding=\"async\" width=\"150\" height=\"150\" src=\"http:\/\/www.denkfried.de\/wp\/wp-content\/uploads\/2011\/05\/IMG_2795-150x150.jpg\" class=\"attachment-thumbnail size-thumbnail\" alt=\"\" \/><\/a>\n\t\t\t<\/dt><\/dl><br style=\"clear: both\" \/><dl class='gallery-item'>\n\t\t\t<dt class='gallery-icon portrait'>\n\t\t\t\t<a href='http:\/\/www.denkfried.de\/wp\/?attachment_id=11016'><img loading=\"lazy\" decoding=\"async\" width=\"150\" height=\"150\" src=\"http:\/\/www.denkfried.de\/wp\/wp-content\/uploads\/2011\/05\/IMG_2796-150x150.jpg\" class=\"attachment-thumbnail size-thumbnail\" alt=\"\" \/><\/a>\n\t\t\t<\/dt><\/dl><dl class='gallery-item'>\n\t\t\t<dt class='gallery-icon portrait'>\n\t\t\t\t<a href='http:\/\/www.denkfried.de\/wp\/?attachment_id=11019'><img loading=\"lazy\" decoding=\"async\" width=\"150\" height=\"150\" src=\"http:\/\/www.denkfried.de\/wp\/wp-content\/uploads\/2011\/05\/IMG_2799-150x150.jpg\" class=\"attachment-thumbnail size-thumbnail\" alt=\"\" \/><\/a>\n\t\t\t<\/dt><\/dl><dl class='gallery-item'>\n\t\t\t<dt class='gallery-icon landscape'>\n\t\t\t\t<a href='http:\/\/www.denkfried.de\/wp\/?attachment_id=11018'><img loading=\"lazy\" decoding=\"async\" width=\"150\" height=\"150\" src=\"http:\/\/www.denkfried.de\/wp\/wp-content\/uploads\/2011\/05\/IMG_2798-150x150.jpg\" class=\"attachment-thumbnail size-thumbnail\" alt=\"\" \/><\/a>\n\t\t\t<\/dt><\/dl><br style=\"clear: both\" \/>\n\t\t<\/div>\n\n<p>Junker, Helmut\u00a0\u00a0\u00a0 -Matrose &#8211; \u00a0\u00a0\u00a0\u00a0\u00a0\u00a0\u00a0\u00a0 geb.: 12.02.1921\u00a0\u00a0\u00a0\u00a0\u00a0\u00a0\u00a0\u00a0\u00a0\u00a0\u00a0\u00a0\u00a0\u00a0\u00a0 gef.: 03.08.1941 a.See<\/p>\n<p>Junker, Alfred\u00a0\u00a0\u00a0 &#8211; Gefreiter &#8211;\u00a0\u00a0\u00a0\u00a0\u00a0\u00a0\u00a0 geb.: 31.08.1911 Dahren\u00a0\u00a0 gef.: 21.12.1943\u00a0 bestattet in Kirowograd<\/p>\n<p>Junker, Walter Gerhard\u00a0\u00a0 &#8211; Feldwebel &#8211;\u00a0 geb.: 02.09.1913 Dahren<\/p>\n<p>gef.: 27.10.1943\u00a0 &#8211; konnte bisher nicht geborgen werden und in Kirowograd bestattet werden.<\/p>\n<\/div>\n","protected":false},"excerpt":{"rendered":"<p>&nbsp; 02699 Neschwitz Ortsteile: Dobersch\u00fctz Luga Krinitz ++++++++++++++++++++++++++++++++++++++++++++++ 02699 Neschwitz &#8211; OT LugaDeutschland\/Neschwitz-Luga++++++++++++++++++++++++++++++++++++++++++++++Neschwitz Ev.-Friedhof Kriegsgr\u00e4berst\u00e4tte und private Gr\u00e4ber mit Gedenken Junker, Helmut\u00a0\u00a0\u00a0 -Matrose &#8211; \u00a0\u00a0\u00a0\u00a0\u00a0\u00a0\u00a0\u00a0 geb.: 12.02.1921\u00a0\u00a0\u00a0\u00a0\u00a0\u00a0\u00a0\u00a0\u00a0\u00a0\u00a0\u00a0\u00a0\u00a0\u00a0 gef.: 03.08.1941 a.See Junker, Alfred\u00a0\u00a0\u00a0 &#8211; Gefreiter &#8211;\u00a0\u00a0\u00a0\u00a0\u00a0\u00a0\u00a0 geb.: 31.08.1911 Dahren\u00a0\u00a0 gef.: 21.12.1943\u00a0 &hellip; <a href=\"http:\/\/www.denkfried.de\/wp\/?page_id=6630\">Weiterlesen <span class=\"meta-nav\">&rarr;<\/span><\/a><\/p>\n","protected":false},"author":2,"featured_media":0,"parent":6233,"menu_order":0,"comment_status":"closed","ping_status":"open","template":"","meta":{"footnotes":""},"class_list":["post-6630","page","type-page","status-publish","hentry"],"_links":{"self":[{"href":"http:\/\/www.denkfried.de\/wp\/index.php?rest_route=\/wp\/v2\/pages\/6630","targetHints":{"allow":["GET"]}}],"collection":[{"href":"http:\/\/www.denkfried.de\/wp\/index.php?rest_route=\/wp\/v2\/pages"}],"about":[{"href":"http:\/\/www.denkfried.de\/wp\/index.php?rest_route=\/wp\/v2\/types\/page"}],"author":[{"embeddable":true,"href":"http:\/\/www.denkfried.de\/wp\/index.php?rest_route=\/wp\/v2\/users\/2"}],"replies":[{"embeddable":true,"href":"http:\/\/www.denkfried.de\/wp\/index.php?rest_route=%2Fwp%2Fv2%2Fcomments&post=6630"}],"version-history":[{"count":6,"href":"http:\/\/www.denkfried.de\/wp\/index.php?rest_route=\/wp\/v2\/pages\/6630\/revisions"}],"predecessor-version":[{"id":11013,"href":"http:\/\/www.denkfried.de\/wp\/index.php?rest_route=\/wp\/v2\/pages\/6630\/revisions\/11013"}],"up":[{"embeddable":true,"href":"http:\/\/www.denkfried.de\/wp\/index.php?rest_route=\/wp\/v2\/pages\/6233"}],"wp:attachment":[{"href":"http:\/\/www.denkfried.de\/wp\/index.php?rest_route=%2Fwp%2Fv2%2Fmedia&parent=6630"}],"curies":[{"name":"wp","href":"https:\/\/api.w.org\/{rel}","templated":true}]}}