{"id":6544,"date":"2011-05-04T20:54:14","date_gmt":"2011-05-04T18:54:14","guid":{"rendered":"http:\/\/www.denkfried.de\/wp\/?page_id=6544"},"modified":"2018-08-26T21:07:46","modified_gmt":"2018-08-26T19:07:46","slug":"konigsbruck-kgst-auf-fh","status":"publish","type":"page","link":"http:\/\/www.denkfried.de\/wp\/?page_id=6544","title":{"rendered":"K\u00f6nigsbr\u00fcck (KGST auf FH)"},"content":{"rendered":"<p>&nbsp;<\/p>\n<p><strong>01936 K\u00f6nigsbr\u00fcck<\/strong><\/p>\n<p><strong>Ortsteile:<\/strong><br \/>\n<a href=\"http:\/\/www.denkfried.de\/wp\/?page_id=6574\">R\u00f6hrsdorf<\/a><br \/>\n<a href=\"http:\/\/www.denkfried.de\/wp\/?page_id=6670\">Gr\u00e4fenhain<\/a><\/p>\n<p><a href=\"http:\/\/www.denkfried.de\/wp\/?page_id=41611\">Stenz<\/a><\/p>\n<h4><\/h4>\n<hr \/>\n<p>K\u00f6nigsbr\u00fcck wurde 1248 erstmals urkundlich erw\u00e4hnt. Die Stadt nennt man auch das &#8222;Tor zur Westlausitz&#8220;. Ende des 19.Jahrhunderts erfolgte die Anbindung an das Eisenbahnnetz. Zur gleichen Zeit entwickelte sich die Stadt zu einer kaiserlichen Garnisionsstadt.<br \/>\nSeit dem Mittelalter erfolgten immer wieder Durchm\u00e4rsche und Einquartierungen von Milit\u00e4r.<br \/>\nAuch Napoleon durchquerte die Stadt bzw. nahm Einquartierungen in Anspruch.<br \/>\nMit 3 Kasernenanlagen und einem Truppen\u00fcbungsplatz blieb K\u00f6nigsbr\u00fcck bis zur Wende Milit\u00e4rstadt.<br \/>\n1890-1892 war K\u00f6nigsbr\u00fcck kurzzeitg Herberge f\u00fcr die 3.Kompanie des Trainbataillons.<br \/>\n1892 begann man mit dem Bau eines Infanterie-Schie\u00dfplatzes bei Glauschnitz und das Barackenlager Stenz.<br \/>\n1942-1944 war hier die Indische Legion stationiert.<br \/>\nNach 1945 nutzte die Rote Armee die Geb\u00e4ude und das Gel\u00e4nde. Im September 1992 zog der letzte russische Soldat von hier ab. Die Rote Armee hinterlie\u00df ein v\u00f6llig verwahrlostes und kontaminiertes Gel\u00e4nde. Es wird noch viele Jahre dauern bis die Natur sich dort erholt hat.<\/p>\n<hr \/>\n<p>Friedhof &#8211; Hospitalkirche &#8211; Gartenstra\u00dfe<br \/>\nGefangenenfriedhof<br \/>\nTruppen\u00fcbungsplatz<\/p>\n<p>++++++++++++++++++++++++++++++++++++++++++++<\/p>\n<p>Gedenken auf Grabsteinen der Familien:<\/p>\n<p>Werner Fritz H\u00fcbsch\u00a0 \u00a0 \u00a0 \u00a0 \u00a0 \u00a0geb.: 22.6.1919\u00a0 K\u00f6nigsbr\u00fcck\u00a0 \u00a0 \u00a0 \u00a0 gef.: 14.8.1941 b.Peski<br \/>\nW.H\u00fcbsch, Unterscharf\u00fchrer, konnte bisher nicht geborgen werden, sein Grab befindet sich noch in Baschtanka-Ukraine.<\/p>\n<p>Gottfried Otto H\u00fcbsch\u00a0 \u00a0 \u00a0 \u00a0 \u00a0geb.: 28.1.1921 K\u00f6nigsbr\u00fcck\u00a0 \u00a0 \u00a0 \u00a0gef.: 7.10.1941 Raum Melitopol<br \/>\nG.H\u00fcbsch, Standarten-Oberjunker, konnte bisher nicht geborgen, sein Grab befindet sich noch im Raum Melitopol.<\/p>\n<p>G\u00fcnter Roschig\u00a0 \u00a0 \u00a0 \u00a0 \u00a0 \u00a0geb.: 24.3.1926\u00a0 \u00a0 \u00a0 \u00a0 \u00a0 \u00a0 \u00a0 \u00a0 \u00a0 \u00a0 \u00a0 \u00a0 \u00a0 \u00a0 \u00a0 \u00a0 \u00a0gef.: 12.1.1945<br \/>\nG.Roschig, Pionier, ruht in Sandweiler\/Luxemburg Block B Grab 80.<br \/>\n&#8212;&#8212;&#8212;&#8212;&#8212;&#8212;&#8212;&#8212;&#8212;&#8212;&#8212;&#8212;&#8212;&#8212;&#8212;&#8212;&#8212;&#8212;&#8212;&#8212;&#8212;&#8212;&#8212;&#8212;&#8212;&#8212;&#8212;&#8212;&#8212;&#8212;<br \/>\nRudi Klimczack\u00a0 \u00a0 \u00a0 \u00a0 \u00a0 \u00a0 geb. 11.2.1913 Pirna\u00a0 \u00a0 \u00a0 \u00a0 \u00a0gef. 19.2.1942 Sanko 1\/295 Sslawjansk<br \/>\nR.Klimczack, Gefreiter, konnte bisher nicht geborgen werden, sein Grab befindet sich noch in Slawjansk-Ukraine.<br \/>\n&#8212;&#8212;&#8212;&#8212;&#8212;&#8212;&#8212;&#8212;&#8212;&#8212;&#8212;&#8212;&#8212;&#8212;&#8212;&#8212;&#8212;&#8212;&#8212;&#8212;&#8212;&#8212;&#8212;&#8212;&#8212;&#8212;&#8212;&#8212;&#8212;&#8212;<br \/>\nWilly Sander\u00a0 \u00a0 \u00a0 \u00a0geb.13.5.1897\u00a0 K\u00f6nigsbr\u00fcck\u00a0 \u00a0 \u00a0 \u00a0 \u00a0gef. 28.2.1945\u00a0 Gross Blumenau Samland<br \/>\nW.Sander, Uffz., ruht vermutlich als Unbekannter in Russkoe\/Ru\u00dfland.<\/p>\n<p>Fritz Hahn\u00a0 \u00a0 \u00a0 \u00a0 \u00a0geb. 18.10.1926 Leipzig\u00a0 \u00a0 \u00a0 \u00a0 \u00a0gef. 20.8.1944 Feldlaz.330 H.V.Pl.<br \/>\nF.Hahn, Grenadier, ruht in Cernjachovsk\/Ru\u00dfland Block 4 Reihe 1 Grab 23.<br \/>\n&#8212;&#8212;&#8212;&#8212;&#8212;&#8212;&#8212;&#8212;&#8212;&#8212;&#8212;&#8212;&#8212;&#8212;&#8212;&#8212;&#8212;&#8212;&#8212;&#8212;&#8212;&#8212;&#8212;&#8212;&#8212;&#8212;&#8212;&#8212;&#8212;&#8212;<br \/>\nErnst Werner\u00a0 \u00a0 \u00a0geb. 26.9.1909\u00a0 \u00a0 \u00a0 \u00a0 \u00a0 \u00a0 \u00a0 \u00a0 \u00a0 \u00a0 \u00a0gef. 23.9.1944<br \/>\nE.Werner, Sch\u00fctze, ruht in Dionyssos-Rapendoza\/Griechenland Gruft 1, Reihe 13, Platte 9.<br \/>\n&#8212;&#8212;&#8212;&#8212;&#8212;&#8212;&#8212;&#8212;&#8212;&#8212;&#8212;&#8212;&#8212;&#8212;&#8212;&#8212;&#8212;&#8212;&#8212;&#8212;&#8212;&#8212;&#8212;&#8212;&#8212;&#8212;&#8212;&#8212;&#8212;&#8212;<br \/>\nWilhelm Hohendahl\u00a0 \u00a0 geb. 25.6.1892\u00a0 \u00a0 \u00a0 \u00a0 \u00a0 \u00a0 \u00a0 \u00a0gef. 29.9.1918<br \/>\nW.Hohendahl ist nicht bei der Online-Gr\u00e4bersuche des VB aufgef\u00fchrt.<\/p>\n<p>Alfred Klinnert\u00a0 \u00a0 \u00a0 \u00a0 \u00a0 geb. 27.8.1922 Seifhennersdorf\u00a0 \u00a0gef. 8.7.1944 Rosignano<br \/>\nA.Klinnert, Untersturmf\u00fchrer, ruht in Pomezia\/Italien Block G Grab 790.<br \/>\n&#8212;&#8212;&#8212;&#8212;&#8212;&#8212;&#8212;&#8212;&#8212;&#8212;&#8212;&#8212;&#8212;&#8212;&#8212;&#8212;&#8212;&#8212;&#8212;&#8212;&#8212;&#8212;&#8212;&#8212;&#8212;&#8212;&#8212;&#8212;&#8212;&#8212;<br \/>\nG\u00fcnter Heinrich\u00a0 \u00a0 \u00a0 geb. 09.05.1914 K\u00f6nigsbr\u00fcck\u00a0 \u00a0 gef. 12.10.1942 Slepianka b.Minsk<br \/>\nG.Heinrich, Oberzahlmeister,\u00a0 wurde bisher nicht geborgen, sein Grab befindet sich noch in Minsk-Belarus.<br \/>\n&#8212;&#8212;&#8212;&#8212;&#8212;&#8212;&#8212;&#8212;&#8212;&#8212;&#8212;&#8212;&#8212;&#8212;&#8212;&#8212;&#8212;&#8212;&#8212;&#8212;&#8212;&#8212;&#8212;&#8212;&#8212;&#8212;&#8212;&#8212;&#8212;&#8212;<br \/>\nHelmut Horst M\u00f6gel\u00a0 \u00a0 \u00a0geb.9.7.1915\u00a0 \u00a0 \u00a0 \u00a0 \u00a0 gef. 8.12.1941 Ru\u00dfland<br \/>\nH.M\u00f6gel ist nicht in der Online-Gr\u00e4bersuche des VB aufgef\u00fchrt.<\/p>\n<p>&nbsp;<\/p>\n<div id='gallery-1' class='gallery galleryid-6544 gallery-columns-4 gallery-size-thumbnail'><dl class='gallery-item'>\n\t\t\t<dt class='gallery-icon landscape'>\n\t\t\t\t<a href='http:\/\/www.denkfried.de\/wp\/?attachment_id=6546'><img loading=\"lazy\" decoding=\"async\" width=\"150\" height=\"150\" src=\"http:\/\/www.denkfried.de\/wp\/wp-content\/uploads\/2011\/05\/P4120005-150x150.jpg\" class=\"attachment-thumbnail size-thumbnail\" alt=\"\" \/><\/a>\n\t\t\t<\/dt><\/dl><dl class='gallery-item'>\n\t\t\t<dt class='gallery-icon landscape'>\n\t\t\t\t<a href='http:\/\/www.denkfried.de\/wp\/?attachment_id=6548'><img loading=\"lazy\" decoding=\"async\" width=\"150\" height=\"150\" src=\"http:\/\/www.denkfried.de\/wp\/wp-content\/uploads\/2011\/05\/P4120007-150x150.jpg\" class=\"attachment-thumbnail size-thumbnail\" alt=\"\" \/><\/a>\n\t\t\t<\/dt><\/dl><dl class='gallery-item'>\n\t\t\t<dt class='gallery-icon landscape'>\n\t\t\t\t<a href='http:\/\/www.denkfried.de\/wp\/?attachment_id=6547'><img loading=\"lazy\" decoding=\"async\" width=\"150\" height=\"150\" src=\"http:\/\/www.denkfried.de\/wp\/wp-content\/uploads\/2011\/05\/P4120006-150x150.jpg\" class=\"attachment-thumbnail size-thumbnail\" alt=\"\" \/><\/a>\n\t\t\t<\/dt><\/dl><dl class='gallery-item'>\n\t\t\t<dt class='gallery-icon portrait'>\n\t\t\t\t<a href='http:\/\/www.denkfried.de\/wp\/?attachment_id=6551'><img loading=\"lazy\" decoding=\"async\" width=\"150\" height=\"150\" src=\"http:\/\/www.denkfried.de\/wp\/wp-content\/uploads\/2011\/05\/P4120014-150x150.jpg\" class=\"attachment-thumbnail size-thumbnail\" alt=\"\" \/><\/a>\n\t\t\t<\/dt><\/dl><br style=\"clear: both\" \/><dl class='gallery-item'>\n\t\t\t<dt class='gallery-icon landscape'>\n\t\t\t\t<a href='http:\/\/www.denkfried.de\/wp\/?attachment_id=6550'><img loading=\"lazy\" decoding=\"async\" width=\"150\" height=\"150\" src=\"http:\/\/www.denkfried.de\/wp\/wp-content\/uploads\/2011\/05\/P4120012-150x150.jpg\" class=\"attachment-thumbnail size-thumbnail\" alt=\"\" \/><\/a>\n\t\t\t<\/dt><\/dl><dl class='gallery-item'>\n\t\t\t<dt class='gallery-icon landscape'>\n\t\t\t\t<a href='http:\/\/www.denkfried.de\/wp\/?attachment_id=6549'><img loading=\"lazy\" decoding=\"async\" width=\"150\" height=\"150\" src=\"http:\/\/www.denkfried.de\/wp\/wp-content\/uploads\/2011\/05\/P4120010-150x150.jpg\" class=\"attachment-thumbnail size-thumbnail\" alt=\"\" \/><\/a>\n\t\t\t<\/dt><\/dl><dl class='gallery-item'>\n\t\t\t<dt class='gallery-icon portrait'>\n\t\t\t\t<a href='http:\/\/www.denkfried.de\/wp\/?attachment_id=6545'><img loading=\"lazy\" decoding=\"async\" width=\"150\" height=\"150\" src=\"http:\/\/www.denkfried.de\/wp\/wp-content\/uploads\/2011\/05\/P4120002-150x150.jpg\" class=\"attachment-thumbnail size-thumbnail\" alt=\"\" \/><\/a>\n\t\t\t<\/dt><\/dl><dl class='gallery-item'>\n\t\t\t<dt class='gallery-icon landscape'>\n\t\t\t\t<a href='http:\/\/www.denkfried.de\/wp\/?attachment_id=6552'><img loading=\"lazy\" decoding=\"async\" width=\"150\" height=\"150\" src=\"http:\/\/www.denkfried.de\/wp\/wp-content\/uploads\/2011\/05\/P4120015-150x150.jpg\" class=\"attachment-thumbnail size-thumbnail\" alt=\"\" \/><\/a>\n\t\t\t<\/dt><\/dl><br style=\"clear: both\" \/>\n\t\t<\/div>\n\n","protected":false},"excerpt":{"rendered":"<p>&nbsp; 01936 K\u00f6nigsbr\u00fcck Ortsteile: R\u00f6hrsdorf Gr\u00e4fenhain Stenz K\u00f6nigsbr\u00fcck wurde 1248 erstmals urkundlich erw\u00e4hnt. Die Stadt nennt man auch das &#8222;Tor zur Westlausitz&#8220;. Ende des 19.Jahrhunderts erfolgte die Anbindung an das Eisenbahnnetz. Zur gleichen Zeit entwickelte sich die Stadt zu einer &hellip; <a href=\"http:\/\/www.denkfried.de\/wp\/?page_id=6544\">Weiterlesen <span class=\"meta-nav\">&rarr;<\/span><\/a><\/p>\n","protected":false},"author":2,"featured_media":0,"parent":6233,"menu_order":0,"comment_status":"closed","ping_status":"open","template":"","meta":{"footnotes":""},"class_list":["post-6544","page","type-page","status-publish","hentry"],"_links":{"self":[{"href":"http:\/\/www.denkfried.de\/wp\/index.php?rest_route=\/wp\/v2\/pages\/6544","targetHints":{"allow":["GET"]}}],"collection":[{"href":"http:\/\/www.denkfried.de\/wp\/index.php?rest_route=\/wp\/v2\/pages"}],"about":[{"href":"http:\/\/www.denkfried.de\/wp\/index.php?rest_route=\/wp\/v2\/types\/page"}],"author":[{"embeddable":true,"href":"http:\/\/www.denkfried.de\/wp\/index.php?rest_route=\/wp\/v2\/users\/2"}],"replies":[{"embeddable":true,"href":"http:\/\/www.denkfried.de\/wp\/index.php?rest_route=%2Fwp%2Fv2%2Fcomments&post=6544"}],"version-history":[{"count":8,"href":"http:\/\/www.denkfried.de\/wp\/index.php?rest_route=\/wp\/v2\/pages\/6544\/revisions"}],"predecessor-version":[{"id":41618,"href":"http:\/\/www.denkfried.de\/wp\/index.php?rest_route=\/wp\/v2\/pages\/6544\/revisions\/41618"}],"up":[{"embeddable":true,"href":"http:\/\/www.denkfried.de\/wp\/index.php?rest_route=\/wp\/v2\/pages\/6233"}],"wp:attachment":[{"href":"http:\/\/www.denkfried.de\/wp\/index.php?rest_route=%2Fwp%2Fv2%2Fmedia&parent=6544"}],"curies":[{"name":"wp","href":"https:\/\/api.w.org\/{rel}","templated":true}]}}