{"id":6523,"date":"2011-05-03T22:47:17","date_gmt":"2011-05-03T20:47:17","guid":{"rendered":"http:\/\/www.denkfried.de\/wp\/?page_id=6523"},"modified":"2013-10-08T00:46:58","modified_gmt":"2013-10-07T22:46:58","slug":"cunewalde","status":"publish","type":"page","link":"http:\/\/www.denkfried.de\/wp\/?page_id=6523","title":{"rendered":"Cunewalde"},"content":{"rendered":"<p>&nbsp;<\/p>\n<p><span style=\"text-decoration: underline;\"><strong>02733 Cunewalde<\/strong><\/span><\/p>\n<p><strong>Ortsteile:<\/strong><\/p>\n<p><a title=\"Cunewalde \u2013 Sch\u00f6nberg\" href=\"http:\/\/www.denkfried.de\/wp\/?page_id=11061\">Sch\u00f6nberg<\/a><br \/>\nWeigsdorf-K\u00f6blitz<\/p>\n<hr \/>\n<p><strong>Kriegsgr\u00e4berst\u00e4tte<\/strong>\/Friedhof<br \/>\nDeutschland\/Cunewalde &#8211; Friedhof<\/p>\n<p>Hier ruhen 3 Kriegstote.<\/p>\n<p>Auf dem Ortsfriedhof befindet sich eine Grabst\u00e4tte f\u00fcr einen Ukrainer der w\u00e4hrend des Zweiten Weltkrieges nach Deutschland verschleppt und ein Opfer von Zwangsarbeit wurde. Wegen einer Beziehung zu einem deutschen M\u00e4dchen wurde er 1942 vor 300 Zwangsarbeitern erh\u00e4ngt und zun\u00e4chst au\u00dferhalb des Friedhofes begraben.<br \/>\nBei meinem Besuch hab ich jedoch das Grab von dem Zwangsarbeiter nicht gefunden.<\/p>\n<div id='gallery-1' class='gallery galleryid-6523 gallery-columns-4 gallery-size-thumbnail'><dl class='gallery-item'>\n\t\t\t<dt class='gallery-icon portrait'>\n\t\t\t\t<a href='http:\/\/www.denkfried.de\/wp\/?attachment_id=6525'><img loading=\"lazy\" decoding=\"async\" width=\"150\" height=\"150\" src=\"http:\/\/www.denkfried.de\/wp\/wp-content\/uploads\/2011\/05\/P4050028-150x150.jpg\" class=\"attachment-thumbnail size-thumbnail\" alt=\"\" \/><\/a>\n\t\t\t<\/dt><\/dl><dl class='gallery-item'>\n\t\t\t<dt class='gallery-icon portrait'>\n\t\t\t\t<a href='http:\/\/www.denkfried.de\/wp\/?attachment_id=6528'><img loading=\"lazy\" decoding=\"async\" width=\"150\" height=\"150\" src=\"http:\/\/www.denkfried.de\/wp\/wp-content\/uploads\/2011\/05\/P4050023-150x150.jpg\" class=\"attachment-thumbnail size-thumbnail\" alt=\"\" \/><\/a>\n\t\t\t<\/dt><\/dl><dl class='gallery-item'>\n\t\t\t<dt class='gallery-icon landscape'>\n\t\t\t\t<a href='http:\/\/www.denkfried.de\/wp\/?attachment_id=6529'><img loading=\"lazy\" decoding=\"async\" width=\"150\" height=\"150\" src=\"http:\/\/www.denkfried.de\/wp\/wp-content\/uploads\/2011\/05\/P4050024-150x150.jpg\" class=\"attachment-thumbnail size-thumbnail\" alt=\"\" \/><\/a>\n\t\t\t<\/dt><\/dl><dl class='gallery-item'>\n\t\t\t<dt class='gallery-icon portrait'>\n\t\t\t\t<a href='http:\/\/www.denkfried.de\/wp\/?attachment_id=6527'><img loading=\"lazy\" decoding=\"async\" width=\"150\" height=\"150\" src=\"http:\/\/www.denkfried.de\/wp\/wp-content\/uploads\/2011\/05\/P4050014-150x150.jpg\" class=\"attachment-thumbnail size-thumbnail\" alt=\"\" \/><\/a>\n\t\t\t<\/dt><\/dl><br style=\"clear: both\" \/><dl class='gallery-item'>\n\t\t\t<dt class='gallery-icon portrait'>\n\t\t\t\t<a href='http:\/\/www.denkfried.de\/wp\/?attachment_id=6526'><img loading=\"lazy\" decoding=\"async\" width=\"150\" height=\"150\" src=\"http:\/\/www.denkfried.de\/wp\/wp-content\/uploads\/2011\/05\/P4050013-150x150.jpg\" class=\"attachment-thumbnail size-thumbnail\" alt=\"\" \/><\/a>\n\t\t\t<\/dt><\/dl><dl class='gallery-item'>\n\t\t\t<dt class='gallery-icon portrait'>\n\t\t\t\t<a href='http:\/\/www.denkfried.de\/wp\/?attachment_id=6524'><img loading=\"lazy\" decoding=\"async\" width=\"150\" height=\"150\" src=\"http:\/\/www.denkfried.de\/wp\/wp-content\/uploads\/2011\/05\/P4050025-150x150.jpg\" class=\"attachment-thumbnail size-thumbnail\" alt=\"\" \/><\/a>\n\t\t\t<\/dt><\/dl><dl class='gallery-item'>\n\t\t\t<dt class='gallery-icon landscape'>\n\t\t\t\t<a href='http:\/\/www.denkfried.de\/wp\/?attachment_id=6530'><img loading=\"lazy\" decoding=\"async\" width=\"150\" height=\"150\" src=\"http:\/\/www.denkfried.de\/wp\/wp-content\/uploads\/2011\/05\/P4050019-150x150.jpg\" class=\"attachment-thumbnail size-thumbnail\" alt=\"\" \/><\/a>\n\t\t\t<\/dt><\/dl><dl class='gallery-item'>\n\t\t\t<dt class='gallery-icon landscape'>\n\t\t\t\t<a href='http:\/\/www.denkfried.de\/wp\/?attachment_id=6531'><img loading=\"lazy\" decoding=\"async\" width=\"150\" height=\"150\" src=\"http:\/\/www.denkfried.de\/wp\/wp-content\/uploads\/2011\/05\/P4050020-150x150.jpg\" class=\"attachment-thumbnail size-thumbnail\" alt=\"\" \/><\/a>\n\t\t\t<\/dt><\/dl><br style=\"clear: both\" \/>\n\t\t<\/div>\n\n","protected":false},"excerpt":{"rendered":"<p>&nbsp; 02733 Cunewalde Ortsteile: Sch\u00f6nberg Weigsdorf-K\u00f6blitz Kriegsgr\u00e4berst\u00e4tte\/Friedhof Deutschland\/Cunewalde &#8211; Friedhof Hier ruhen 3 Kriegstote. Auf dem Ortsfriedhof befindet sich eine Grabst\u00e4tte f\u00fcr einen Ukrainer der w\u00e4hrend des Zweiten Weltkrieges nach Deutschland verschleppt und ein Opfer von Zwangsarbeit wurde. Wegen einer &hellip; <a href=\"http:\/\/www.denkfried.de\/wp\/?page_id=6523\">Weiterlesen <span class=\"meta-nav\">&rarr;<\/span><\/a><\/p>\n","protected":false},"author":2,"featured_media":0,"parent":6233,"menu_order":0,"comment_status":"closed","ping_status":"open","template":"","meta":{"footnotes":""},"class_list":["post-6523","page","type-page","status-publish","hentry"],"_links":{"self":[{"href":"http:\/\/www.denkfried.de\/wp\/index.php?rest_route=\/wp\/v2\/pages\/6523","targetHints":{"allow":["GET"]}}],"collection":[{"href":"http:\/\/www.denkfried.de\/wp\/index.php?rest_route=\/wp\/v2\/pages"}],"about":[{"href":"http:\/\/www.denkfried.de\/wp\/index.php?rest_route=\/wp\/v2\/types\/page"}],"author":[{"embeddable":true,"href":"http:\/\/www.denkfried.de\/wp\/index.php?rest_route=\/wp\/v2\/users\/2"}],"replies":[{"embeddable":true,"href":"http:\/\/www.denkfried.de\/wp\/index.php?rest_route=%2Fwp%2Fv2%2Fcomments&post=6523"}],"version-history":[{"count":6,"href":"http:\/\/www.denkfried.de\/wp\/index.php?rest_route=\/wp\/v2\/pages\/6523\/revisions"}],"predecessor-version":[{"id":33212,"href":"http:\/\/www.denkfried.de\/wp\/index.php?rest_route=\/wp\/v2\/pages\/6523\/revisions\/33212"}],"up":[{"embeddable":true,"href":"http:\/\/www.denkfried.de\/wp\/index.php?rest_route=\/wp\/v2\/pages\/6233"}],"wp:attachment":[{"href":"http:\/\/www.denkfried.de\/wp\/index.php?rest_route=%2Fwp%2Fv2%2Fmedia&parent=6523"}],"curies":[{"name":"wp","href":"https:\/\/api.w.org\/{rel}","templated":true}]}}