{"id":6460,"date":"2011-05-03T21:29:41","date_gmt":"2011-05-03T19:29:41","guid":{"rendered":"http:\/\/www.denkfried.de\/wp\/?page_id=6460"},"modified":"2013-08-27T00:46:26","modified_gmt":"2013-08-26T22:46:26","slug":"bretnig-hauswalde-bretnig-fh","status":"publish","type":"page","link":"http:\/\/www.denkfried.de\/wp\/?page_id=6460","title":{"rendered":"Bretnig-Hauswalde-Bretnig (FH)"},"content":{"rendered":"<p>&nbsp;<\/p>\n<p><span style=\"text-decoration: underline;\"><strong>01900 Bretnig <\/strong>&#8211; Hauswalde<\/span><\/p>\n<p><strong>Kriegsgr\u00e4berst\u00e4tte<\/strong> auf dem Friedhof<br \/>\nDeutschland\/Bretnig-Hauswalde, OT Bretnig<\/p>\n<p><a href=\"http:\/\/www.bretnig-hauswalde.de\/\" target=\"_blank\">http:\/\/www.bretnig-hauswalde.de\/<\/a><br \/>\nBretnig-Hauswalde liegt ca. 11 km nordwestlich von Bischofswerda und ca. 15 km s\u00fcdlich von Kamenz. Durch den Norden des Gemeindegebietes f\u00fchrt die A 4. Sie ist \u00fcber die Anschlussstelle Ohorn zu erreichen. Durch Bretnig-Hauswalde flie\u00dft die Gro\u00dfe R\u00f6der und der Hausw\u00e4lder Bach.<br \/>\nDer Friedhof und die Ev.-Luth.Kirche, sowie das Kriegerdenkmal befinden sich am Kirchweg.<\/p>\n<hr \/>\n<p>Auf diesem Friedhof gibt es zwei Grabanlagen f\u00fcr die Toten des zweiten Weltkrieges.<br \/>\nEinmal f\u00fcr die ums Leben gekommenen Einwohner und einmal f\u00fcr deutsche Soldaten.<br \/>\nBei meinen Recherchen im Kirchenamt, Einsicht in das Begr\u00e4bnisbuch, hatte ich ein Begegnung mit der zust\u00e4ndigen Pfarrerin. Obwohl ich ein Schreiben vorlegen konnte das ich i.A.des Landesverbandes des VDK recherchiere, hat mich die Pfarrerin mit sehr unsch\u00f6nen Worten vor die T\u00fcr gesetzt. Sie war der Meinung das man all diese Sachen ruhen lassen sollte, die Toten seien bekannt.<br \/>\nDas es nicht so ist erleben wir t\u00e4glich bei unserer Arbeit hier. Die Einstellung dieser Frau kann ich nicht verstehen, zumal ihr christlicher Glaube anderes gebietet.<\/p>\n<p>Im Mai 1945 fielen 49 Personen den K\u00e4mpfen zwischen deutschen und polnischen Truppen zum Opfer. 89 Geb\u00e4ude im Ort wurden v\u00f6llig zerst\u00f6rt. Betroffen waren vor allem die Ortslagen Klinkenplatz, Niederdorf, R\u00f6derweg und Karolinenh\u00f6he. Im Jahr 1950 wurde Hauswalde Ortsteil von Bretnig.<br \/>\n2009 wurde die Kriegsgr\u00e4berst\u00e4tte der gefallenen deutschen Soldaten erneuert, jedoch sind keine Namen mehr genannt.<\/p>\n<div id='gallery-1' class='gallery galleryid-6460 gallery-columns-3 gallery-size-thumbnail'><dl class='gallery-item'>\n\t\t\t<dt class='gallery-icon portrait'>\n\t\t\t\t<a href='http:\/\/www.denkfried.de\/wp\/?attachment_id=6462'><img loading=\"lazy\" decoding=\"async\" width=\"150\" height=\"150\" src=\"http:\/\/www.denkfried.de\/wp\/wp-content\/uploads\/2011\/05\/IMG_0056-150x150.jpg\" class=\"attachment-thumbnail size-thumbnail\" alt=\"\" \/><\/a>\n\t\t\t<\/dt><\/dl><dl class='gallery-item'>\n\t\t\t<dt class='gallery-icon landscape'>\n\t\t\t\t<a href='http:\/\/www.denkfried.de\/wp\/?attachment_id=6466'><img loading=\"lazy\" decoding=\"async\" width=\"150\" height=\"150\" src=\"http:\/\/www.denkfried.de\/wp\/wp-content\/uploads\/2011\/05\/PB290021-150x150.jpg\" class=\"attachment-thumbnail size-thumbnail\" alt=\"\" \/><\/a>\n\t\t\t<\/dt><\/dl><dl class='gallery-item'>\n\t\t\t<dt class='gallery-icon landscape'>\n\t\t\t\t<a href='http:\/\/www.denkfried.de\/wp\/?attachment_id=6463'><img loading=\"lazy\" decoding=\"async\" width=\"150\" height=\"150\" src=\"http:\/\/www.denkfried.de\/wp\/wp-content\/uploads\/2011\/05\/IMG_0057-150x150.jpg\" class=\"attachment-thumbnail size-thumbnail\" alt=\"\" \/><\/a>\n\t\t\t<\/dt><\/dl><br style=\"clear: both\" \/><dl class='gallery-item'>\n\t\t\t<dt class='gallery-icon landscape'>\n\t\t\t\t<a href='http:\/\/www.denkfried.de\/wp\/?attachment_id=6465'><img loading=\"lazy\" decoding=\"async\" width=\"150\" height=\"150\" src=\"http:\/\/www.denkfried.de\/wp\/wp-content\/uploads\/2011\/05\/IMG_0066-150x150.jpg\" class=\"attachment-thumbnail size-thumbnail\" alt=\"\" \/><\/a>\n\t\t\t<\/dt><\/dl><dl class='gallery-item'>\n\t\t\t<dt class='gallery-icon landscape'>\n\t\t\t\t<a href='http:\/\/www.denkfried.de\/wp\/?attachment_id=6464'><img loading=\"lazy\" decoding=\"async\" width=\"150\" height=\"150\" src=\"http:\/\/www.denkfried.de\/wp\/wp-content\/uploads\/2011\/05\/IMG_0058-150x150.jpg\" class=\"attachment-thumbnail size-thumbnail\" alt=\"\" \/><\/a>\n\t\t\t<\/dt><\/dl><dl class='gallery-item'>\n\t\t\t<dt class='gallery-icon landscape'>\n\t\t\t\t<a href='http:\/\/www.denkfried.de\/wp\/?attachment_id=6461'><img loading=\"lazy\" decoding=\"async\" width=\"150\" height=\"150\" src=\"http:\/\/www.denkfried.de\/wp\/wp-content\/uploads\/2011\/05\/PB290023-150x150.jpg\" class=\"attachment-thumbnail size-thumbnail\" alt=\"\" \/><\/a>\n\t\t\t<\/dt><\/dl><br style=\"clear: both\" \/>\n\t\t<\/div>\n\n","protected":false},"excerpt":{"rendered":"<p>&nbsp; 01900 Bretnig &#8211; Hauswalde Kriegsgr\u00e4berst\u00e4tte auf dem Friedhof Deutschland\/Bretnig-Hauswalde, OT Bretnig http:\/\/www.bretnig-hauswalde.de\/ Bretnig-Hauswalde liegt ca. 11 km nordwestlich von Bischofswerda und ca. 15 km s\u00fcdlich von Kamenz. Durch den Norden des Gemeindegebietes f\u00fchrt die A 4. Sie ist \u00fcber &hellip; <a href=\"http:\/\/www.denkfried.de\/wp\/?page_id=6460\">Weiterlesen <span class=\"meta-nav\">&rarr;<\/span><\/a><\/p>\n","protected":false},"author":2,"featured_media":0,"parent":6233,"menu_order":0,"comment_status":"closed","ping_status":"open","template":"","meta":{"footnotes":""},"class_list":["post-6460","page","type-page","status-publish","hentry"],"_links":{"self":[{"href":"http:\/\/www.denkfried.de\/wp\/index.php?rest_route=\/wp\/v2\/pages\/6460","targetHints":{"allow":["GET"]}}],"collection":[{"href":"http:\/\/www.denkfried.de\/wp\/index.php?rest_route=\/wp\/v2\/pages"}],"about":[{"href":"http:\/\/www.denkfried.de\/wp\/index.php?rest_route=\/wp\/v2\/types\/page"}],"author":[{"embeddable":true,"href":"http:\/\/www.denkfried.de\/wp\/index.php?rest_route=\/wp\/v2\/users\/2"}],"replies":[{"embeddable":true,"href":"http:\/\/www.denkfried.de\/wp\/index.php?rest_route=%2Fwp%2Fv2%2Fcomments&post=6460"}],"version-history":[{"count":4,"href":"http:\/\/www.denkfried.de\/wp\/index.php?rest_route=\/wp\/v2\/pages\/6460\/revisions"}],"predecessor-version":[{"id":41316,"href":"http:\/\/www.denkfried.de\/wp\/index.php?rest_route=\/wp\/v2\/pages\/6460\/revisions\/41316"}],"up":[{"embeddable":true,"href":"http:\/\/www.denkfried.de\/wp\/index.php?rest_route=\/wp\/v2\/pages\/6233"}],"wp:attachment":[{"href":"http:\/\/www.denkfried.de\/wp\/index.php?rest_route=%2Fwp%2Fv2%2Fmedia&parent=6460"}],"curies":[{"name":"wp","href":"https:\/\/api.w.org\/{rel}","templated":true}]}}