{"id":6437,"date":"2011-05-03T20:45:52","date_gmt":"2011-05-03T18:45:52","guid":{"rendered":"http:\/\/www.denkfried.de\/wp\/?page_id=6437"},"modified":"2011-07-02T22:02:02","modified_gmt":"2011-07-02T20:02:02","slug":"bischofswerda-neuer-fh","status":"publish","type":"page","link":"http:\/\/www.denkfried.de\/wp\/?page_id=6437","title":{"rendered":"Bischofswerda &#8211; (Neuer FH)"},"content":{"rendered":"<p>&nbsp;<\/p>\n<p><span style=\"text-decoration: underline;\"><strong>01877 Bischofswerda<\/strong><\/span><\/p>\n<p>Deutschland\/Bischofswerda-Neuer Friedhof<br \/>\nDer Neue Friedhof befindet sich in st\u00e4dtischer Verwaltung und liegt am Stadtrand am Schm\u00f6llner Weg.<\/p>\n<p><strong>Kriegsgr\u00e4berst\u00e4tte<\/strong><\/p>\n<p>Hier  sind etwa 51 deutsche Soldaten bestattet, die in Lazaretten und bei den  K\u00e4mpfen im April\/Mai 1945 im Raum Bischofswerda ums Leben kamen.<br \/>\nIn die Gr\u00e4berliste wurden die Daten von 6 Soldaten aufgenommen, deren Grablagen nicht bekannt sind.<\/p>\n<p>Gedenksteine auf diesem Friedhof: \u00a0 Bischofswerda-Neuer Friedhof<\/p>\n<p>Zum Ged\u00e4chtnis an:<br \/>\nHans Heinrich &#8211; Oberleutnant &#8211;\u00a0 geb. 23.10.1913 Bischofswerda\u00a0 \u00a0 \u00a0 \u00a0gef. 8.10.1944 Belgrad-Ritopek<br \/>\nH.Heinrich konnte bisher nicht geborgen werden. Sein Name wird im Gedenkbuch von &#8222;Beograd&#8220; Banovo Brdo\/Serbien genannt.<br \/>\n&#8212;&#8212;&#8212;&#8212;&#8212;&#8212;&#8212;&#8212;&#8212;&#8212;&#8212;&#8212;&#8212;&#8212;&#8212;&#8212;&#8212;&#8212;&#8212;&#8212;-<br \/>\nHans K\u00f6rner\u00a0 &#8211; Dipl.-Ing. &#8211;\u00a0 \u00a0 \u00a0 \u00a0 geb. 13.12.1908 Bischofswerda\u00a0 \u00a0 \u00a0 \u00a0gef. 2.\/3.4.1945<br \/>\nH.K\u00f6rner, Obergefreiter, ruht in Sontra-Thurnhosbach in einem Einzelgrab.<br \/>\n&#8212;&#8212;&#8212;&#8212;&#8212;&#8212;&#8212;&#8212;&#8212;&#8212;&#8212;&#8212;&#8212;&#8212;&#8212;&#8212;&#8212;&#8212;&#8212;&#8212;-<br \/>\nWerner Rodig &#8211; Hauptmann d.R.- geb.18.2.1914\u00a0 \u00a0 \u00a0 \u00a0 \u00a0 \u00a0 \u00a0 \u00a0 \u00a0 gef.: 12.1.1944<br \/>\n&#8212;&#8212;&#8212;&#8212;&#8212;&#8212;&#8212;&#8212;&#8212;&#8212;&#8212;&#8212;&#8212;&#8212;&#8212;&#8212;&#8212;&#8212;&#8212;&#8212;&#8211;<br \/>\nKonrad R\u00fcdiger<br \/>\n&#8212;&#8212;&#8212;&#8212;&#8212;&#8212;&#8212;&#8212;&#8212;&#8212;&#8212;&#8212;&#8212;&#8212;&#8212;&#8212;&#8212;&#8212;&#8212;&#8212;&#8211;<\/p>\n<div id='gallery-1' class='gallery galleryid-6437 gallery-columns-3 gallery-size-thumbnail'><dl class='gallery-item'>\n\t\t\t<dt class='gallery-icon landscape'>\n\t\t\t\t<a href='http:\/\/www.denkfried.de\/wp\/?attachment_id=6440'><img loading=\"lazy\" decoding=\"async\" width=\"150\" height=\"150\" src=\"http:\/\/www.denkfried.de\/wp\/wp-content\/uploads\/2011\/05\/Bischofswerda-150x150.jpg\" class=\"attachment-thumbnail size-thumbnail\" alt=\"\" \/><\/a>\n\t\t\t<\/dt><\/dl><dl class='gallery-item'>\n\t\t\t<dt class='gallery-icon portrait'>\n\t\t\t\t<a href='http:\/\/www.denkfried.de\/wp\/?attachment_id=6443'><img loading=\"lazy\" decoding=\"async\" width=\"150\" height=\"150\" src=\"http:\/\/www.denkfried.de\/wp\/wp-content\/uploads\/2011\/05\/P4130006-150x150.jpg\" class=\"attachment-thumbnail size-thumbnail\" alt=\"\" \/><\/a>\n\t\t\t<\/dt><\/dl><dl class='gallery-item'>\n\t\t\t<dt class='gallery-icon portrait'>\n\t\t\t\t<a href='http:\/\/www.denkfried.de\/wp\/?attachment_id=6442'><img loading=\"lazy\" decoding=\"async\" width=\"150\" height=\"150\" src=\"http:\/\/www.denkfried.de\/wp\/wp-content\/uploads\/2011\/05\/P4130005-150x150.jpg\" class=\"attachment-thumbnail size-thumbnail\" alt=\"\" \/><\/a>\n\t\t\t<\/dt><\/dl><br style=\"clear: both\" \/><dl class='gallery-item'>\n\t\t\t<dt class='gallery-icon portrait'>\n\t\t\t\t<a href='http:\/\/www.denkfried.de\/wp\/?attachment_id=6441'><img loading=\"lazy\" decoding=\"async\" width=\"150\" height=\"150\" src=\"http:\/\/www.denkfried.de\/wp\/wp-content\/uploads\/2011\/05\/P4130001-150x150.jpg\" class=\"attachment-thumbnail size-thumbnail\" alt=\"\" \/><\/a>\n\t\t\t<\/dt><\/dl><dl class='gallery-item'>\n\t\t\t<dt class='gallery-icon landscape'>\n\t\t\t\t<a href='http:\/\/www.denkfried.de\/wp\/?attachment_id=6439'><img loading=\"lazy\" decoding=\"async\" width=\"150\" height=\"150\" src=\"http:\/\/www.denkfried.de\/wp\/wp-content\/uploads\/2011\/05\/P4130004-150x150.jpg\" class=\"attachment-thumbnail size-thumbnail\" alt=\"\" \/><\/a>\n\t\t\t<\/dt><\/dl><dl class='gallery-item'>\n\t\t\t<dt class='gallery-icon portrait'>\n\t\t\t\t<a href='http:\/\/www.denkfried.de\/wp\/?attachment_id=6438'><img loading=\"lazy\" decoding=\"async\" width=\"150\" height=\"150\" src=\"http:\/\/www.denkfried.de\/wp\/wp-content\/uploads\/2011\/05\/2-Unbekannte-31-150x150.jpg\" class=\"attachment-thumbnail size-thumbnail\" alt=\"\" \/><\/a>\n\t\t\t<\/dt><\/dl><br style=\"clear: both\" \/>\n\t\t<\/div>\n\n","protected":false},"excerpt":{"rendered":"<p>&nbsp; 01877 Bischofswerda Deutschland\/Bischofswerda-Neuer Friedhof Der Neue Friedhof befindet sich in st\u00e4dtischer Verwaltung und liegt am Stadtrand am Schm\u00f6llner Weg. Kriegsgr\u00e4berst\u00e4tte Hier sind etwa 51 deutsche Soldaten bestattet, die in Lazaretten und bei den K\u00e4mpfen im April\/Mai 1945 im Raum &hellip; <a href=\"http:\/\/www.denkfried.de\/wp\/?page_id=6437\">Weiterlesen <span class=\"meta-nav\">&rarr;<\/span><\/a><\/p>\n","protected":false},"author":2,"featured_media":0,"parent":8968,"menu_order":0,"comment_status":"closed","ping_status":"open","template":"","meta":{"footnotes":""},"class_list":["post-6437","page","type-page","status-publish","hentry"],"_links":{"self":[{"href":"http:\/\/www.denkfried.de\/wp\/index.php?rest_route=\/wp\/v2\/pages\/6437","targetHints":{"allow":["GET"]}}],"collection":[{"href":"http:\/\/www.denkfried.de\/wp\/index.php?rest_route=\/wp\/v2\/pages"}],"about":[{"href":"http:\/\/www.denkfried.de\/wp\/index.php?rest_route=\/wp\/v2\/types\/page"}],"author":[{"embeddable":true,"href":"http:\/\/www.denkfried.de\/wp\/index.php?rest_route=\/wp\/v2\/users\/2"}],"replies":[{"embeddable":true,"href":"http:\/\/www.denkfried.de\/wp\/index.php?rest_route=%2Fwp%2Fv2%2Fcomments&post=6437"}],"version-history":[{"count":6,"href":"http:\/\/www.denkfried.de\/wp\/index.php?rest_route=\/wp\/v2\/pages\/6437\/revisions"}],"predecessor-version":[{"id":8977,"href":"http:\/\/www.denkfried.de\/wp\/index.php?rest_route=\/wp\/v2\/pages\/6437\/revisions\/8977"}],"up":[{"embeddable":true,"href":"http:\/\/www.denkfried.de\/wp\/index.php?rest_route=\/wp\/v2\/pages\/8968"}],"wp:attachment":[{"href":"http:\/\/www.denkfried.de\/wp\/index.php?rest_route=%2Fwp%2Fv2%2Fmedia&parent=6437"}],"curies":[{"name":"wp","href":"https:\/\/api.w.org\/{rel}","templated":true}]}}