{"id":6419,"date":"2011-05-03T20:32:20","date_gmt":"2011-05-03T18:32:20","guid":{"rendered":"http:\/\/www.denkfried.de\/wp\/?page_id=6419"},"modified":"2012-10-04T20:36:00","modified_gmt":"2012-10-04T18:36:00","slug":"bernsdorf","status":"publish","type":"page","link":"http:\/\/www.denkfried.de\/wp\/?page_id=6419","title":{"rendered":"Bernsdorf"},"content":{"rendered":"<p>&nbsp;<\/p>\n<p><span style=\"text-decoration: underline;\"><strong>02994 Bernsdorf<\/strong><\/span><\/p>\n<p><a href=\"http:\/\/www.bernsdorf.de\/\" target=\"_blank\">www.bernsdorf.de<\/a><\/p>\n<p>*************************************************************<\/p>\n<p><strong>Ortsteile:<\/strong><\/p>\n<blockquote>\n<ul>\n<li><a title=\"OT \u2013 Gro\u00dfgrabe\" href=\"http:\/\/www.denkfried.de\/wp\/?page_id=6737\"> Gro\u00dfgrabe<\/a><\/li>\n<li><a title=\"OT \u2013 Stra\u00dfgr\u00e4bchen\" href=\"http:\/\/www.denkfried.de\/wp\/?page_id=6730\"> Stra\u00dfgr\u00e4bchen<\/a><\/li>\n<li><a title=\"OT \u2013 Wiednitz\" href=\"http:\/\/www.denkfried.de\/wp\/?page_id=6677\">Wiednitz<\/a><\/li>\n<li>Zei\u00dfholz<\/li>\n<\/ul>\n<\/blockquote>\n<hr \/>\n<p>Evangel.Friedhofsverwaltung: \u00a0Schulstra\u00dfe 2, \u00a002994 Bernsdorf<\/p>\n<p>Bernsdorf (sorbisch Njed\u017aichow) ist eine Kleinstadt im Nordosten von Sachsen am n\u00f6rdlichen Rand der Oberlausitz.<br \/>\nZu Bernsdorf geh\u00f6ren die eingemeindeten Ortsteile Waldholz, Zei\u00dfholz, Gro\u00dfgrabe und Stra\u00dfgr\u00e4bchen.<br \/>\nZum Ende des Zweiten Weltkrieges erwarb die Heeresverwaltung gro\u00dfe Gel\u00e4ndefl\u00e4chen im Lehmwald n\u00f6rdlich von Bernsdorf, auf denen neben einer Niederlassung des Transportkorps Speer auch eine Siedlung (Durchgangslager) f\u00fcr die R\u00fcckf\u00fchrung von Mennoniten* nach Deutschland mit einer Kapazit\u00e4t von 4000 Bewohnern entstehen sollte.<\/p>\n<p>*Mennoniten sind eine reformierte Glaubensgemeinschaft in der Tradition der T\u00e4ufer.<\/p>\n<p>++++++++++++++++++++++++++++++++++++++++++++<\/p>\n<p><strong>Denkmal<\/strong><br \/>\nStandort: vor der Kirche, Hauptstra\u00dfe<br \/>\nvor der Kirche Bernsdorf<br \/>\n1.Weltkrieg &#8211; 149 Namen eingetragen<\/p>\n<div id='gallery-1' class='gallery galleryid-6419 gallery-columns-4 gallery-size-thumbnail'><dl class='gallery-item'>\n\t\t\t<dt class='gallery-icon landscape'>\n\t\t\t\t<a href='http:\/\/www.denkfried.de\/wp\/?attachment_id=6421'><img loading=\"lazy\" decoding=\"async\" width=\"150\" height=\"150\" src=\"http:\/\/www.denkfried.de\/wp\/wp-content\/uploads\/2011\/05\/Bernsdorf-150x150.jpg\" class=\"attachment-thumbnail size-thumbnail\" alt=\"\" \/><\/a>\n\t\t\t<\/dt><\/dl><dl class='gallery-item'>\n\t\t\t<dt class='gallery-icon landscape'>\n\t\t\t\t<a href='http:\/\/www.denkfried.de\/wp\/?attachment_id=6422'><img loading=\"lazy\" decoding=\"async\" width=\"150\" height=\"150\" src=\"http:\/\/www.denkfried.de\/wp\/wp-content\/uploads\/2011\/05\/P1010001-150x150.jpg\" class=\"attachment-thumbnail size-thumbnail\" alt=\"\" \/><\/a>\n\t\t\t<\/dt><\/dl><dl class='gallery-item'>\n\t\t\t<dt class='gallery-icon landscape'>\n\t\t\t\t<a href='http:\/\/www.denkfried.de\/wp\/?attachment_id=6423'><img loading=\"lazy\" decoding=\"async\" width=\"150\" height=\"150\" src=\"http:\/\/www.denkfried.de\/wp\/wp-content\/uploads\/2011\/05\/P1010002-150x150.jpg\" class=\"attachment-thumbnail size-thumbnail\" alt=\"\" \/><\/a>\n\t\t\t<\/dt><\/dl><dl class='gallery-item'>\n\t\t\t<dt class='gallery-icon portrait'>\n\t\t\t\t<a href='http:\/\/www.denkfried.de\/wp\/?attachment_id=6420'><img loading=\"lazy\" decoding=\"async\" width=\"150\" height=\"150\" src=\"http:\/\/www.denkfried.de\/wp\/wp-content\/uploads\/2011\/05\/P1010004-150x150.jpg\" class=\"attachment-thumbnail size-thumbnail\" alt=\"\" \/><\/a>\n\t\t\t<\/dt><\/dl><br style=\"clear: both\" \/>\n\t\t<\/div>\n\n","protected":false},"excerpt":{"rendered":"<p>&nbsp; 02994 Bernsdorf www.bernsdorf.de ************************************************************* Ortsteile: Gro\u00dfgrabe Stra\u00dfgr\u00e4bchen Wiednitz Zei\u00dfholz Evangel.Friedhofsverwaltung: \u00a0Schulstra\u00dfe 2, \u00a002994 Bernsdorf Bernsdorf (sorbisch Njed\u017aichow) ist eine Kleinstadt im Nordosten von Sachsen am n\u00f6rdlichen Rand der Oberlausitz. Zu Bernsdorf geh\u00f6ren die eingemeindeten Ortsteile Waldholz, Zei\u00dfholz, Gro\u00dfgrabe und &hellip; <a href=\"http:\/\/www.denkfried.de\/wp\/?page_id=6419\">Weiterlesen <span class=\"meta-nav\">&rarr;<\/span><\/a><\/p>\n","protected":false},"author":2,"featured_media":0,"parent":6233,"menu_order":0,"comment_status":"closed","ping_status":"open","template":"","meta":{"footnotes":""},"class_list":["post-6419","page","type-page","status-publish","hentry"],"_links":{"self":[{"href":"http:\/\/www.denkfried.de\/wp\/index.php?rest_route=\/wp\/v2\/pages\/6419","targetHints":{"allow":["GET"]}}],"collection":[{"href":"http:\/\/www.denkfried.de\/wp\/index.php?rest_route=\/wp\/v2\/pages"}],"about":[{"href":"http:\/\/www.denkfried.de\/wp\/index.php?rest_route=\/wp\/v2\/types\/page"}],"author":[{"embeddable":true,"href":"http:\/\/www.denkfried.de\/wp\/index.php?rest_route=\/wp\/v2\/users\/2"}],"replies":[{"embeddable":true,"href":"http:\/\/www.denkfried.de\/wp\/index.php?rest_route=%2Fwp%2Fv2%2Fcomments&post=6419"}],"version-history":[{"count":4,"href":"http:\/\/www.denkfried.de\/wp\/index.php?rest_route=\/wp\/v2\/pages\/6419\/revisions"}],"predecessor-version":[{"id":26068,"href":"http:\/\/www.denkfried.de\/wp\/index.php?rest_route=\/wp\/v2\/pages\/6419\/revisions\/26068"}],"up":[{"embeddable":true,"href":"http:\/\/www.denkfried.de\/wp\/index.php?rest_route=\/wp\/v2\/pages\/6233"}],"wp:attachment":[{"href":"http:\/\/www.denkfried.de\/wp\/index.php?rest_route=%2Fwp%2Fv2%2Fmedia&parent=6419"}],"curies":[{"name":"wp","href":"https:\/\/api.w.org\/{rel}","templated":true}]}}