{"id":6406,"date":"2011-05-03T20:24:36","date_gmt":"2011-05-03T18:24:36","guid":{"rendered":"http:\/\/www.denkfried.de\/wp\/?page_id=6406"},"modified":"2015-03-15T19:26:14","modified_gmt":"2015-03-15T18:26:14","slug":"malschwitz-baruth","status":"publish","type":"page","link":"http:\/\/www.denkfried.de\/wp\/?page_id=6406","title":{"rendered":"&#8211; Baruth"},"content":{"rendered":"<p>&nbsp;<\/p>\n<p><span style=\"text-decoration: underline;\">02694 Malschwitz &#8211;<strong> OT Baruth<\/strong><\/span><\/p>\n<p>1 <strong>Kriegsgr\u00e4berst\u00e4tte<\/strong> mit 71 Toten<br \/>\nEv.-Luth.Kirche Friedhof Dubrauker Stra\u00dfe<br \/>\nNamentlich erfasst: 2.WK \u00a0 \u00a0\u00a0 63 Kriegstote<\/p>\n<p>53 Tote sind namentlich bekannt, 10 blieben ohne Namen.<\/p>\n<p>Man findet hier auch 2 Frauen, 1 Ukrainerin 1 Polin, deren Namen bekannt sind.<\/p>\n<p>Hier Fotos aus dem Jahr 2005. Erst als vor dem Volkstrauertag der B\u00fcgermeister \u00fcber diesen Mi\u00dfstand vom VKSVG e.V. informiert wurde, gab es eine gro\u00dfe Aufr\u00e4umaktion.<br \/>\nNach einem erneuten Besuch nach dem Volkstrauertag 2009 mu\u00dfte ich feststellen, das die Anlage noch immer sehr verwildert aussieht.<\/p>\n<p>Die Kriegsgr\u00e4ber befinden sich neben der Kirche ansonsten ist dieser Friedhof nicht mehr belegt. Es gibt allerdings unweit der Kirche einen noch bewirtschafteten Friedhof.<\/p>\n<p>Weitere Fotos entstanden 2009 und 2014.<\/p>\n<p>&nbsp;<\/p>\n<p>+++++++++++++++++++++++++++++++++++++++++++<\/p>\n<p><strong>DENKMAL<\/strong><br \/>\nan der Kirche<\/p>\n<p>An einer Seitent\u00fcr der Kirche sind die Namen der Gefallenen des 1.Weltkrieges angebracht.<\/p>\n<p>+++++++++++++++++++++++++++++++++++++++++++<\/p>\n<div id='gallery-1' class='gallery galleryid-6406 gallery-columns-3 gallery-size-thumbnail'><dl class='gallery-item'>\n\t\t\t<dt class='gallery-icon landscape'>\n\t\t\t\t<a href='http:\/\/www.denkfried.de\/wp\/?attachment_id=36674'><img loading=\"lazy\" decoding=\"async\" width=\"150\" height=\"150\" src=\"http:\/\/www.denkfried.de\/wp\/wp-content\/uploads\/2011\/05\/Baruth-1-150x150.jpg\" class=\"attachment-thumbnail size-thumbnail\" alt=\"\" \/><\/a>\n\t\t\t<\/dt><\/dl><dl class='gallery-item'>\n\t\t\t<dt class='gallery-icon landscape'>\n\t\t\t\t<a href='http:\/\/www.denkfried.de\/wp\/?attachment_id=36675'><img loading=\"lazy\" decoding=\"async\" width=\"150\" height=\"150\" src=\"http:\/\/www.denkfried.de\/wp\/wp-content\/uploads\/2011\/05\/Baruth-2-150x150.jpg\" class=\"attachment-thumbnail size-thumbnail\" alt=\"\" \/><\/a>\n\t\t\t<\/dt><\/dl><dl class='gallery-item'>\n\t\t\t<dt class='gallery-icon landscape'>\n\t\t\t\t<a href='http:\/\/www.denkfried.de\/wp\/?attachment_id=36676'><img loading=\"lazy\" decoding=\"async\" width=\"150\" height=\"150\" src=\"http:\/\/www.denkfried.de\/wp\/wp-content\/uploads\/2011\/05\/Baruth7-150x150.jpg\" class=\"attachment-thumbnail size-thumbnail\" alt=\"\" \/><\/a>\n\t\t\t<\/dt><\/dl><br style=\"clear: both\" \/><dl class='gallery-item'>\n\t\t\t<dt class='gallery-icon landscape'>\n\t\t\t\t<a href='http:\/\/www.denkfried.de\/wp\/?attachment_id=36677'><img loading=\"lazy\" decoding=\"async\" width=\"150\" height=\"150\" src=\"http:\/\/www.denkfried.de\/wp\/wp-content\/uploads\/2011\/05\/Baruth-neu-2-150x150.jpg\" class=\"attachment-thumbnail size-thumbnail\" alt=\"\" \/><\/a>\n\t\t\t<\/dt><\/dl><dl class='gallery-item'>\n\t\t\t<dt class='gallery-icon landscape'>\n\t\t\t\t<a href='http:\/\/www.denkfried.de\/wp\/?attachment_id=36678'><img loading=\"lazy\" decoding=\"async\" width=\"150\" height=\"150\" src=\"http:\/\/www.denkfried.de\/wp\/wp-content\/uploads\/2011\/05\/Baruth-neu-6-150x150.jpg\" class=\"attachment-thumbnail size-thumbnail\" alt=\"\" \/><\/a>\n\t\t\t<\/dt><\/dl><dl class='gallery-item'>\n\t\t\t<dt class='gallery-icon landscape'>\n\t\t\t\t<a href='http:\/\/www.denkfried.de\/wp\/?attachment_id=36679'><img loading=\"lazy\" decoding=\"async\" width=\"150\" height=\"150\" src=\"http:\/\/www.denkfried.de\/wp\/wp-content\/uploads\/2011\/05\/Baruth-neu-150x150.jpg\" class=\"attachment-thumbnail size-thumbnail\" alt=\"\" \/><\/a>\n\t\t\t<\/dt><\/dl><br style=\"clear: both\" \/><dl class='gallery-item'>\n\t\t\t<dt class='gallery-icon landscape'>\n\t\t\t\t<a href='http:\/\/www.denkfried.de\/wp\/?attachment_id=36680'><img loading=\"lazy\" decoding=\"async\" width=\"150\" height=\"150\" src=\"http:\/\/www.denkfried.de\/wp\/wp-content\/uploads\/2011\/05\/IMG_0661-150x150.jpg\" class=\"attachment-thumbnail size-thumbnail\" alt=\"\" \/><\/a>\n\t\t\t<\/dt><\/dl><dl class='gallery-item'>\n\t\t\t<dt class='gallery-icon landscape'>\n\t\t\t\t<a href='http:\/\/www.denkfried.de\/wp\/?attachment_id=36681'><img loading=\"lazy\" decoding=\"async\" width=\"150\" height=\"150\" src=\"http:\/\/www.denkfried.de\/wp\/wp-content\/uploads\/2011\/05\/IMG_06531-150x150.jpg\" class=\"attachment-thumbnail size-thumbnail\" alt=\"\" \/><\/a>\n\t\t\t<\/dt><\/dl><dl class='gallery-item'>\n\t\t\t<dt class='gallery-icon landscape'>\n\t\t\t\t<a href='http:\/\/www.denkfried.de\/wp\/?attachment_id=36682'><img loading=\"lazy\" decoding=\"async\" width=\"150\" height=\"150\" src=\"http:\/\/www.denkfried.de\/wp\/wp-content\/uploads\/2011\/05\/IMG_0659-150x150.jpg\" class=\"attachment-thumbnail size-thumbnail\" alt=\"\" \/><\/a>\n\t\t\t<\/dt><\/dl><br style=\"clear: both\" \/><dl class='gallery-item'>\n\t\t\t<dt class='gallery-icon landscape'>\n\t\t\t\t<a href='http:\/\/www.denkfried.de\/wp\/?attachment_id=36683'><img loading=\"lazy\" decoding=\"async\" width=\"150\" height=\"150\" src=\"http:\/\/www.denkfried.de\/wp\/wp-content\/uploads\/2011\/05\/IMG_0014-150x150.jpg\" class=\"attachment-thumbnail size-thumbnail\" alt=\"\" \/><\/a>\n\t\t\t<\/dt><\/dl><dl class='gallery-item'>\n\t\t\t<dt class='gallery-icon landscape'>\n\t\t\t\t<a href='http:\/\/www.denkfried.de\/wp\/?attachment_id=36684'><img loading=\"lazy\" decoding=\"async\" width=\"150\" height=\"150\" src=\"http:\/\/www.denkfried.de\/wp\/wp-content\/uploads\/2011\/05\/IMG_00153-150x150.jpg\" class=\"attachment-thumbnail size-thumbnail\" alt=\"\" \/><\/a>\n\t\t\t<\/dt><\/dl><dl class='gallery-item'>\n\t\t\t<dt class='gallery-icon landscape'>\n\t\t\t\t<a href='http:\/\/www.denkfried.de\/wp\/?attachment_id=36685'><img loading=\"lazy\" decoding=\"async\" width=\"150\" height=\"150\" src=\"http:\/\/www.denkfried.de\/wp\/wp-content\/uploads\/2011\/05\/IMG_00161-150x150.jpg\" class=\"attachment-thumbnail size-thumbnail\" alt=\"\" \/><\/a>\n\t\t\t<\/dt><\/dl><br style=\"clear: both\" \/><dl class='gallery-item'>\n\t\t\t<dt class='gallery-icon landscape'>\n\t\t\t\t<a href='http:\/\/www.denkfried.de\/wp\/?attachment_id=36686'><img loading=\"lazy\" decoding=\"async\" width=\"150\" height=\"150\" src=\"http:\/\/www.denkfried.de\/wp\/wp-content\/uploads\/2011\/05\/IMG_0019-150x150.jpg\" class=\"attachment-thumbnail size-thumbnail\" alt=\"\" \/><\/a>\n\t\t\t<\/dt><\/dl>\n\t\t\t<br style='clear: both' \/>\n\t\t<\/div>\n\n<p><img loading=\"lazy\" decoding=\"async\" class=\"alignleft size-medium wp-image-36687\" src=\"http:\/\/www.denkfried.de\/wp\/wp-content\/uploads\/2011\/05\/IMG_0665-300x199.jpg\" alt=\"IMG_0665\" width=\"300\" height=\"199\" srcset=\"http:\/\/www.denkfried.de\/wp\/wp-content\/uploads\/2011\/05\/IMG_0665-300x199.jpg 300w, http:\/\/www.denkfried.de\/wp\/wp-content\/uploads\/2011\/05\/IMG_0665.jpg 512w\" sizes=\"auto, (max-width: 300px) 100vw, 300px\" \/><\/p>\n<p>&nbsp;<\/p>\n<p><a href=\"http:\/\/www.denkfried.de\/wp\/?attachment_id=36688\" rel=\"attachment wp-att-36688\"><img loading=\"lazy\" decoding=\"async\" class=\"alignleft size-medium wp-image-36688\" src=\"http:\/\/www.denkfried.de\/wp\/wp-content\/uploads\/2011\/05\/IMG_0666-199x300.jpg\" alt=\"IMG_0666\" width=\"199\" height=\"300\" srcset=\"http:\/\/www.denkfried.de\/wp\/wp-content\/uploads\/2011\/05\/IMG_0666-199x300.jpg 199w, http:\/\/www.denkfried.de\/wp\/wp-content\/uploads\/2011\/05\/IMG_0666.jpg 340w\" sizes=\"auto, (max-width: 199px) 100vw, 199px\" \/><\/a><\/p>\n","protected":false},"excerpt":{"rendered":"<p>&nbsp; 02694 Malschwitz &#8211; OT Baruth 1 Kriegsgr\u00e4berst\u00e4tte mit 71 Toten Ev.-Luth.Kirche Friedhof Dubrauker Stra\u00dfe Namentlich erfasst: 2.WK \u00a0 \u00a0\u00a0 63 Kriegstote 53 Tote sind namentlich bekannt, 10 blieben ohne Namen. Man findet hier auch 2 Frauen, 1 Ukrainerin 1 &hellip; <a href=\"http:\/\/www.denkfried.de\/wp\/?page_id=6406\">Weiterlesen <span class=\"meta-nav\">&rarr;<\/span><\/a><\/p>\n","protected":false},"author":2,"featured_media":0,"parent":6352,"menu_order":0,"comment_status":"closed","ping_status":"open","template":"","meta":{"footnotes":""},"class_list":["post-6406","page","type-page","status-publish","hentry"],"_links":{"self":[{"href":"http:\/\/www.denkfried.de\/wp\/index.php?rest_route=\/wp\/v2\/pages\/6406","targetHints":{"allow":["GET"]}}],"collection":[{"href":"http:\/\/www.denkfried.de\/wp\/index.php?rest_route=\/wp\/v2\/pages"}],"about":[{"href":"http:\/\/www.denkfried.de\/wp\/index.php?rest_route=\/wp\/v2\/types\/page"}],"author":[{"embeddable":true,"href":"http:\/\/www.denkfried.de\/wp\/index.php?rest_route=\/wp\/v2\/users\/2"}],"replies":[{"embeddable":true,"href":"http:\/\/www.denkfried.de\/wp\/index.php?rest_route=%2Fwp%2Fv2%2Fcomments&post=6406"}],"version-history":[{"count":9,"href":"http:\/\/www.denkfried.de\/wp\/index.php?rest_route=\/wp\/v2\/pages\/6406\/revisions"}],"predecessor-version":[{"id":38306,"href":"http:\/\/www.denkfried.de\/wp\/index.php?rest_route=\/wp\/v2\/pages\/6406\/revisions\/38306"}],"up":[{"embeddable":true,"href":"http:\/\/www.denkfried.de\/wp\/index.php?rest_route=\/wp\/v2\/pages\/6352"}],"wp:attachment":[{"href":"http:\/\/www.denkfried.de\/wp\/index.php?rest_route=%2Fwp%2Fv2%2Fmedia&parent=6406"}],"curies":[{"name":"wp","href":"https:\/\/api.w.org\/{rel}","templated":true}]}}