{"id":6371,"date":"2011-05-03T17:46:23","date_gmt":"2011-05-03T15:46:23","guid":{"rendered":"http:\/\/www.denkfried.de\/wp\/?page_id=6371"},"modified":"2020-11-13T23:07:30","modified_gmt":"2020-11-13T22:07:30","slug":"schwepnitz","status":"publish","type":"page","link":"http:\/\/www.denkfried.de\/wp\/?page_id=6371","title":{"rendered":"Schwepnitz"},"content":{"rendered":"<p>&nbsp;<\/p>\n<p><span style=\"text-decoration: underline;\"><strong>01936 Schwepnitz<\/strong><\/span><\/p>\n<p><strong>Ortsteile:<\/strong><br \/>\nBulleritz\u00a0 (Gedenkplatte an der Trauerhalle)<br \/>\n<a href=\"http:\/\/www.denkfried.de\/wp\/?page_id=10710\">Cosel<\/a><br \/>\n<a href=\"http:\/\/www.denkfried.de\/wp\/?page_id=10703\">Gr\u00fcngr\u00e4bchen<\/a><br \/>\n<a href=\"http:\/\/www.denkfried.de\/wp\/?page_id=10716\">Zeisholz<\/a><\/p>\n<hr \/>\n<p><strong>Kriegsgr\u00e4berst\u00e4tte<\/strong><\/p>\n<p>In Schwepnitz sind 62 namentlich bekannte und 39 unbekannte Kriegstote bestattet worden.<\/p>\n<p>Es handelt sich dabei um vorwiegend\u00a0 Angeh\u00f6rige der Deutschen Wehrmacht.<\/p>\n<p>Leider sind keine Fotos vorhanden da ich auf dem Friedhof die Grabstelle nicht gefunden habe. (Ulla)<\/p>\n<p>Lt.Aussage der Friedhofsverwaltung sind keine Einzelgr\u00e4ber vorhanden. Der Gedenkstein ist f\u00fcr Au\u00dfenstehende nicht erkennbar. Er befindet sich am Eingang der Trauerhalle rechts und ist als Gr\u00fcnanlage, hohe B\u00fcsche usw. angelegt.<\/p>\n<p>&#8212;&#8212;&#8212;&#8212;&#8212;&#8212;&#8212;&#8212;&#8212;&#8212;&#8212;&#8212;&#8212;&#8212;&#8212;&#8212;&#8212;&#8212;&#8212;&#8212;&#8212;&#8212;&#8212;&#8212;&#8212;&#8212;&#8212;&#8212;&#8212;&#8212;-<\/p>\n<p><strong>DENKMAL<\/strong><\/p>\n<p>Hier Fotos von 2005 u.2011 vom Ev.Friedhof Schwepnitz<\/p>\n<div id='gallery-1' class='gallery galleryid-6371 gallery-columns-3 gallery-size-thumbnail'><dl class='gallery-item'>\n\t\t\t<dt class='gallery-icon landscape'>\n\t\t\t\t<a href='http:\/\/www.denkfried.de\/wp\/?attachment_id=41862'><img loading=\"lazy\" decoding=\"async\" width=\"150\" height=\"150\" src=\"http:\/\/www.denkfried.de\/wp\/wp-content\/uploads\/2020\/11\/IMG_0007-150x150.jpg\" class=\"attachment-thumbnail size-thumbnail\" alt=\"\" \/><\/a>\n\t\t\t<\/dt><\/dl><dl class='gallery-item'>\n\t\t\t<dt class='gallery-icon landscape'>\n\t\t\t\t<a href='http:\/\/www.denkfried.de\/wp\/?attachment_id=10701'><img loading=\"lazy\" decoding=\"async\" width=\"150\" height=\"150\" src=\"http:\/\/www.denkfried.de\/wp\/wp-content\/uploads\/2011\/05\/Schwepnitz-2-150x150.jpg\" class=\"attachment-thumbnail size-thumbnail\" alt=\"\" \/><\/a>\n\t\t\t<\/dt><\/dl><dl class='gallery-item'>\n\t\t\t<dt class='gallery-icon landscape'>\n\t\t\t\t<a href='http:\/\/www.denkfried.de\/wp\/?attachment_id=41864'><img loading=\"lazy\" decoding=\"async\" width=\"150\" height=\"150\" src=\"http:\/\/www.denkfried.de\/wp\/wp-content\/uploads\/2020\/11\/IMG_0012-150x150.jpg\" class=\"attachment-thumbnail size-thumbnail\" alt=\"\" \/><\/a>\n\t\t\t<\/dt><\/dl><br style=\"clear: both\" \/><dl class='gallery-item'>\n\t\t\t<dt class='gallery-icon landscape'>\n\t\t\t\t<a href='http:\/\/www.denkfried.de\/wp\/?attachment_id=41865'><img loading=\"lazy\" decoding=\"async\" width=\"150\" height=\"150\" src=\"http:\/\/www.denkfried.de\/wp\/wp-content\/uploads\/2020\/11\/IMG_0013-150x150.jpg\" class=\"attachment-thumbnail size-thumbnail\" alt=\"\" \/><\/a>\n\t\t\t<\/dt><\/dl><dl class='gallery-item'>\n\t\t\t<dt class='gallery-icon portrait'>\n\t\t\t\t<a href='http:\/\/www.denkfried.de\/wp\/?attachment_id=10700'><img loading=\"lazy\" decoding=\"async\" width=\"150\" height=\"150\" src=\"http:\/\/www.denkfried.de\/wp\/wp-content\/uploads\/2011\/05\/Schwepnitz-3-150x150.jpg\" class=\"attachment-thumbnail size-thumbnail\" alt=\"\" \/><\/a>\n\t\t\t<\/dt><\/dl><dl class='gallery-item'>\n\t\t\t<dt class='gallery-icon portrait'>\n\t\t\t\t<a href='http:\/\/www.denkfried.de\/wp\/?attachment_id=41863'><img loading=\"lazy\" decoding=\"async\" width=\"150\" height=\"150\" src=\"http:\/\/www.denkfried.de\/wp\/wp-content\/uploads\/2020\/11\/IMG_0009-150x150.jpg\" class=\"attachment-thumbnail size-thumbnail\" alt=\"\" \/><\/a>\n\t\t\t<\/dt><\/dl><br style=\"clear: both\" \/>\n\t\t<\/div>\n\n<p>&nbsp;<\/p>\n","protected":false},"excerpt":{"rendered":"<p>&nbsp; 01936 Schwepnitz Ortsteile: Bulleritz\u00a0 (Gedenkplatte an der Trauerhalle) Cosel Gr\u00fcngr\u00e4bchen Zeisholz Kriegsgr\u00e4berst\u00e4tte In Schwepnitz sind 62 namentlich bekannte und 39 unbekannte Kriegstote bestattet worden. Es handelt sich dabei um vorwiegend\u00a0 Angeh\u00f6rige der Deutschen Wehrmacht. Leider sind keine Fotos vorhanden &hellip; <a href=\"http:\/\/www.denkfried.de\/wp\/?page_id=6371\">Weiterlesen <span class=\"meta-nav\">&rarr;<\/span><\/a><\/p>\n","protected":false},"author":2,"featured_media":0,"parent":6233,"menu_order":0,"comment_status":"closed","ping_status":"open","template":"","meta":{"footnotes":""},"class_list":["post-6371","page","type-page","status-publish","hentry"],"_links":{"self":[{"href":"http:\/\/www.denkfried.de\/wp\/index.php?rest_route=\/wp\/v2\/pages\/6371","targetHints":{"allow":["GET"]}}],"collection":[{"href":"http:\/\/www.denkfried.de\/wp\/index.php?rest_route=\/wp\/v2\/pages"}],"about":[{"href":"http:\/\/www.denkfried.de\/wp\/index.php?rest_route=\/wp\/v2\/types\/page"}],"author":[{"embeddable":true,"href":"http:\/\/www.denkfried.de\/wp\/index.php?rest_route=\/wp\/v2\/users\/2"}],"replies":[{"embeddable":true,"href":"http:\/\/www.denkfried.de\/wp\/index.php?rest_route=%2Fwp%2Fv2%2Fcomments&post=6371"}],"version-history":[{"count":9,"href":"http:\/\/www.denkfried.de\/wp\/index.php?rest_route=\/wp\/v2\/pages\/6371\/revisions"}],"predecessor-version":[{"id":41867,"href":"http:\/\/www.denkfried.de\/wp\/index.php?rest_route=\/wp\/v2\/pages\/6371\/revisions\/41867"}],"up":[{"embeddable":true,"href":"http:\/\/www.denkfried.de\/wp\/index.php?rest_route=\/wp\/v2\/pages\/6233"}],"wp:attachment":[{"href":"http:\/\/www.denkfried.de\/wp\/index.php?rest_route=%2Fwp%2Fv2%2Fmedia&parent=6371"}],"curies":[{"name":"wp","href":"https:\/\/api.w.org\/{rel}","templated":true}]}}