{"id":6252,"date":"2011-05-03T16:06:13","date_gmt":"2011-05-03T14:06:13","guid":{"rendered":"http:\/\/www.denkfried.de\/wp\/?page_id=6252"},"modified":"2015-03-15T21:52:57","modified_gmt":"2015-03-15T20:52:57","slug":"radeberg","status":"publish","type":"page","link":"http:\/\/www.denkfried.de\/wp\/?page_id=6252","title":{"rendered":"Radeberg"},"content":{"rendered":"<p>&nbsp;<\/p>\n<p><strong>01454 Radeberg<\/strong><\/p>\n<p><a title=\"Radeberg-KGST auf dem FH\" href=\"http:\/\/www.denkfried.de\/wp\/?page_id=6255\">Kriegsgr\u00e4berst\u00e4tte auf dem Ev.Friedhof<\/a><\/p>\n<hr \/>\n<p><a title=\"Radeberg-Ehrenhain Pulsnitzer Str.\" href=\"http:\/\/www.denkfried.de\/wp\/?page_id=6284\">Ehrenmal-Pulsnitzer Stra\u00dfe<\/a><\/p>\n<hr \/>\n<p><a title=\"Radeberg-Denkmal-Pulsnitzer Str.\" href=\"http:\/\/www.denkfried.de\/wp\/?page_id=6275\">Denkmal &#8211; Pulsnitzer Stra\u00dfe (Turnhalle)<\/a><\/p>\n<hr \/>\n<p>Kriegerdenkmal &#8211; Pulsnitzer Stra\u00dfe<\/p>\n<hr \/>\n<p><a title=\"Radeberg-Russ.Ehrenhain (FH)\" href=\"http:\/\/www.denkfried.de\/wp\/?page_id=6266\">Russ.Ehrenhain auf dem Ev.Friedhof<\/a><\/p>\n<hr \/>\n<p><a title=\"Radeberg- Denkmal 1870\/71\" href=\"http:\/\/www.denkfried.de\/wp\/?page_id=6292\">Denkmal 1866 und 1870\/71<\/a><\/p>\n","protected":false},"excerpt":{"rendered":"<p>&nbsp; 01454 Radeberg Kriegsgr\u00e4berst\u00e4tte auf dem Ev.Friedhof Ehrenmal-Pulsnitzer Stra\u00dfe Denkmal &#8211; Pulsnitzer Stra\u00dfe (Turnhalle) Kriegerdenkmal &#8211; Pulsnitzer Stra\u00dfe Russ.Ehrenhain auf dem Ev.Friedhof Denkmal 1866 und 1870\/71<\/p>\n","protected":false},"author":2,"featured_media":0,"parent":6233,"menu_order":0,"comment_status":"closed","ping_status":"open","template":"","meta":{"footnotes":""},"class_list":["post-6252","page","type-page","status-publish","hentry"],"_links":{"self":[{"href":"http:\/\/www.denkfried.de\/wp\/index.php?rest_route=\/wp\/v2\/pages\/6252","targetHints":{"allow":["GET"]}}],"collection":[{"href":"http:\/\/www.denkfried.de\/wp\/index.php?rest_route=\/wp\/v2\/pages"}],"about":[{"href":"http:\/\/www.denkfried.de\/wp\/index.php?rest_route=\/wp\/v2\/types\/page"}],"author":[{"embeddable":true,"href":"http:\/\/www.denkfried.de\/wp\/index.php?rest_route=\/wp\/v2\/users\/2"}],"replies":[{"embeddable":true,"href":"http:\/\/www.denkfried.de\/wp\/index.php?rest_route=%2Fwp%2Fv2%2Fcomments&post=6252"}],"version-history":[{"count":4,"href":"http:\/\/www.denkfried.de\/wp\/index.php?rest_route=\/wp\/v2\/pages\/6252\/revisions"}],"predecessor-version":[{"id":38351,"href":"http:\/\/www.denkfried.de\/wp\/index.php?rest_route=\/wp\/v2\/pages\/6252\/revisions\/38351"}],"up":[{"embeddable":true,"href":"http:\/\/www.denkfried.de\/wp\/index.php?rest_route=\/wp\/v2\/pages\/6233"}],"wp:attachment":[{"href":"http:\/\/www.denkfried.de\/wp\/index.php?rest_route=%2Fwp%2Fv2%2Fmedia&parent=6252"}],"curies":[{"name":"wp","href":"https:\/\/api.w.org\/{rel}","templated":true}]}}