{"id":6209,"date":"2011-05-02T23:29:58","date_gmt":"2011-05-02T21:29:58","guid":{"rendered":"http:\/\/www.denkfried.de\/wp\/?page_id=6209"},"modified":"2011-12-11T22:59:39","modified_gmt":"2011-12-11T21:59:39","slug":"eisenach","status":"publish","type":"page","link":"http:\/\/www.denkfried.de\/wp\/?page_id=6209","title":{"rendered":"Eisenach (Hauptfh.)"},"content":{"rendered":"<p>&nbsp;<\/p>\n<p><span style=\"text-decoration: underline;\"><strong>99817 Eisenach<\/strong><\/span><\/p>\n<p><strong>Kriegsgr\u00e4berst\u00e4tte<\/strong> <strong>Hauptfriedhof<\/strong><br \/>\nAuf 4 Gr\u00e4berfeldern ruhen hier 1.850 Kriegstote, davon 1.223 sowjetische Soldaten und Zivilpersonen, 360 Bombenopfer und 200 deutsche Soldaten des 1.und 2.Weltkrieges. In einem Gr\u00e4berfeld ruhen Tote verschiedener Nationalit\u00e4ten.<\/p>\n<p>&nbsp;<\/p>\n","protected":false},"excerpt":{"rendered":"<p>&nbsp; 99817 Eisenach Kriegsgr\u00e4berst\u00e4tte Hauptfriedhof Auf 4 Gr\u00e4berfeldern ruhen hier 1.850 Kriegstote, davon 1.223 sowjetische Soldaten und Zivilpersonen, 360 Bombenopfer und 200 deutsche Soldaten des 1.und 2.Weltkrieges. In einem Gr\u00e4berfeld ruhen Tote verschiedener Nationalit\u00e4ten. &nbsp;<\/p>\n","protected":false},"author":2,"featured_media":0,"parent":6207,"menu_order":0,"comment_status":"closed","ping_status":"open","template":"","meta":{"footnotes":""},"class_list":["post-6209","page","type-page","status-publish","hentry"],"_links":{"self":[{"href":"http:\/\/www.denkfried.de\/wp\/index.php?rest_route=\/wp\/v2\/pages\/6209","targetHints":{"allow":["GET"]}}],"collection":[{"href":"http:\/\/www.denkfried.de\/wp\/index.php?rest_route=\/wp\/v2\/pages"}],"about":[{"href":"http:\/\/www.denkfried.de\/wp\/index.php?rest_route=\/wp\/v2\/types\/page"}],"author":[{"embeddable":true,"href":"http:\/\/www.denkfried.de\/wp\/index.php?rest_route=\/wp\/v2\/users\/2"}],"replies":[{"embeddable":true,"href":"http:\/\/www.denkfried.de\/wp\/index.php?rest_route=%2Fwp%2Fv2%2Fcomments&post=6209"}],"version-history":[{"count":4,"href":"http:\/\/www.denkfried.de\/wp\/index.php?rest_route=\/wp\/v2\/pages\/6209\/revisions"}],"predecessor-version":[{"id":16433,"href":"http:\/\/www.denkfried.de\/wp\/index.php?rest_route=\/wp\/v2\/pages\/6209\/revisions\/16433"}],"up":[{"embeddable":true,"href":"http:\/\/www.denkfried.de\/wp\/index.php?rest_route=\/wp\/v2\/pages\/6207"}],"wp:attachment":[{"href":"http:\/\/www.denkfried.de\/wp\/index.php?rest_route=%2Fwp%2Fv2%2Fmedia&parent=6209"}],"curies":[{"name":"wp","href":"https:\/\/api.w.org\/{rel}","templated":true}]}}