{"id":6175,"date":"2011-05-02T23:11:37","date_gmt":"2011-05-02T21:11:37","guid":{"rendered":"http:\/\/www.denkfried.de\/wp\/?page_id=6175"},"modified":"2013-08-12T19:47:25","modified_gmt":"2013-08-12T17:47:25","slug":"lk-altenburger-land","status":"publish","type":"page","link":"http:\/\/www.denkfried.de\/wp\/?page_id=6175","title":{"rendered":"LK ALTENBURGER LAND"},"content":{"rendered":"<p>&nbsp;<\/p>\n<p>Verwaltungssitz:\u00a0 04600 Altenburg, Lindenaustra\u00dfe 9<\/p>\n<p>*******************************************************<strong>St\u00e4dte:<\/strong><\/p>\n<blockquote>\n<ul>\n<li><a href=\"http:\/\/www.denkfried.de\/wp\/?page_id=6178\">\u00a0Altenburg (Hauptfriedhof)<\/a><\/li>\n<li>Altenburg (Alter FH)<\/li>\n<li>Altenburg (Poln.-Sowj.FH)<\/li>\n<li>Gro\u00dfr\u00f6da<\/li>\n<li>G\u00f6\u00dfnitz<\/li>\n<li>Meuselwitz<\/li>\n<li>Nobitz<\/li>\n<li>Ponitz<\/li>\n<li>Saara-Zehma<\/li>\n<li>Schm\u00f6lln<\/li>\n<li>Thonhausen<\/li>\n<li>Windischleuba<\/li>\n<\/ul>\n<\/blockquote>\n<p><strong>\u00a0Verwaltungsgemeinschaften:<\/strong><\/p>\n<ul>\n<li>Altenburger Land<\/li>\n<li>Oberes Sprottental<\/li>\n<li><a href=\"http:\/\/www.denkfried.de\/wp\/?page_id=32037\">Plei\u00dfenaue<\/a><\/li>\n<li>Rositz<\/li>\n<li>Wieratal<\/li>\n<\/ul>\n","protected":false},"excerpt":{"rendered":"<p>&nbsp; Verwaltungssitz:\u00a0 04600 Altenburg, Lindenaustra\u00dfe 9 *******************************************************St\u00e4dte: \u00a0Altenburg (Hauptfriedhof) Altenburg (Alter FH) Altenburg (Poln.-Sowj.FH) Gro\u00dfr\u00f6da G\u00f6\u00dfnitz Meuselwitz Nobitz Ponitz Saara-Zehma Schm\u00f6lln Thonhausen Windischleuba \u00a0Verwaltungsgemeinschaften: Altenburger Land Oberes Sprottental Plei\u00dfenaue Rositz Wieratal<\/p>\n","protected":false},"author":2,"featured_media":0,"parent":408,"menu_order":0,"comment_status":"closed","ping_status":"open","template":"","meta":{"footnotes":""},"class_list":["post-6175","page","type-page","status-publish","hentry"],"_links":{"self":[{"href":"http:\/\/www.denkfried.de\/wp\/index.php?rest_route=\/wp\/v2\/pages\/6175","targetHints":{"allow":["GET"]}}],"collection":[{"href":"http:\/\/www.denkfried.de\/wp\/index.php?rest_route=\/wp\/v2\/pages"}],"about":[{"href":"http:\/\/www.denkfried.de\/wp\/index.php?rest_route=\/wp\/v2\/types\/page"}],"author":[{"embeddable":true,"href":"http:\/\/www.denkfried.de\/wp\/index.php?rest_route=\/wp\/v2\/users\/2"}],"replies":[{"embeddable":true,"href":"http:\/\/www.denkfried.de\/wp\/index.php?rest_route=%2Fwp%2Fv2%2Fcomments&post=6175"}],"version-history":[{"count":9,"href":"http:\/\/www.denkfried.de\/wp\/index.php?rest_route=\/wp\/v2\/pages\/6175\/revisions"}],"predecessor-version":[{"id":32040,"href":"http:\/\/www.denkfried.de\/wp\/index.php?rest_route=\/wp\/v2\/pages\/6175\/revisions\/32040"}],"up":[{"embeddable":true,"href":"http:\/\/www.denkfried.de\/wp\/index.php?rest_route=\/wp\/v2\/pages\/408"}],"wp:attachment":[{"href":"http:\/\/www.denkfried.de\/wp\/index.php?rest_route=%2Fwp%2Fv2%2Fmedia&parent=6175"}],"curies":[{"name":"wp","href":"https:\/\/api.w.org\/{rel}","templated":true}]}}