{"id":6075,"date":"2011-05-02T21:13:38","date_gmt":"2011-05-02T19:13:38","guid":{"rendered":"http:\/\/www.denkfried.de\/wp\/?page_id=6075"},"modified":"2013-06-04T21:21:31","modified_gmt":"2013-06-04T19:21:31","slug":"gardelegen-javenitz","status":"publish","type":"page","link":"http:\/\/www.denkfried.de\/wp\/?page_id=6075","title":{"rendered":"&#8211; J\u00e4venitz"},"content":{"rendered":"<p>&nbsp;<\/p>\n<p><span style=\"text-decoration: underline;\">39638 Gardelegen &#8211; <strong>OT J\u00e4venitz<\/strong><\/span><\/p>\n<p>Wir haben den Zivilfriedhof in J\u00e4venitz Landkreis Altmarkkreis Salzwedel erreicht. Am linken Ende der Gr\u00e4berst\u00e4tte findet sich ein Mahnmal aus Natursteinen gemauert. Auf dem schm\u00e4leren Sockel wurde eine Gedenktafel eingelassen.<\/p>\n<p>Ihre Inschrift lautet :<\/p>\n<p style=\"padding-left: 60px;\"><em> &#8222;Den Toten zur Ehre, den Lebenden zur Mahnung&#8220;<\/em><\/p>\n<p>Die Gr\u00e4ber werden mit schr\u00e4g stehenden Natursteintafeln gekennzeichne. Eine Namensnennung erfolgte nicht, nur eine nachtr\u00e4glich angebrachte Namenstafel eines verstorbenen franz\u00f6sichen Kriegsgefangenen.<\/p>\n<p>Bilder und Text vom 04.03.2011 von Hubert M.<\/p>\n<div id='gallery-1' class='gallery galleryid-6075 gallery-columns-4 gallery-size-thumbnail'><dl class='gallery-item'>\n\t\t\t<dt class='gallery-icon landscape'>\n\t\t\t\t<a href='http:\/\/www.denkfried.de\/wp\/?attachment_id=6077'><img loading=\"lazy\" decoding=\"async\" width=\"150\" height=\"150\" src=\"http:\/\/www.denkfried.de\/wp\/wp-content\/uploads\/2011\/05\/KGSt-J\u00e4venitz-01-150x150.jpg\" class=\"attachment-thumbnail size-thumbnail\" alt=\"\" \/><\/a>\n\t\t\t<\/dt><\/dl><dl class='gallery-item'>\n\t\t\t<dt class='gallery-icon portrait'>\n\t\t\t\t<a href='http:\/\/www.denkfried.de\/wp\/?attachment_id=6078'><img loading=\"lazy\" decoding=\"async\" width=\"150\" height=\"150\" src=\"http:\/\/www.denkfried.de\/wp\/wp-content\/uploads\/2011\/05\/KGSt-J\u00e4venitz-02-150x150.jpg\" class=\"attachment-thumbnail size-thumbnail\" alt=\"\" \/><\/a>\n\t\t\t<\/dt><\/dl><dl class='gallery-item'>\n\t\t\t<dt class='gallery-icon landscape'>\n\t\t\t\t<a href='http:\/\/www.denkfried.de\/wp\/?attachment_id=6079'><img loading=\"lazy\" decoding=\"async\" width=\"150\" height=\"150\" src=\"http:\/\/www.denkfried.de\/wp\/wp-content\/uploads\/2011\/05\/KGSt-J\u00e4venitz-03-150x150.jpg\" class=\"attachment-thumbnail size-thumbnail\" alt=\"\" \/><\/a>\n\t\t\t<\/dt><\/dl><dl class='gallery-item'>\n\t\t\t<dt class='gallery-icon portrait'>\n\t\t\t\t<a href='http:\/\/www.denkfried.de\/wp\/?attachment_id=6076'><img loading=\"lazy\" decoding=\"async\" width=\"150\" height=\"150\" src=\"http:\/\/www.denkfried.de\/wp\/wp-content\/uploads\/2011\/05\/KGSt-J\u00e4venitz-04-150x150.jpg\" class=\"attachment-thumbnail size-thumbnail\" alt=\"\" \/><\/a>\n\t\t\t<\/dt><\/dl><br style=\"clear: both\" \/>\n\t\t<\/div>\n\n","protected":false},"excerpt":{"rendered":"<p>&nbsp; 39638 Gardelegen &#8211; OT J\u00e4venitz Wir haben den Zivilfriedhof in J\u00e4venitz Landkreis Altmarkkreis Salzwedel erreicht. Am linken Ende der Gr\u00e4berst\u00e4tte findet sich ein Mahnmal aus Natursteinen gemauert. Auf dem schm\u00e4leren Sockel wurde eine Gedenktafel eingelassen. Ihre Inschrift lautet : &hellip; <a href=\"http:\/\/www.denkfried.de\/wp\/?page_id=6075\">Weiterlesen <span class=\"meta-nav\">&rarr;<\/span><\/a><\/p>\n","protected":false},"author":2,"featured_media":0,"parent":6055,"menu_order":0,"comment_status":"closed","ping_status":"open","template":"","meta":{"footnotes":""},"class_list":["post-6075","page","type-page","status-publish","hentry"],"_links":{"self":[{"href":"http:\/\/www.denkfried.de\/wp\/index.php?rest_route=\/wp\/v2\/pages\/6075","targetHints":{"allow":["GET"]}}],"collection":[{"href":"http:\/\/www.denkfried.de\/wp\/index.php?rest_route=\/wp\/v2\/pages"}],"about":[{"href":"http:\/\/www.denkfried.de\/wp\/index.php?rest_route=\/wp\/v2\/types\/page"}],"author":[{"embeddable":true,"href":"http:\/\/www.denkfried.de\/wp\/index.php?rest_route=\/wp\/v2\/users\/2"}],"replies":[{"embeddable":true,"href":"http:\/\/www.denkfried.de\/wp\/index.php?rest_route=%2Fwp%2Fv2%2Fcomments&post=6075"}],"version-history":[{"count":4,"href":"http:\/\/www.denkfried.de\/wp\/index.php?rest_route=\/wp\/v2\/pages\/6075\/revisions"}],"predecessor-version":[{"id":6082,"href":"http:\/\/www.denkfried.de\/wp\/index.php?rest_route=\/wp\/v2\/pages\/6075\/revisions\/6082"}],"up":[{"embeddable":true,"href":"http:\/\/www.denkfried.de\/wp\/index.php?rest_route=\/wp\/v2\/pages\/6055"}],"wp:attachment":[{"href":"http:\/\/www.denkfried.de\/wp\/index.php?rest_route=%2Fwp%2Fv2%2Fmedia&parent=6075"}],"curies":[{"name":"wp","href":"https:\/\/api.w.org\/{rel}","templated":true}]}}