{"id":6070,"date":"2011-05-02T21:09:14","date_gmt":"2011-05-02T19:09:14","guid":{"rendered":"http:\/\/www.denkfried.de\/wp\/?page_id=6070"},"modified":"2013-06-04T21:17:44","modified_gmt":"2013-06-04T19:17:44","slug":"gardelegen-hottendorf","status":"publish","type":"page","link":"http:\/\/www.denkfried.de\/wp\/?page_id=6070","title":{"rendered":"&#8211; Hottendorf"},"content":{"rendered":"<p>&nbsp;<\/p>\n<p><strong><span style=\"text-decoration: underline;\">39638 Hottendorf<\/span> <\/strong><\/p>\n<p>Reisebericht von Hubert M. :<br \/>\nAuf dem Gemeindefriedhof in Hottendorf, Ortsteil von Gardelegen, \u00a0 findet sich ein Gr\u00e4berfeld f\u00fcr 6 antifaschistische K\u00e4mpfer des Zweiten Weltkriegs.<br \/>\nIhre Grablagen werden durch Bodenplatten gekennzeichnet, eine namentliche Nennung erfolgte nicht.<\/p>\n<p>Bilder vom 04.03.2011<\/p>\n<div id='gallery-1' class='gallery galleryid-6070 gallery-columns-4 gallery-size-thumbnail'><dl class='gallery-item'>\n\t\t\t<dt class='gallery-icon portrait'>\n\t\t\t\t<a href='http:\/\/www.denkfried.de\/wp\/?attachment_id=6071'><img loading=\"lazy\" decoding=\"async\" width=\"150\" height=\"150\" src=\"http:\/\/www.denkfried.de\/wp\/wp-content\/uploads\/2011\/05\/KGSt-Hottendorf-02-150x150.jpg\" class=\"attachment-thumbnail size-thumbnail\" alt=\"\" \/><\/a>\n\t\t\t<\/dt><\/dl><dl class='gallery-item'>\n\t\t\t<dt class='gallery-icon landscape'>\n\t\t\t\t<a href='http:\/\/www.denkfried.de\/wp\/?attachment_id=6072'><img loading=\"lazy\" decoding=\"async\" width=\"150\" height=\"150\" src=\"http:\/\/www.denkfried.de\/wp\/wp-content\/uploads\/2011\/05\/KGSt-Hottendorf-01-150x150.jpg\" class=\"attachment-thumbnail size-thumbnail\" alt=\"\" \/><\/a>\n\t\t\t<\/dt><\/dl>\n\t\t\t<br style='clear: both' \/>\n\t\t<\/div>\n\n","protected":false},"excerpt":{"rendered":"<p>&nbsp; 39638 Hottendorf Reisebericht von Hubert M. : Auf dem Gemeindefriedhof in Hottendorf, Ortsteil von Gardelegen, \u00a0 findet sich ein Gr\u00e4berfeld f\u00fcr 6 antifaschistische K\u00e4mpfer des Zweiten Weltkriegs. Ihre Grablagen werden durch Bodenplatten gekennzeichnet, eine namentliche Nennung erfolgte nicht. Bilder &hellip; <a href=\"http:\/\/www.denkfried.de\/wp\/?page_id=6070\">Weiterlesen <span class=\"meta-nav\">&rarr;<\/span><\/a><\/p>\n","protected":false},"author":2,"featured_media":0,"parent":6055,"menu_order":0,"comment_status":"closed","ping_status":"open","template":"","meta":{"footnotes":""},"class_list":["post-6070","page","type-page","status-publish","hentry"],"_links":{"self":[{"href":"http:\/\/www.denkfried.de\/wp\/index.php?rest_route=\/wp\/v2\/pages\/6070","targetHints":{"allow":["GET"]}}],"collection":[{"href":"http:\/\/www.denkfried.de\/wp\/index.php?rest_route=\/wp\/v2\/pages"}],"about":[{"href":"http:\/\/www.denkfried.de\/wp\/index.php?rest_route=\/wp\/v2\/types\/page"}],"author":[{"embeddable":true,"href":"http:\/\/www.denkfried.de\/wp\/index.php?rest_route=\/wp\/v2\/users\/2"}],"replies":[{"embeddable":true,"href":"http:\/\/www.denkfried.de\/wp\/index.php?rest_route=%2Fwp%2Fv2%2Fcomments&post=6070"}],"version-history":[{"count":3,"href":"http:\/\/www.denkfried.de\/wp\/index.php?rest_route=\/wp\/v2\/pages\/6070\/revisions"}],"predecessor-version":[{"id":30769,"href":"http:\/\/www.denkfried.de\/wp\/index.php?rest_route=\/wp\/v2\/pages\/6070\/revisions\/30769"}],"up":[{"embeddable":true,"href":"http:\/\/www.denkfried.de\/wp\/index.php?rest_route=\/wp\/v2\/pages\/6055"}],"wp:attachment":[{"href":"http:\/\/www.denkfried.de\/wp\/index.php?rest_route=%2Fwp%2Fv2%2Fmedia&parent=6070"}],"curies":[{"name":"wp","href":"https:\/\/api.w.org\/{rel}","templated":true}]}}