{"id":6018,"date":"2011-05-02T18:49:22","date_gmt":"2011-05-02T16:49:22","guid":{"rendered":"http:\/\/www.denkfried.de\/wp\/?page_id=6018"},"modified":"2012-12-04T23:29:48","modified_gmt":"2012-12-04T22:29:48","slug":"lk-saalekreis","status":"publish","type":"page","link":"http:\/\/www.denkfried.de\/wp\/?page_id=6018","title":{"rendered":"LK SAALEKREIS"},"content":{"rendered":"<p>&nbsp;<\/p>\n<p>Verwaltungssitz:\u00a0 06217 Merseburg, Domplatz 9<\/p>\n<p>********************************************************<\/p>\n<p>Der Saalekreis ist in 20 Gemeinden gegliedert.<\/p>\n<p><strong>Einheitsgemeinden<\/strong><\/p>\n<ul>\n<li>Bad D\u00fcrrenberg<\/li>\n<li>Bad Lauchst\u00e4dt<\/li>\n<li>Braunsbedra<\/li>\n<li>Kabelsketal<\/li>\n<li>Landsberg<\/li>\n<li>Leuna<\/li>\n<li>Merseburg<\/li>\n<li><a href=\"http:\/\/www.denkfried.de\/wp\/?page_id=27539\">M\u00fccheln (Geiselstadt)<\/a><\/li>\n<li>Petersberg<\/li>\n<li>Querfurt<\/li>\n<li>Salzatal<\/li>\n<li>Schkopau<\/li>\n<li><a href=\"http:\/\/www.denkfried.de\/wp\/?page_id=27533\">Teutschenthal<\/a><\/li>\n<li>Wettin-L\u00f6bej\u00fcn<\/li>\n<\/ul>\n<p><strong>Verbandsgemeinde Weida-Land<\/strong><\/p>\n<ul>\n<li>Barnst\u00e4dt<\/li>\n<li>Farnst\u00e4dt<\/li>\n<li>Nemsdorf-G\u00f6hrendorf<\/li>\n<li>Obhausen<\/li>\n<li>Schraplau<\/li>\n<li>Steigra<\/li>\n<\/ul>\n<p>&nbsp;<\/p>\n<p>&nbsp;<\/p>\n<p>&nbsp;<\/p>\n","protected":false},"excerpt":{"rendered":"<p>&nbsp; Verwaltungssitz:\u00a0 06217 Merseburg, Domplatz 9 ******************************************************** Der Saalekreis ist in 20 Gemeinden gegliedert. Einheitsgemeinden Bad D\u00fcrrenberg Bad Lauchst\u00e4dt Braunsbedra Kabelsketal Landsberg Leuna Merseburg M\u00fccheln (Geiselstadt) Petersberg Querfurt Salzatal Schkopau Teutschenthal Wettin-L\u00f6bej\u00fcn Verbandsgemeinde Weida-Land Barnst\u00e4dt Farnst\u00e4dt Nemsdorf-G\u00f6hrendorf Obhausen Schraplau Steigra &hellip; <a href=\"http:\/\/www.denkfried.de\/wp\/?page_id=6018\">Weiterlesen <span class=\"meta-nav\">&rarr;<\/span><\/a><\/p>\n","protected":false},"author":2,"featured_media":0,"parent":402,"menu_order":0,"comment_status":"closed","ping_status":"open","template":"","meta":{"footnotes":""},"class_list":["post-6018","page","type-page","status-publish","hentry"],"_links":{"self":[{"href":"http:\/\/www.denkfried.de\/wp\/index.php?rest_route=\/wp\/v2\/pages\/6018","targetHints":{"allow":["GET"]}}],"collection":[{"href":"http:\/\/www.denkfried.de\/wp\/index.php?rest_route=\/wp\/v2\/pages"}],"about":[{"href":"http:\/\/www.denkfried.de\/wp\/index.php?rest_route=\/wp\/v2\/types\/page"}],"author":[{"embeddable":true,"href":"http:\/\/www.denkfried.de\/wp\/index.php?rest_route=\/wp\/v2\/users\/2"}],"replies":[{"embeddable":true,"href":"http:\/\/www.denkfried.de\/wp\/index.php?rest_route=%2Fwp%2Fv2%2Fcomments&post=6018"}],"version-history":[{"count":9,"href":"http:\/\/www.denkfried.de\/wp\/index.php?rest_route=\/wp\/v2\/pages\/6018\/revisions"}],"predecessor-version":[{"id":27543,"href":"http:\/\/www.denkfried.de\/wp\/index.php?rest_route=\/wp\/v2\/pages\/6018\/revisions\/27543"}],"up":[{"embeddable":true,"href":"http:\/\/www.denkfried.de\/wp\/index.php?rest_route=\/wp\/v2\/pages\/402"}],"wp:attachment":[{"href":"http:\/\/www.denkfried.de\/wp\/index.php?rest_route=%2Fwp%2Fv2%2Fmedia&parent=6018"}],"curies":[{"name":"wp","href":"https:\/\/api.w.org\/{rel}","templated":true}]}}