{"id":5983,"date":"2011-05-02T18:09:09","date_gmt":"2011-05-02T16:09:09","guid":{"rendered":"http:\/\/www.denkfried.de\/wp\/?page_id=5983"},"modified":"2011-05-02T18:09:09","modified_gmt":"2011-05-02T16:09:09","slug":"schierke","status":"publish","type":"page","link":"http:\/\/www.denkfried.de\/wp\/?page_id=5983","title":{"rendered":"Schierke"},"content":{"rendered":"<p>&nbsp;<\/p>\n<p><strong>38879 Schierke<\/strong><\/p>\n<p><a href=\"http:\/\/www.schierke-am-brocken.de\/\" target=\"_blank\">www.schierke-am-brocken.de<\/a><\/p>\n<p>Verwaltungsgemeinschaft Brocken-Hochharz<br \/>\n3 Kriegsgr\u00e4berst\u00e4tten mit 92 Kriegstoten<\/p>\n<p>Grabst\u00e4tte  auf dem Ortsfriedhof f\u00fcr einen namentlich bekannten Rum\u00e4nen, der  w\u00e4hrend des Zweiten Weltkrieges ein Opfer von Zwangsarbeit wurde.<\/p>\n<p>Alter Friedhof\u00a0 \u00a0 \u00a0 \u00a0 \u00a0 \u00a0 \u00a0 \u00a0 \u00a0 \u00a0 \u00a0 \u00a0 \u00a0 \u00a0 \u00a0 \u00a0 \u00a0 \u00a0 \u00a0 \u00a0 \u00a0 \u00a0 \u00a0 \u00a0 \u00a0 \u00a0 \u00a0 Deutschland\/Schierke &#8211; Alter Friedhof<\/p>\n<p>&nbsp;<\/p>\n","protected":false},"excerpt":{"rendered":"<p>&nbsp; 38879 Schierke www.schierke-am-brocken.de Verwaltungsgemeinschaft Brocken-Hochharz 3 Kriegsgr\u00e4berst\u00e4tten mit 92 Kriegstoten Grabst\u00e4tte auf dem Ortsfriedhof f\u00fcr einen namentlich bekannten Rum\u00e4nen, der w\u00e4hrend des Zweiten Weltkrieges ein Opfer von Zwangsarbeit wurde. Alter Friedhof\u00a0 \u00a0 \u00a0 \u00a0 \u00a0 \u00a0 \u00a0 \u00a0 \u00a0 &hellip; <a href=\"http:\/\/www.denkfried.de\/wp\/?page_id=5983\">Weiterlesen <span class=\"meta-nav\">&rarr;<\/span><\/a><\/p>\n","protected":false},"author":2,"featured_media":0,"parent":5974,"menu_order":0,"comment_status":"closed","ping_status":"open","template":"","meta":{"footnotes":""},"class_list":["post-5983","page","type-page","status-publish","hentry"],"_links":{"self":[{"href":"http:\/\/www.denkfried.de\/wp\/index.php?rest_route=\/wp\/v2\/pages\/5983","targetHints":{"allow":["GET"]}}],"collection":[{"href":"http:\/\/www.denkfried.de\/wp\/index.php?rest_route=\/wp\/v2\/pages"}],"about":[{"href":"http:\/\/www.denkfried.de\/wp\/index.php?rest_route=\/wp\/v2\/types\/page"}],"author":[{"embeddable":true,"href":"http:\/\/www.denkfried.de\/wp\/index.php?rest_route=\/wp\/v2\/users\/2"}],"replies":[{"embeddable":true,"href":"http:\/\/www.denkfried.de\/wp\/index.php?rest_route=%2Fwp%2Fv2%2Fcomments&post=5983"}],"version-history":[{"count":2,"href":"http:\/\/www.denkfried.de\/wp\/index.php?rest_route=\/wp\/v2\/pages\/5983\/revisions"}],"predecessor-version":[{"id":5985,"href":"http:\/\/www.denkfried.de\/wp\/index.php?rest_route=\/wp\/v2\/pages\/5983\/revisions\/5985"}],"up":[{"embeddable":true,"href":"http:\/\/www.denkfried.de\/wp\/index.php?rest_route=\/wp\/v2\/pages\/5974"}],"wp:attachment":[{"href":"http:\/\/www.denkfried.de\/wp\/index.php?rest_route=%2Fwp%2Fv2%2Fmedia&parent=5983"}],"curies":[{"name":"wp","href":"https:\/\/api.w.org\/{rel}","templated":true}]}}