{"id":5970,"date":"2011-05-01T22:17:32","date_gmt":"2011-05-01T20:17:32","guid":{"rendered":"http:\/\/www.denkfried.de\/wp\/?page_id=5970"},"modified":"2011-05-01T22:17:32","modified_gmt":"2011-05-01T20:17:32","slug":"ackendorf-hohe-borde","status":"publish","type":"page","link":"http:\/\/www.denkfried.de\/wp\/?page_id=5970","title":{"rendered":"Ackendorf (Hohe B\u00f6rde)"},"content":{"rendered":"<p>&nbsp;<\/p>\n<p><strong>39343 Ackendorf (Hohe B\u00f6rde)<\/strong><\/p>\n<p>Ackendorf liegt s\u00fcdlich der Kreisstadt Haldensleben.<\/p>\n<hr \/>\n<p><strong>Kriegsgr\u00e4berst\u00e4tte<\/strong><br \/>\nAuf  dem Friedhof befinden sich Gr\u00e4ber von Kriegsgefangenen und  Zwangsarbeiter, die w\u00e4hrend des Zweiten Weltkrieges \u00fcberwiegend in der  Landwirtschaft eingesetzt waren.<\/p>\n<p>&nbsp;<\/p>\n","protected":false},"excerpt":{"rendered":"<p>&nbsp; 39343 Ackendorf (Hohe B\u00f6rde) Ackendorf liegt s\u00fcdlich der Kreisstadt Haldensleben. Kriegsgr\u00e4berst\u00e4tte Auf dem Friedhof befinden sich Gr\u00e4ber von Kriegsgefangenen und Zwangsarbeiter, die w\u00e4hrend des Zweiten Weltkrieges \u00fcberwiegend in der Landwirtschaft eingesetzt waren. &nbsp;<\/p>\n","protected":false},"author":2,"featured_media":0,"parent":5967,"menu_order":0,"comment_status":"closed","ping_status":"open","template":"","meta":{"footnotes":""},"class_list":["post-5970","page","type-page","status-publish","hentry"],"_links":{"self":[{"href":"http:\/\/www.denkfried.de\/wp\/index.php?rest_route=\/wp\/v2\/pages\/5970","targetHints":{"allow":["GET"]}}],"collection":[{"href":"http:\/\/www.denkfried.de\/wp\/index.php?rest_route=\/wp\/v2\/pages"}],"about":[{"href":"http:\/\/www.denkfried.de\/wp\/index.php?rest_route=\/wp\/v2\/types\/page"}],"author":[{"embeddable":true,"href":"http:\/\/www.denkfried.de\/wp\/index.php?rest_route=\/wp\/v2\/users\/2"}],"replies":[{"embeddable":true,"href":"http:\/\/www.denkfried.de\/wp\/index.php?rest_route=%2Fwp%2Fv2%2Fcomments&post=5970"}],"version-history":[{"count":3,"href":"http:\/\/www.denkfried.de\/wp\/index.php?rest_route=\/wp\/v2\/pages\/5970\/revisions"}],"predecessor-version":[{"id":5973,"href":"http:\/\/www.denkfried.de\/wp\/index.php?rest_route=\/wp\/v2\/pages\/5970\/revisions\/5973"}],"up":[{"embeddable":true,"href":"http:\/\/www.denkfried.de\/wp\/index.php?rest_route=\/wp\/v2\/pages\/5967"}],"wp:attachment":[{"href":"http:\/\/www.denkfried.de\/wp\/index.php?rest_route=%2Fwp%2Fv2%2Fmedia&parent=5970"}],"curies":[{"name":"wp","href":"https:\/\/api.w.org\/{rel}","templated":true}]}}