{"id":5964,"date":"2011-05-01T22:13:27","date_gmt":"2011-05-01T20:13:27","guid":{"rendered":"http:\/\/www.denkfried.de\/wp\/?page_id=5964"},"modified":"2011-05-01T22:13:27","modified_gmt":"2011-05-01T20:13:27","slug":"molauer-land-abtlobnitz","status":"publish","type":"page","link":"http:\/\/www.denkfried.de\/wp\/?page_id=5964","title":{"rendered":"Molauer Land-Abtl\u00f6bnitz"},"content":{"rendered":"<p>&nbsp;<\/p>\n<p><strong>06628 Molauer Land &#8211; OT Abtl\u00f6bnitz<\/strong><\/p>\n<p><strong>Kriegsgr\u00e4berst\u00e4tte<\/strong><br \/>\n1\u00a0 \u00a0= 1 Kriegstoter<\/p>\n<p><strong>DENKMAL<\/strong><br \/>\nKriegerdenkmal<\/p>\n<p>&nbsp;<\/p>\n","protected":false},"excerpt":{"rendered":"<p>&nbsp; 06628 Molauer Land &#8211; OT Abtl\u00f6bnitz Kriegsgr\u00e4berst\u00e4tte 1\u00a0 \u00a0= 1 Kriegstoter DENKMAL Kriegerdenkmal &nbsp;<\/p>\n","protected":false},"author":2,"featured_media":0,"parent":5958,"menu_order":0,"comment_status":"closed","ping_status":"open","template":"","meta":{"footnotes":""},"class_list":["post-5964","page","type-page","status-publish","hentry"],"_links":{"self":[{"href":"http:\/\/www.denkfried.de\/wp\/index.php?rest_route=\/wp\/v2\/pages\/5964","targetHints":{"allow":["GET"]}}],"collection":[{"href":"http:\/\/www.denkfried.de\/wp\/index.php?rest_route=\/wp\/v2\/pages"}],"about":[{"href":"http:\/\/www.denkfried.de\/wp\/index.php?rest_route=\/wp\/v2\/types\/page"}],"author":[{"embeddable":true,"href":"http:\/\/www.denkfried.de\/wp\/index.php?rest_route=\/wp\/v2\/users\/2"}],"replies":[{"embeddable":true,"href":"http:\/\/www.denkfried.de\/wp\/index.php?rest_route=%2Fwp%2Fv2%2Fcomments&post=5964"}],"version-history":[{"count":2,"href":"http:\/\/www.denkfried.de\/wp\/index.php?rest_route=\/wp\/v2\/pages\/5964\/revisions"}],"predecessor-version":[{"id":5966,"href":"http:\/\/www.denkfried.de\/wp\/index.php?rest_route=\/wp\/v2\/pages\/5964\/revisions\/5966"}],"up":[{"embeddable":true,"href":"http:\/\/www.denkfried.de\/wp\/index.php?rest_route=\/wp\/v2\/pages\/5958"}],"wp:attachment":[{"href":"http:\/\/www.denkfried.de\/wp\/index.php?rest_route=%2Fwp%2Fv2%2Fmedia&parent=5964"}],"curies":[{"name":"wp","href":"https:\/\/api.w.org\/{rel}","templated":true}]}}