{"id":5958,"date":"2011-05-01T22:06:50","date_gmt":"2011-05-01T20:06:50","guid":{"rendered":"http:\/\/www.denkfried.de\/wp\/?page_id=5958"},"modified":"2011-05-01T22:11:24","modified_gmt":"2011-05-01T20:11:24","slug":"molauer-land-u-ortsteile","status":"publish","type":"page","link":"http:\/\/www.denkfried.de\/wp\/?page_id=5958","title":{"rendered":"Molauer Land u.Ortsteile"},"content":{"rendered":"<p>&nbsp;<\/p>\n<p><strong>Molauer Land<\/strong><\/p>\n<p>Gemeinde  mit den Ortsteilen: Abtl\u00f6bnitz, Aue, Casekirchen, Crauschwitz,  Kleingestewitz, K\u00f6ckenitzsch, Leislau, Molau, Mollsch\u00fctz, Seidewitz,  Sieglitz<\/p>\n<p><strong>06618 Molau<\/strong><\/p>\n<p><strong>DENKMAL<\/strong><br \/>\nKriegerdenkmal des 1.und 2.Weltkrieges auf dem Friedhof in Molau<\/p>\n<hr \/>\n<p><strong>Kriegsgr\u00e4berst\u00e4tte<\/strong><br \/>\n2 Kriegsgr\u00e4berst\u00e4tten mit 2 Kriegstoten<\/p>\n<p>&nbsp;<\/p>\n","protected":false},"excerpt":{"rendered":"<p>&nbsp; Molauer Land Gemeinde mit den Ortsteilen: Abtl\u00f6bnitz, Aue, Casekirchen, Crauschwitz, Kleingestewitz, K\u00f6ckenitzsch, Leislau, Molau, Mollsch\u00fctz, Seidewitz, Sieglitz 06618 Molau DENKMAL Kriegerdenkmal des 1.und 2.Weltkrieges auf dem Friedhof in Molau Kriegsgr\u00e4berst\u00e4tte 2 Kriegsgr\u00e4berst\u00e4tten mit 2 Kriegstoten &nbsp;<\/p>\n","protected":false},"author":2,"featured_media":0,"parent":5955,"menu_order":0,"comment_status":"closed","ping_status":"open","template":"","meta":{"footnotes":""},"class_list":["post-5958","page","type-page","status-publish","hentry"],"_links":{"self":[{"href":"http:\/\/www.denkfried.de\/wp\/index.php?rest_route=\/wp\/v2\/pages\/5958","targetHints":{"allow":["GET"]}}],"collection":[{"href":"http:\/\/www.denkfried.de\/wp\/index.php?rest_route=\/wp\/v2\/pages"}],"about":[{"href":"http:\/\/www.denkfried.de\/wp\/index.php?rest_route=\/wp\/v2\/types\/page"}],"author":[{"embeddable":true,"href":"http:\/\/www.denkfried.de\/wp\/index.php?rest_route=\/wp\/v2\/users\/2"}],"replies":[{"embeddable":true,"href":"http:\/\/www.denkfried.de\/wp\/index.php?rest_route=%2Fwp%2Fv2%2Fcomments&post=5958"}],"version-history":[{"count":5,"href":"http:\/\/www.denkfried.de\/wp\/index.php?rest_route=\/wp\/v2\/pages\/5958\/revisions"}],"predecessor-version":[{"id":5962,"href":"http:\/\/www.denkfried.de\/wp\/index.php?rest_route=\/wp\/v2\/pages\/5958\/revisions\/5962"}],"up":[{"embeddable":true,"href":"http:\/\/www.denkfried.de\/wp\/index.php?rest_route=\/wp\/v2\/pages\/5955"}],"wp:attachment":[{"href":"http:\/\/www.denkfried.de\/wp\/index.php?rest_route=%2Fwp%2Fv2%2Fmedia&parent=5958"}],"curies":[{"name":"wp","href":"https:\/\/api.w.org\/{rel}","templated":true}]}}