{"id":5927,"date":"2011-05-01T21:45:47","date_gmt":"2011-05-01T19:45:47","guid":{"rendered":"http:\/\/www.denkfried.de\/wp\/?page_id=5927"},"modified":"2011-05-01T21:45:47","modified_gmt":"2011-05-01T19:45:47","slug":"kreisfreie-stadt-schwerin","status":"publish","type":"page","link":"http:\/\/www.denkfried.de\/wp\/?page_id=5927","title":{"rendered":"Kreisfreie Stadt: SCHWERIN"},"content":{"rendered":"<p>&nbsp;<\/p>\n<p style=\"text-align: justify;\"><strong>19053 Schwerin<\/strong><\/p>\n<p>Stadt gesamt\u00a0 \u00a0 \u00a0 \u00a06 Kriegsgr\u00e4berst\u00e4tten\u00a0 \u00a0 \u00a0 \u00a01.WK &#8211; 163\u00a0 \u00a0 \u00a0 \u00a0 \u00a0 \u00a0 \u00a02.Wk &#8211; 5.396<br \/>\nBestattete in Einzelgr\u00e4ber: 4.020\u00a0 \u00a0 \u00a0 \u00a0 \u00a0 \u00a0in Sammelgr\u00e4ber:\u00a0 \u00a0 1539\u00a0 \u00a0 \u00a0 \u00a0 \u00a0 Gesamt:\u00a0 5.559<\/p>\n<p>Alter  Friedhof Auf dem St\u00e4dtischen Friedhof am Obotritenring ruhen 1.585  gefallene und in Lazaretten verstorbene deutsche Soldaten.<br \/>\n2.171  Fl\u00fcchtlinge und 50 Tote verschiedener Nationalit\u00e4ten. In den 60er Jahren  wurden die meisten der Einzelgr\u00e4ber eingeebnet.Die Zahl der in zwei  Sammelgr\u00e4bern ruhenden sowjetischen Gefallenene ist nicht bekannt.<br \/>\n1999 wurde begonnen,die Gr\u00e4berfelder Zweiter Weltkrieg mit Namenstafeln und Hochkreuz zu versehen.<\/p>\n<p>Hier aus dem Reisebericht von Hubert:<br \/>\nNun  sind wir auf dem St\u00e4dtischen Friedhof am Obotritenring in Schwerin  Nr.20 angekommen.Hier ruhen aus dem Ersten Weltkrieg 165 gefallene  Soldaten.Sie sind in einem seperaten Gr\u00e4berfeld am Heideweg (siehe Plan  1.W.K.) angelegt. Wenn man am Haupteingang reinkommt und den &#8222;Alter  Eichenweg&#8220; entlang geht kommt man an dem Gr\u00e4berfeld f\u00fcr verschiedener  Nationalit\u00e4ten vorbei hier, steht eine Natursteinsteele\u00a0 zum Gedenken an  die hier ruhenden gefallenen Italiener.Diese Einzelgr\u00e4ber wurden leider  in den 60er Jahren eingeebnet. Die Zahl der in zwei Gr\u00e4berfelder  ruhenden sowjetischen Gefallenen ist nicht bekannt.Geht man in n\u00f6rdliche  Richtung kommt man an dem Gr\u00e4berfeld XIV a und XIV b an der Feldtor  Chausee angelegen vorbei.Natursteinplatten mit bis zu 6 Namen  kennzeichnen die Grablagen der hier ruhenden 2171 Fl\u00fcchtlinge und 50  verschiedener Nationen. 1585 gefallene und in Lazaretten verstorbene  deutsche Soldaten sind auch auf diesem Gr\u00e4berfeld zur letzten Ruhe  gebettet.Die Namensplatten hebten sich nur schemenhaft aus dem  tiefverschneiten Gr\u00e4berfeld ab.<\/p>\n<p>Bilder vom 16.2.2010<\/p>\n<p>Schwerin-Gro\u00dfer Dreesch<br \/>\nMahn-und Gedenkst\u00e4tte &#8222;Gr\u00fcnes Tal&#8220;.<br \/>\nan  dieser Stelle wurden im Jahre 1961 bei Erschlie\u00dfungsarbeiten  Massengr\u00e4ber mit den Gebeinen von 500 sowjetischen Kriegsgefangenen  gefunden, die w\u00e4hrend des Krieges im Stalag II\/E Schwerin und dessen  Nebenlager Stern-Buchholz infolge unmenschlicher Behandlung und an  Epidemien verstorben sind. Am 8.mai 1961 wurde dort ein Gedenkstein zur  Ehren der Toten des Stalag II\/E enth\u00fcllt. 1978 wurden an der Fundstelle  des massengrabes sechs Grabmalstelen des Crivitzer Bildhauers Wieland  Schmiedel errichtet. Vor dem mahnmal sind Sandsteinplatten in die Erde  eingelassen, die \u00fcber das Stalag II\/E informieren.<br \/>\nAm 7.Mai 1982  wurde die Mahn-und Gedenkst\u00e4tte mit einer Tosiwand und einer Bronzfigur  von Schmiedel vollendet. Die Mahn-und Gedenkst\u00e4tte ist von  \u00fcberregionaler Bedeutung.<br \/>\n(Quelle: Sow.Gr\u00e4berst\u00e4tten u.Ehrenmale in Ostdeutschland)<\/p>\n<p>Platz der Opfer des Faschismus<br \/>\nEhrenfriedhof  mit Ehrenmal. In dieser auf der Grundlage des SMAD-Befehls Nr.117 von  1946 entstandenen Gedenkanlage sind mehrere Hundert gefallene oder an  Verwundungen verstorbene Soldaten und Offiziere der Roten Armee sowie  B\u00fcrger der UdSSR beigesetzt, die w\u00e4hrend des Truppenaufhaltes in  Deutschland verstorben sind. Des weiteren wurde hierher eine gro\u00dfe Zahl  sowjetischer Zwangsarbeiter umgebettet, die in der Kriegszeit an  Entbehrungen und Mi\u00dfhandlungen verstorben sind. Das Denkmal &#8211; die  Bronzestatue eines trauernden Sowjetsoldaten &#8211; wurde von Gerhard Thieme  geschaffen.<br \/>\n(Quelle: Sow.Gr\u00e4berst\u00e4tten u.Ehrenmale in Ostdeutschland)<\/p>\n<p>Einige Denkmale und ihr Schicksal:<br \/>\nOtto von Bismarck &#8211; Bronzestandbild\u00a0 Altstadt, Markt\u00a0 \u00a0Einweihung 1.April 1901\u00a0 -nach dem 2.Weltkrieg entfernt u.verschrottet;<br \/>\nWilhelm Gustloff\u00a0 \u00a0 &#8211; Gedenkstein &#8211;\u00a0 \u00a0 Einweihung 1936\u00a0 \u00a0 \u00a0 \u00a0 -zerst\u00f6rt;<br \/>\nMarianne Grunthal geb.31.01.1896 ermordet 2.Mai 1945\u00a0 \u00a0&#8211; Gedenktafel\u00a0 &#8211;\u00a0 \u00a0 Einweihung 1956 u.Erneuerung 1995;<br \/>\nStolpersteine f\u00fcr Verfolgte des Naziregimes &#8211; Stadtgebiet, vor Wohnh\u00e4usern\u00a0 &#8211;\u00a0 Projekt seit 2006;<\/p>\n<p>Denkmal der Toten von 1848\/49\u00a0 &#8211; Monumentenberg im Haselholz &#8211; Einweihung 1853\u00a0 -zerst\u00f6rt-<br \/>\nDenkmal  der 1870\/71 in Gefangenschaft verstorbenen Franzosen\u00a0 &#8211;  Kathol.Friedhof, Wismarsche Stra\u00dfe &#8211; Einweihung 1872\u00a0 \u00a0 \u00a0-erhalten-;<br \/>\nKriegerdenkmal 1870\/71 des Mecklenburgischen J\u00e4gerbataillons Nr.14\u00a0 -Werdervorstadt-\u00a0 vom 2.12.1872 -zerst\u00f6rt-;<br \/>\nGedenkstein der 1.Kp. des Meckl.J\u00e4gerbataillons 14\u00a0 -Schelfwerder-\u00a0 \u00a0 \u00a0 von 1873\u00a0 -zerst\u00f6rt-;<br \/>\nGedenkstein der 2.Kp. des Meckl.J\u00e4gerbataillons Nr.14\u00a0 \u00a0-Schelfwerder-\u00a0 \u00a0 \u00a0 von 1873\u00a0 &#8211; stark besch\u00e4digt erhalten -;<br \/>\nGedenkstein der 3.Kp. des Meckl.J\u00e4gerbataillons Nr.14\u00a0 \u00a0-Schelfwerder-\u00a0 \u00a0 \u00a0 von 1872\u00a0 \u00a0&#8211; zerst\u00f6rt &#8211;<br \/>\nGedenkstein der 4.Kp. des Meckl.J\u00e4gerbataillons Nr.14\u00a0 \u00a0-Schelfwerder-\u00a0 \u00a0 \u00a0 von 1872\u00a0 \u00a0&#8211; zerst\u00f6rt &#8211;<br \/>\nSiegess\u00e4ule,  Kriegerdenkmal 1864, 1866, 1870\/71 des Landes Meckl.-Schwerin\u00a0 &#8211;  Altstadt, vor dem Schloss &#8211; von 1874\u00a0 \u00a0&#8211; erhalten -;<br \/>\nKriegerdenkmal 1914\/18 des Meckl.Grenadierregiments Nr.89\u00a0 \u00a0&#8211; im Schlo\u00dfgarten &#8211; 1948 abgerissen u.eingeschmolzen- ;<br \/>\nKriegerdenkmal 1914\/18 des Meckl.Feldartillerie-Regiments Nr.60\u00a0 &#8211; Schlo\u00dfgarten &#8211;\u00a0 von 1923 &#8211;\u00a0 nach 1945 zerst\u00f6rt-;<br \/>\nKriegerdenkmal 1914\/18 des Meckl.Landwehr-Inf.-Regt. Nr.76\u00a0 \u00a0 &#8211; Schlo\u00dfgarten &#8211; von 1923 &#8211;\u00a0 \u00a0 1949 abgerissen-;<br \/>\nKriegerdenkmal 1914\/18 des Meckl.J\u00e4gerbataillons Nr.17 -Werdervorstadt,alter Schelffriedhof &#8211;\u00a0 von 1923 &#8211;\u00a0 nach 1945 zerst\u00f6rt- ;<br \/>\nTrauernder Soldat &#8211; Soldatenfriedhof 1914\/18 (Alter Friedhof) &#8211;\u00a0 \u00a0 von 1927 &#8211;\u00a0 \u00a0erhalten &#8211; ;<br \/>\nK\u00e4mpfer der Roten Armee\u00a0 &#8211; Paulsstadt &#8211;\u00a0 \u00a0 \u00a0Bronzeplastik\u00a0 &#8211;\u00a0 von 1978 &#8211; ;<br \/>\nSowjetischer Ehrenfriedhof &#8211; Paulsstadt &#8211;\u00a0 \u00a0 Friedhof -;<\/p>\n","protected":false},"excerpt":{"rendered":"<p>&nbsp; 19053 Schwerin Stadt gesamt\u00a0 \u00a0 \u00a0 \u00a06 Kriegsgr\u00e4berst\u00e4tten\u00a0 \u00a0 \u00a0 \u00a01.WK &#8211; 163\u00a0 \u00a0 \u00a0 \u00a0 \u00a0 \u00a0 \u00a02.Wk &#8211; 5.396 Bestattete in Einzelgr\u00e4ber: 4.020\u00a0 \u00a0 \u00a0 \u00a0 \u00a0 \u00a0in Sammelgr\u00e4ber:\u00a0 \u00a0 1539\u00a0 \u00a0 \u00a0 \u00a0 \u00a0 Gesamt:\u00a0 5.559 &hellip; <a href=\"http:\/\/www.denkfried.de\/wp\/?page_id=5927\">Weiterlesen <span class=\"meta-nav\">&rarr;<\/span><\/a><\/p>\n","protected":false},"author":2,"featured_media":0,"parent":197,"menu_order":0,"comment_status":"closed","ping_status":"open","template":"","meta":{"footnotes":""},"class_list":["post-5927","page","type-page","status-publish","hentry"],"_links":{"self":[{"href":"http:\/\/www.denkfried.de\/wp\/index.php?rest_route=\/wp\/v2\/pages\/5927","targetHints":{"allow":["GET"]}}],"collection":[{"href":"http:\/\/www.denkfried.de\/wp\/index.php?rest_route=\/wp\/v2\/pages"}],"about":[{"href":"http:\/\/www.denkfried.de\/wp\/index.php?rest_route=\/wp\/v2\/types\/page"}],"author":[{"embeddable":true,"href":"http:\/\/www.denkfried.de\/wp\/index.php?rest_route=\/wp\/v2\/users\/2"}],"replies":[{"embeddable":true,"href":"http:\/\/www.denkfried.de\/wp\/index.php?rest_route=%2Fwp%2Fv2%2Fcomments&post=5927"}],"version-history":[{"count":2,"href":"http:\/\/www.denkfried.de\/wp\/index.php?rest_route=\/wp\/v2\/pages\/5927\/revisions"}],"predecessor-version":[{"id":5929,"href":"http:\/\/www.denkfried.de\/wp\/index.php?rest_route=\/wp\/v2\/pages\/5927\/revisions\/5929"}],"up":[{"embeddable":true,"href":"http:\/\/www.denkfried.de\/wp\/index.php?rest_route=\/wp\/v2\/pages\/197"}],"wp:attachment":[{"href":"http:\/\/www.denkfried.de\/wp\/index.php?rest_route=%2Fwp%2Fv2%2Fmedia&parent=5927"}],"curies":[{"name":"wp","href":"https:\/\/api.w.org\/{rel}","templated":true}]}}