{"id":5916,"date":"2011-05-01T21:40:22","date_gmt":"2011-05-01T19:40:22","guid":{"rendered":"http:\/\/www.denkfried.de\/wp\/?page_id=5916"},"modified":"2012-07-07T19:37:07","modified_gmt":"2012-07-07T17:37:07","slug":"kreisfreie-stadt-neubrandenburg","status":"publish","type":"page","link":"http:\/\/www.denkfried.de\/wp\/?page_id=5916","title":{"rendered":"NEUBRANDENBURG"},"content":{"rendered":"<p>&nbsp;<\/p>\n<p><span style=\"text-decoration: underline;\"><strong>17033 Neubrandenburg<\/strong><\/span><\/p>\n<p>Stadt gesamt: 8 Kriegsgr\u00e4berst\u00e4tten\u00a0 1.WK &#8211; 37\u00a0 \u00a0 \u00a0 \u00a0 \u00a0 \u00a0 \u00a02.WK &#8211; 6418<br \/>\nBestattete in Einzelgr\u00e4ber:\u00a0 874\u00a0 \u00a0 \u00a0 \u00a0 \u00a0 \u00a0in Sammelgr\u00e4ber: 5.581\u00a0 \u00a0 \u00a0 \u00a0 \u00a0 \u00a0Gesamt:\u00a0 6.455<\/p>\n<p>Deutscher Soldatenfriedhof:<br \/>\n1.Weltkrieg\u00a0 \u00a0 \u00a0 \u00a0 \u00a0 \u00a0&#8211; 140<br \/>\n2.Weltkrieg\u00a0 \u00a0 \u00a0 \u00a0 \u00a0 \u00a0&#8211; 903<\/p>\n<p>Lazarettfriedhof<br \/>\n2.Weltkrieg\u00a0 \u00a0 \u00a0 \u00a0 \u00a0 \u00a0&#8211; 55<\/p>\n<p>Neuer Friedhof, Woldegker Stra\u00dfe<br \/>\nSowjetischer Ehrenfriedhof mit Ehrenmal. Diese Anlage entstand 1958 durch Umbettungen von beseitigten Gr\u00e4berst\u00e4tten der Umgebung und wurde 1974 bis 1975 umgestaltet. Das Denkmal wurde von einem K\u00fcnstlerkollektiv unter Leitung von Arnd Wittig geschaffen. Hier fanden 362 Soldaten und Offiziere der Roten Armee ihre letzte Ruhest\u00e4tte, die in den Fr\u00fchjahrsk\u00e4mpfen 1945 gefallen oder in der Folgezeit ihren Kriegsverletzungen erlegen sind.<\/p>\n<p>*****************************************************************************<\/p>\n<p><strong>Gedenkorte in Neubrandenburg bis 1918<\/strong><\/p>\n<p>Grabanlage\u00a0 auf dem Neuen Friedhof\u00a0 &#8211; Soldatengr\u00e4ber 1.Weltkrieg<\/p>\n<p>Gedenkstein nordwestlich vor dem Jahn-Stadion &#8211; Erinnerung an tote Neubrandeburger Turnbr\u00fcder 1914-918<\/p>\n<p>Gedenkstein Bergstra\u00dfe &#8211; Erinnerung an Neubrandenburger Sch\u00fctzenzunft (1.WK-4 Soldaten)<\/p>\n<p>&nbsp;<\/p>\n<p><strong>Gedenkorte in Neubrandenburg 1933-1945<\/strong><\/p>\n<p>Synagogenplatz &#8211; Poststra\u00dfe\u00a0\u00a0\u00a0 Standort der zerst\u00f6rten Synagoge am 9.November 1938<\/p>\n<p>Neuer Friedhof &#8211; Soldatengr\u00e4ber<\/p>\n<p>Mahn-und Gedenkst\u00e4tte F\u00fcnfeichen &#8211; Grabanlage f\u00fcr ca.500 Tote\u00a0 der Alliierten<\/p>\n<p>6000 tote sowjetische Kriegsgefangene des Stammlagers IIA\u00a0 Offizierlager II E<\/p>\n<p>Lazarett Friedhof &#8211; Gel\u00e4nde der Panzerkaserne Grabanlage f\u00fcr 53 Tote des 2.WK<\/p>\n<p>Friedhof Tannenkrug, Am Gartenbau &#8211; Ruhest\u00e4tte von ca.200 an Typhus Verstorbenene nach Ende des Weltkrieges<\/p>\n<p>Ehrenmal f\u00fcr die Gefallenen der Roten Armee (Neuer Friedhof)\u00a0 Grabanlage f\u00fcr 261 Tote<\/p>\n<p>Soldatenfriedhof (Weitin)\u00a0 Gr\u00e4ber f\u00fcr 3 deutsche Soldaten<\/p>\n<p>Frauenehrenmal M\u00fchlendamm s\u00fcdl.Neuer Friedhof, Gr\u00e4berfeld f\u00fcr 100 Frauen des Au\u00dfenlagers des KZ Ravensbr\u00fcck<\/p>\n<p>&nbsp;<\/p>\n<p>&nbsp;<\/p>\n","protected":false},"excerpt":{"rendered":"<p>&nbsp; 17033 Neubrandenburg Stadt gesamt: 8 Kriegsgr\u00e4berst\u00e4tten\u00a0 1.WK &#8211; 37\u00a0 \u00a0 \u00a0 \u00a0 \u00a0 \u00a0 \u00a02.WK &#8211; 6418 Bestattete in Einzelgr\u00e4ber:\u00a0 874\u00a0 \u00a0 \u00a0 \u00a0 \u00a0 \u00a0in Sammelgr\u00e4ber: 5.581\u00a0 \u00a0 \u00a0 \u00a0 \u00a0 \u00a0Gesamt:\u00a0 6.455 Deutscher Soldatenfriedhof: 1.Weltkrieg\u00a0 \u00a0 \u00a0 &hellip; <a href=\"http:\/\/www.denkfried.de\/wp\/?page_id=5916\">Weiterlesen <span class=\"meta-nav\">&rarr;<\/span><\/a><\/p>\n","protected":false},"author":2,"featured_media":0,"parent":5717,"menu_order":0,"comment_status":"closed","ping_status":"open","template":"","meta":{"footnotes":""},"class_list":["post-5916","page","type-page","status-publish","hentry"],"_links":{"self":[{"href":"http:\/\/www.denkfried.de\/wp\/index.php?rest_route=\/wp\/v2\/pages\/5916","targetHints":{"allow":["GET"]}}],"collection":[{"href":"http:\/\/www.denkfried.de\/wp\/index.php?rest_route=\/wp\/v2\/pages"}],"about":[{"href":"http:\/\/www.denkfried.de\/wp\/index.php?rest_route=\/wp\/v2\/types\/page"}],"author":[{"embeddable":true,"href":"http:\/\/www.denkfried.de\/wp\/index.php?rest_route=\/wp\/v2\/users\/2"}],"replies":[{"embeddable":true,"href":"http:\/\/www.denkfried.de\/wp\/index.php?rest_route=%2Fwp%2Fv2%2Fcomments&post=5916"}],"version-history":[{"count":4,"href":"http:\/\/www.denkfried.de\/wp\/index.php?rest_route=\/wp\/v2\/pages\/5916\/revisions"}],"predecessor-version":[{"id":23360,"href":"http:\/\/www.denkfried.de\/wp\/index.php?rest_route=\/wp\/v2\/pages\/5916\/revisions\/23360"}],"up":[{"embeddable":true,"href":"http:\/\/www.denkfried.de\/wp\/index.php?rest_route=\/wp\/v2\/pages\/5717"}],"wp:attachment":[{"href":"http:\/\/www.denkfried.de\/wp\/index.php?rest_route=%2Fwp%2Fv2%2Fmedia&parent=5916"}],"curies":[{"name":"wp","href":"https:\/\/api.w.org\/{rel}","templated":true}]}}