{"id":5908,"date":"2011-05-01T21:38:44","date_gmt":"2011-05-01T19:38:44","guid":{"rendered":"http:\/\/www.denkfried.de\/wp\/?page_id=5908"},"modified":"2012-07-07T21:27:11","modified_gmt":"2012-07-07T19:27:11","slug":"greifswald-russ-fh","status":"publish","type":"page","link":"http:\/\/www.denkfried.de\/wp\/?page_id=5908","title":{"rendered":"Greifswald (Russ.FH)"},"content":{"rendered":"<p>&nbsp;<\/p>\n<p><span style=\"text-decoration: underline;\"><strong>17487 Hansestadt Greifswald<\/strong><\/span><\/p>\n<p><strong>Russischer Soldatenfriedhof<\/strong><\/p>\n<p>Der besuchte russische Soldatenfriedhof in 17489 Greifswald (Vorpommern) also in Mecklenburg-Vorpommern befindet sich im Stadtzentrum<br \/>\nEcke Bahnhofstra\u00dfe &#8211; Fleischerstra\u00dfe und war w\u00e4hrend meines Besuches am 30.5.07 sauber und gepflegt. Greifswald wurde, soviel ich wei\u00df,<br \/>\nam 30.4.1945 durch den Stadtkommandanten Oberst Rudolf Petershagen kampflos an die Rote Armee \u00fcbergeben, so dass hier keine Kriegszerst\u00f6rungen<br \/>\nzu verzeichnen waren.(Text und Bilder vom Werner (Adrian).<br \/>\nHier dazu paar Bilder,werde die einzelnen Bilder und Namen \u00fcbersetzen und unter Index 2.Weltkrieg reinposten.<br \/>\nDanke Werner da\u00df Du Deine Bilder hier zur Verf\u00fcgung stellst!<\/p>\n<div id='gallery-1' class='gallery galleryid-5908 gallery-columns-3 gallery-size-thumbnail'><dl class='gallery-item'>\n\t\t\t<dt class='gallery-icon landscape'>\n\t\t\t\t<a href='http:\/\/www.denkfried.de\/wp\/?attachment_id=5910'><img loading=\"lazy\" decoding=\"async\" width=\"150\" height=\"150\" src=\"http:\/\/www.denkfried.de\/wp\/wp-content\/uploads\/2011\/05\/1-150x150.jpg\" class=\"attachment-thumbnail size-thumbnail\" alt=\"\" \/><\/a>\n\t\t\t<\/dt><\/dl><dl class='gallery-item'>\n\t\t\t<dt class='gallery-icon landscape'>\n\t\t\t\t<a href='http:\/\/www.denkfried.de\/wp\/?attachment_id=5911'><img loading=\"lazy\" decoding=\"async\" width=\"150\" height=\"150\" src=\"http:\/\/www.denkfried.de\/wp\/wp-content\/uploads\/2011\/05\/2-150x150.jpg\" class=\"attachment-thumbnail size-thumbnail\" alt=\"\" \/><\/a>\n\t\t\t<\/dt><\/dl><dl class='gallery-item'>\n\t\t\t<dt class='gallery-icon portrait'>\n\t\t\t\t<a href='http:\/\/www.denkfried.de\/wp\/?attachment_id=5912'><img loading=\"lazy\" decoding=\"async\" width=\"150\" height=\"150\" src=\"http:\/\/www.denkfried.de\/wp\/wp-content\/uploads\/2011\/05\/3-150x150.jpg\" class=\"attachment-thumbnail size-thumbnail\" alt=\"\" \/><\/a>\n\t\t\t<\/dt><\/dl><br style=\"clear: both\" \/><dl class='gallery-item'>\n\t\t\t<dt class='gallery-icon landscape'>\n\t\t\t\t<a href='http:\/\/www.denkfried.de\/wp\/?attachment_id=5913'><img loading=\"lazy\" decoding=\"async\" width=\"150\" height=\"150\" src=\"http:\/\/www.denkfried.de\/wp\/wp-content\/uploads\/2011\/05\/4-150x150.jpg\" class=\"attachment-thumbnail size-thumbnail\" alt=\"\" \/><\/a>\n\t\t\t<\/dt><\/dl><dl class='gallery-item'>\n\t\t\t<dt class='gallery-icon landscape'>\n\t\t\t\t<a href='http:\/\/www.denkfried.de\/wp\/?attachment_id=5909'><img loading=\"lazy\" decoding=\"async\" width=\"150\" height=\"150\" src=\"http:\/\/www.denkfried.de\/wp\/wp-content\/uploads\/2011\/05\/5-150x150.jpg\" class=\"attachment-thumbnail size-thumbnail\" alt=\"\" \/><\/a>\n\t\t\t<\/dt><\/dl>\n\t\t\t<br style='clear: both' \/>\n\t\t<\/div>\n\n","protected":false},"excerpt":{"rendered":"<p>&nbsp; 17487 Hansestadt Greifswald Russischer Soldatenfriedhof Der besuchte russische Soldatenfriedhof in 17489 Greifswald (Vorpommern) also in Mecklenburg-Vorpommern befindet sich im Stadtzentrum Ecke Bahnhofstra\u00dfe &#8211; Fleischerstra\u00dfe und war w\u00e4hrend meines Besuches am 30.5.07 sauber und gepflegt. Greifswald wurde, soviel ich wei\u00df, &hellip; <a href=\"http:\/\/www.denkfried.de\/wp\/?page_id=5908\">Weiterlesen <span class=\"meta-nav\">&rarr;<\/span><\/a><\/p>\n","protected":false},"author":2,"featured_media":0,"parent":5904,"menu_order":0,"comment_status":"closed","ping_status":"open","template":"","meta":{"footnotes":""},"class_list":["post-5908","page","type-page","status-publish","hentry"],"_links":{"self":[{"href":"http:\/\/www.denkfried.de\/wp\/index.php?rest_route=\/wp\/v2\/pages\/5908","targetHints":{"allow":["GET"]}}],"collection":[{"href":"http:\/\/www.denkfried.de\/wp\/index.php?rest_route=\/wp\/v2\/pages"}],"about":[{"href":"http:\/\/www.denkfried.de\/wp\/index.php?rest_route=\/wp\/v2\/types\/page"}],"author":[{"embeddable":true,"href":"http:\/\/www.denkfried.de\/wp\/index.php?rest_route=\/wp\/v2\/users\/2"}],"replies":[{"embeddable":true,"href":"http:\/\/www.denkfried.de\/wp\/index.php?rest_route=%2Fwp%2Fv2%2Fcomments&post=5908"}],"version-history":[{"count":3,"href":"http:\/\/www.denkfried.de\/wp\/index.php?rest_route=\/wp\/v2\/pages\/5908\/revisions"}],"predecessor-version":[{"id":23404,"href":"http:\/\/www.denkfried.de\/wp\/index.php?rest_route=\/wp\/v2\/pages\/5908\/revisions\/23404"}],"up":[{"embeddable":true,"href":"http:\/\/www.denkfried.de\/wp\/index.php?rest_route=\/wp\/v2\/pages\/5904"}],"wp:attachment":[{"href":"http:\/\/www.denkfried.de\/wp\/index.php?rest_route=%2Fwp%2Fv2%2Fmedia&parent=5908"}],"curies":[{"name":"wp","href":"https:\/\/api.w.org\/{rel}","templated":true}]}}