{"id":5845,"date":"2011-05-01T20:35:37","date_gmt":"2011-05-01T18:35:37","guid":{"rendered":"http:\/\/www.denkfried.de\/wp\/?page_id=5845"},"modified":"2011-05-01T20:35:37","modified_gmt":"2011-05-01T18:35:37","slug":"lubow","status":"publish","type":"page","link":"http:\/\/www.denkfried.de\/wp\/?page_id=5845","title":{"rendered":"L\u00fcbow"},"content":{"rendered":"<p>&nbsp;<\/p>\n<p><strong>23972 L\u00fcbow<\/strong><\/p>\n<p><strong>DENKMAL<\/strong><\/p>\n<p>Reisebericht und Fotos von Zirkulon:<br \/>\nSonntag den 13.7 2008<br \/>\nWir  hatten vor ein paar Tagen beschlossen uns einmal in Ludwigslust nach  Friedh\u00f6fen umzusehen, d.h. Ronny kam Anfang der letzten Woche auf mich  zu und fragte ob ich Lust h\u00e4tte mal dort suchen zu gehen. War nat\u00fcrlich  klar dass ich nicht nein sagte. Geplante Abfahrtszeit war so gegen 12:30  Uhr, wie \u00fcblich wurde es etwas sp\u00e4ter, rund eine Stunde sp\u00e4ter waren  wir dann unterwegs. Bereits kurz hinter Wismar, in L\u00fcbow, wurde das  erste Denkmal, es war eines was an den Ersten Weltkrieg  erinnert,fotografiert. Eigentlich sollten hier zwei St\u00fcck sein, nachher  fiel uns jedoch auf dass wir zwar eine Liste der Denkmale des  Ludwigsluster Bereiches zur Verf\u00fcgung haben, jedoch nicht f\u00fcr die  Umgebung von Wismar. Also nur eines hier im Ort.<\/p>\n<p>Die Bilder vom Denkmal in L\u00fcbow<\/p>\n","protected":false},"excerpt":{"rendered":"<p>&nbsp; 23972 L\u00fcbow DENKMAL Reisebericht und Fotos von Zirkulon: Sonntag den 13.7 2008 Wir hatten vor ein paar Tagen beschlossen uns einmal in Ludwigslust nach Friedh\u00f6fen umzusehen, d.h. Ronny kam Anfang der letzten Woche auf mich zu und fragte ob &hellip; <a href=\"http:\/\/www.denkfried.de\/wp\/?page_id=5845\">Weiterlesen <span class=\"meta-nav\">&rarr;<\/span><\/a><\/p>\n","protected":false},"author":2,"featured_media":0,"parent":5823,"menu_order":0,"comment_status":"closed","ping_status":"open","template":"","meta":{"footnotes":""},"class_list":["post-5845","page","type-page","status-publish","hentry"],"_links":{"self":[{"href":"http:\/\/www.denkfried.de\/wp\/index.php?rest_route=\/wp\/v2\/pages\/5845","targetHints":{"allow":["GET"]}}],"collection":[{"href":"http:\/\/www.denkfried.de\/wp\/index.php?rest_route=\/wp\/v2\/pages"}],"about":[{"href":"http:\/\/www.denkfried.de\/wp\/index.php?rest_route=\/wp\/v2\/types\/page"}],"author":[{"embeddable":true,"href":"http:\/\/www.denkfried.de\/wp\/index.php?rest_route=\/wp\/v2\/users\/2"}],"replies":[{"embeddable":true,"href":"http:\/\/www.denkfried.de\/wp\/index.php?rest_route=%2Fwp%2Fv2%2Fcomments&post=5845"}],"version-history":[{"count":2,"href":"http:\/\/www.denkfried.de\/wp\/index.php?rest_route=\/wp\/v2\/pages\/5845\/revisions"}],"predecessor-version":[{"id":5847,"href":"http:\/\/www.denkfried.de\/wp\/index.php?rest_route=\/wp\/v2\/pages\/5845\/revisions\/5847"}],"up":[{"embeddable":true,"href":"http:\/\/www.denkfried.de\/wp\/index.php?rest_route=\/wp\/v2\/pages\/5823"}],"wp:attachment":[{"href":"http:\/\/www.denkfried.de\/wp\/index.php?rest_route=%2Fwp%2Fv2%2Fmedia&parent=5845"}],"curies":[{"name":"wp","href":"https:\/\/api.w.org\/{rel}","templated":true}]}}