{"id":5832,"date":"2011-05-01T20:30:06","date_gmt":"2011-05-01T18:30:06","guid":{"rendered":"http:\/\/www.denkfried.de\/wp\/?page_id=5832"},"modified":"2011-05-01T20:30:06","modified_gmt":"2011-05-01T18:30:06","slug":"gadebusch-kgst","status":"publish","type":"page","link":"http:\/\/www.denkfried.de\/wp\/?page_id=5832","title":{"rendered":"Gadebusch (KGST)"},"content":{"rendered":"<p>&nbsp;<\/p>\n<p><strong>19205 Gadebusch<\/strong><\/p>\n<p>Kriegsgr\u00e4berst\u00e4tte<br \/>\nFriedhof, Jarmstorfer Stra\u00dfe<\/p>\n<p>Grabst\u00e4tte  auf dem Friedhof f\u00fcr 6 namentlich bekannte polnische Zwangsarbeiter und  einem unbekannten polnischen Kriegsgefangenen.<\/p>\n<p>Aus dem Reisebericht von Hubert:<br \/>\nNun  besuchen wir auf dem Friedhof in Gadebusch die Kriegsgr\u00e4berst\u00e4tte f\u00fcr  29 Kriegstote des 2.W.K.Gadebusch liegt etwa 25 km Nord\u00f6stlich von  Schwerin an der B 104.Am oberen Ende des Zivilfriedhofs wurde ein  Gr\u00e4berfeld f\u00fcr die Kriegstoten angelegt ,auf deren Mittelpunkt ein  Hochkreuz aus Naturstein zum Gedenken aufgestellt wurde.Die Gr\u00e4ber  wurden mit Natursteinplatten gekenzeichnet die mit viel Schnee bedekt  waren und sich erh\u00f6ht abzeichnen.Das Gr\u00e4berfeld wird durch eine niedrige  Buschhecke begrenzt.Eine Namensplatte haben wir freilegen k\u00f6nnen.<\/p>\n<div id='gallery-1' class='gallery galleryid-5832 gallery-columns-3 gallery-size-thumbnail'><dl class='gallery-item'>\n\t\t\t<dt class='gallery-icon landscape'>\n\t\t\t\t<a href='http:\/\/www.denkfried.de\/wp\/?attachment_id=5834'><img loading=\"lazy\" decoding=\"async\" width=\"150\" height=\"150\" src=\"http:\/\/www.denkfried.de\/wp\/wp-content\/uploads\/2011\/05\/Kriegsgr\u00e4berst\u00e4tte-Gadebusch-01-150x150.jpg\" class=\"attachment-thumbnail size-thumbnail\" alt=\"\" \/><\/a>\n\t\t\t<\/dt><\/dl><dl class='gallery-item'>\n\t\t\t<dt class='gallery-icon landscape'>\n\t\t\t\t<a href='http:\/\/www.denkfried.de\/wp\/?attachment_id=5835'><img loading=\"lazy\" decoding=\"async\" width=\"150\" height=\"150\" src=\"http:\/\/www.denkfried.de\/wp\/wp-content\/uploads\/2011\/05\/Kriegsgr\u00e4berst\u00e4tte-Gadebusch-02-150x150.jpg\" class=\"attachment-thumbnail size-thumbnail\" alt=\"\" \/><\/a>\n\t\t\t<\/dt><\/dl><dl class='gallery-item'>\n\t\t\t<dt class='gallery-icon landscape'>\n\t\t\t\t<a href='http:\/\/www.denkfried.de\/wp\/?attachment_id=5833'><img loading=\"lazy\" decoding=\"async\" width=\"150\" height=\"150\" src=\"http:\/\/www.denkfried.de\/wp\/wp-content\/uploads\/2011\/05\/Kriegsgr\u00e4berst\u00e4tte-Gadebusch-03-150x150.jpg\" class=\"attachment-thumbnail size-thumbnail\" alt=\"\" \/><\/a>\n\t\t\t<\/dt><\/dl><br style=\"clear: both\" \/>\n\t\t<\/div>\n\n","protected":false},"excerpt":{"rendered":"<p>&nbsp; 19205 Gadebusch Kriegsgr\u00e4berst\u00e4tte Friedhof, Jarmstorfer Stra\u00dfe Grabst\u00e4tte auf dem Friedhof f\u00fcr 6 namentlich bekannte polnische Zwangsarbeiter und einem unbekannten polnischen Kriegsgefangenen. Aus dem Reisebericht von Hubert: Nun besuchen wir auf dem Friedhof in Gadebusch die Kriegsgr\u00e4berst\u00e4tte f\u00fcr 29 Kriegstote &hellip; <a href=\"http:\/\/www.denkfried.de\/wp\/?page_id=5832\">Weiterlesen <span class=\"meta-nav\">&rarr;<\/span><\/a><\/p>\n","protected":false},"author":2,"featured_media":0,"parent":5823,"menu_order":0,"comment_status":"closed","ping_status":"open","template":"","meta":{"footnotes":""},"class_list":["post-5832","page","type-page","status-publish","hentry"],"_links":{"self":[{"href":"http:\/\/www.denkfried.de\/wp\/index.php?rest_route=\/wp\/v2\/pages\/5832","targetHints":{"allow":["GET"]}}],"collection":[{"href":"http:\/\/www.denkfried.de\/wp\/index.php?rest_route=\/wp\/v2\/pages"}],"about":[{"href":"http:\/\/www.denkfried.de\/wp\/index.php?rest_route=\/wp\/v2\/types\/page"}],"author":[{"embeddable":true,"href":"http:\/\/www.denkfried.de\/wp\/index.php?rest_route=\/wp\/v2\/users\/2"}],"replies":[{"embeddable":true,"href":"http:\/\/www.denkfried.de\/wp\/index.php?rest_route=%2Fwp%2Fv2%2Fcomments&post=5832"}],"version-history":[{"count":2,"href":"http:\/\/www.denkfried.de\/wp\/index.php?rest_route=\/wp\/v2\/pages\/5832\/revisions"}],"predecessor-version":[{"id":5837,"href":"http:\/\/www.denkfried.de\/wp\/index.php?rest_route=\/wp\/v2\/pages\/5832\/revisions\/5837"}],"up":[{"embeddable":true,"href":"http:\/\/www.denkfried.de\/wp\/index.php?rest_route=\/wp\/v2\/pages\/5823"}],"wp:attachment":[{"href":"http:\/\/www.denkfried.de\/wp\/index.php?rest_route=%2Fwp%2Fv2%2Fmedia&parent=5832"}],"curies":[{"name":"wp","href":"https:\/\/api.w.org\/{rel}","templated":true}]}}